{"id":54359,"date":"2025-05-23T08:42:59","date_gmt":"2025-05-23T06:42:59","guid":{"rendered":"https:\/\/sundar.be\/product\/spatules-a-cire-visage-sibel-small-50-pieces\/"},"modified":"2025-08-04T09:57:46","modified_gmt":"2025-08-04T07:57:46","slug":"spatules-a-cire-visage-sibel-small-50-pieces","status":"publish","type":"product","link":"https:\/\/sundar.be\/fr\/produit\/spatules-a-cire-visage-sibel-small-50-pieces\/","title":{"rendered":"Spatules \u00e0 cire visage Sibel \u2013 Small, 50 pi\u00e8ces"},"content":{"rendered":"<p>Sachet de 50 spatules jetables de 11,3 cm. Id\u00e9ales pour l&rsquo;\u00e9pilation du visage. <\/p>\n<p>113 X 10 X 2MM<\/p>\n","protected":false},"excerpt":{"rendered":"<p>Sachet de 50 spatules jetables de 11,3 cm. Id\u00e9ales pour l&rsquo;\u00e9pilation du visage. 113 X 10 X 2MM<\/p>\n","protected":false},"featured_media":51954,"comment_status":"open","ping_status":"closed","template":"","meta":{"_acf_changed":false},"product_brand":[],"product_cat":[4767,1584,4602],"product_tag":[],"class_list":{"0":"post-54359","1":"product","2":"type-product","3":"status-publish","4":"has-post-thumbnail","6":"product_cat-beaute","7":"product_cat-depilation","8":"product_cat-spatules-pinceaux","10":"first","11":"instock","12":"taxable","13":"shipping-taxable","14":"product-type-simple"},"acf":[],"_links":{"self":[{"href":"https:\/\/sundar.be\/fr\/wp-json\/wp\/v2\/product\/54359","targetHints":{"allow":["GET"]}}],"collection":[{"href":"https:\/\/sundar.be\/fr\/wp-json\/wp\/v2\/product"}],"about":[{"href":"https:\/\/sundar.be\/fr\/wp-json\/wp\/v2\/types\/product"}],"replies":[{"embeddable":true,"href":"https:\/\/sundar.be\/fr\/wp-json\/wp\/v2\/comments?post=54359"}],"wp:featuredmedia":[{"embeddable":true,"href":"https:\/\/sundar.be\/fr\/wp-json\/wp\/v2\/media\/51954"}],"wp:attachment":[{"href":"https:\/\/sundar.be\/fr\/wp-json\/wp\/v2\/media?parent=54359"}],"wp:term":[{"taxonomy":"product_brand","embeddable":true,"href":"https:\/\/sundar.be\/fr\/wp-json\/wp\/v2\/product_brand?post=54359"},{"taxonomy":"product_cat","embeddable":true,"href":"https:\/\/sundar.be\/fr\/wp-json\/wp\/v2\/product_cat?post=54359"},{"taxonomy":"product_tag","embeddable":true,"href":"https:\/\/sundar.be\/fr\/wp-json\/wp\/v2\/product_tag?post=54359"}],"curies":[{"name":"wp","href":"https:\/\/api.w.org\/{rel}","templated":true}]}}