{"id":54356,"date":"2025-05-30T08:48:37","date_gmt":"2025-05-30T06:48:37","guid":{"rendered":"https:\/\/sundar.be\/product\/sibel-table-de-manucure-avec-bloc-tiroir\/"},"modified":"2025-08-04T09:52:31","modified_gmt":"2025-08-04T07:52:31","slug":"sibel-table-de-manucure-avec-bloc-tiroir","status":"publish","type":"product","link":"https:\/\/sundar.be\/fr\/produit\/sibel-table-de-manucure-avec-bloc-tiroir\/","title":{"rendered":"Sibel Table de Manucure avec Bloc-Tiroir"},"content":{"rendered":"<p>La table de manucure Sibel avec bloc-tiroirs est une table simple mais pratique, id\u00e9ale pour chaque styliste ongulaire. Ce meuble est indispensable dans tout salon de manucure. Vous souhaitez, vous aussi, avoir tous vos accessoires \u00e0 port\u00e9e de main, rapidement et facilement ? La table de manucure Sibel est \u00e9quip\u00e9e d\u2019un bloc-tiroirs int\u00e9gr\u00e9, parfait pour ranger tous vos indispensables et y acc\u00e9der imm\u00e9diatement.   <\/p>\n<ul>\n<li>Table professionnelle pour chaque styliste ongulaire<\/li>\n<li>Design blanc \u00e9l\u00e9gant et \u00e9pur\u00e9<\/li>\n<li>Bloc-tiroirs int\u00e9gr\u00e9<\/li>\n<li>Dimensions : 93 x 98 x 74 cm (L x l x H)<\/li>\n<li>Inclut une lampe et un bloc-tiroirs<\/li>\n<\/ul>\n","protected":false},"excerpt":{"rendered":"<p>La table de manucure Sibel avec bloc-tiroirs est une table simple mais pratique, id\u00e9ale pour chaque styliste ongulaire. Ce meuble est indispensable dans tout salon de manucure. Vous souhaitez, vous aussi, avoir tous vos accessoires \u00e0 port\u00e9e de main, rapidement et facilement ? La table de manucure Sibel est \u00e9quip\u00e9e d\u2019un bloc-tiroirs int\u00e9gr\u00e9, parfait pour [&hellip;]<\/p>\n","protected":false},"featured_media":53770,"comment_status":"open","ping_status":"closed","template":"","meta":{"_acf_changed":false},"product_brand":[],"product_cat":[4945,4784,5967],"product_tag":[],"class_list":{"0":"post-54356","1":"product","2":"type-product","3":"status-publish","4":"has-post-thumbnail","6":"product_cat-amenagement-institut-webshop-fr","7":"product_cat-amenagement-mobilier","8":"product_cat-tables-manucure","10":"first","11":"instock","12":"taxable","13":"shipping-taxable","14":"product-type-simple"},"acf":[],"_links":{"self":[{"href":"https:\/\/sundar.be\/fr\/wp-json\/wp\/v2\/product\/54356","targetHints":{"allow":["GET"]}}],"collection":[{"href":"https:\/\/sundar.be\/fr\/wp-json\/wp\/v2\/product"}],"about":[{"href":"https:\/\/sundar.be\/fr\/wp-json\/wp\/v2\/types\/product"}],"replies":[{"embeddable":true,"href":"https:\/\/sundar.be\/fr\/wp-json\/wp\/v2\/comments?post=54356"}],"wp:featuredmedia":[{"embeddable":true,"href":"https:\/\/sundar.be\/fr\/wp-json\/wp\/v2\/media\/53770"}],"wp:attachment":[{"href":"https:\/\/sundar.be\/fr\/wp-json\/wp\/v2\/media?parent=54356"}],"wp:term":[{"taxonomy":"product_brand","embeddable":true,"href":"https:\/\/sundar.be\/fr\/wp-json\/wp\/v2\/product_brand?post=54356"},{"taxonomy":"product_cat","embeddable":true,"href":"https:\/\/sundar.be\/fr\/wp-json\/wp\/v2\/product_cat?post=54356"},{"taxonomy":"product_tag","embeddable":true,"href":"https:\/\/sundar.be\/fr\/wp-json\/wp\/v2\/product_tag?post=54356"}],"curies":[{"name":"wp","href":"https:\/\/api.w.org\/{rel}","templated":true}]}}