{"id":54355,"date":"2025-05-30T08:51:15","date_gmt":"2025-05-30T06:51:15","guid":{"rendered":"https:\/\/sundar.be\/product\/sibel-table-de-manucure-margot-avec-aspirateur-integre-et-bloc-tiroirs-blanc\/"},"modified":"2025-08-04T09:48:51","modified_gmt":"2025-08-04T07:48:51","slug":"sibel-table-de-manucure-margot-avec-aspirateur-integre-et-bloc-tiroirs-blanc","status":"publish","type":"product","link":"https:\/\/sundar.be\/fr\/produit\/sibel-table-de-manucure-margot-avec-aspirateur-integre-et-bloc-tiroirs-blanc\/","title":{"rendered":"Sibel Table de Manucure Margot avec Aspirateur Integr\u00e9 et Bloc-Tiroirs Blanc"},"content":{"rendered":"<p>La table de manucure Sibel Margot avec aspirateur int\u00e9gr\u00e9 et bloc-tiroirs, en blanc, est une table professionnelle con\u00e7ue pour les stylistes ongulaires. Cette table esth\u00e9tique et \u00e9pur\u00e9e s\u2019int\u00e8gre parfaitement dans tout type de salon. Elle est \u00e9quip\u00e9e d\u2019un aspirateur int\u00e9gr\u00e9 offrant une aspiration optimale des poussi\u00e8res g\u00e9n\u00e9r\u00e9es, par exemple, lors du limage des ongles. L\u2019aspirateur a une puissance de 30 watts et permet de garder la surface de travail propre pour des r\u00e9sultats professionnels. Sur le c\u00f4t\u00e9 gauche se trouve un bloc-tiroirs int\u00e9gr\u00e9, id\u00e9al pour garder tous les outils et produits n\u00e9cessaires \u00e0 port\u00e9e de main. Avec la table Margot de Sibel, vous travaillez efficacement et de mani\u00e8re professionnelle. La table est livr\u00e9e avec une lampe, un coussin repose-main et un plateau de pr\u00e9sentation. Elle mesure 74 cm de hauteur, 48 cm de largeur et 93 cm de longueur. L\u2019espace de 50 cm entre le bloc-tiroirs et le pied est suffisamment large pour accueillir une chaise confortablement.        <\/p>\n","protected":false},"excerpt":{"rendered":"<p>Table de manucure avec aspirateur int\u00e9gr\u00e9 et bloc-tiroirs. Coussin, lampe et plateau inclus. <\/p>\n","protected":false},"featured_media":53773,"comment_status":"open","ping_status":"closed","template":"","meta":{"_acf_changed":false},"product_brand":[],"product_cat":[4945,4784,5967],"product_tag":[],"class_list":{"0":"post-54355","1":"product","2":"type-product","3":"status-publish","4":"has-post-thumbnail","6":"product_cat-amenagement-institut-webshop-fr","7":"product_cat-amenagement-mobilier","8":"product_cat-tables-manucure","10":"first","11":"instock","12":"taxable","13":"shipping-taxable","14":"product-type-simple"},"acf":[],"_links":{"self":[{"href":"https:\/\/sundar.be\/fr\/wp-json\/wp\/v2\/product\/54355","targetHints":{"allow":["GET"]}}],"collection":[{"href":"https:\/\/sundar.be\/fr\/wp-json\/wp\/v2\/product"}],"about":[{"href":"https:\/\/sundar.be\/fr\/wp-json\/wp\/v2\/types\/product"}],"replies":[{"embeddable":true,"href":"https:\/\/sundar.be\/fr\/wp-json\/wp\/v2\/comments?post=54355"}],"wp:featuredmedia":[{"embeddable":true,"href":"https:\/\/sundar.be\/fr\/wp-json\/wp\/v2\/media\/53773"}],"wp:attachment":[{"href":"https:\/\/sundar.be\/fr\/wp-json\/wp\/v2\/media?parent=54355"}],"wp:term":[{"taxonomy":"product_brand","embeddable":true,"href":"https:\/\/sundar.be\/fr\/wp-json\/wp\/v2\/product_brand?post=54355"},{"taxonomy":"product_cat","embeddable":true,"href":"https:\/\/sundar.be\/fr\/wp-json\/wp\/v2\/product_cat?post=54355"},{"taxonomy":"product_tag","embeddable":true,"href":"https:\/\/sundar.be\/fr\/wp-json\/wp\/v2\/product_tag?post=54355"}],"curies":[{"name":"wp","href":"https:\/\/api.w.org\/{rel}","templated":true}]}}