{"id":54354,"date":"2025-05-30T08:53:35","date_gmt":"2025-05-30T06:53:35","guid":{"rendered":"https:\/\/sundar.be\/product\/sibel-table-de-manucure-amelie-sur-roulettes-avec-aspirateur-integre\/"},"modified":"2025-08-04T09:39:05","modified_gmt":"2025-08-04T07:39:05","slug":"sibel-table-de-manucure-amelie-sur-roulettes-avec-aspirateur-integre","status":"publish","type":"product","link":"https:\/\/sundar.be\/fr\/produit\/sibel-table-de-manucure-amelie-sur-roulettes-avec-aspirateur-integre\/","title":{"rendered":"Sibel Table de Manucure Amelie sur Roulettes avec Aspirateur Int\u00e9gr\u00e9"},"content":{"rendered":"<p>La table de manucure Sibel Amelie sur roulettes avec aspirateur int\u00e9gr\u00e9, en blanc, est une table professionnelle haut de gamme destin\u00e9e aux stylistes ongulaires. Elle pr\u00e9sente un design \u00e9pur\u00e9 avec un plateau en verre tremp\u00e9. Ce plateau est \u00e9quip\u00e9 d\u2019un syst\u00e8me d\u2019aspiration int\u00e9gr\u00e9, permettant de travailler de mani\u00e8re propre et professionnelle. Lors des soins de manucure, comme le limage des ongles, une grande quantit\u00e9 de poussi\u00e8re peut se d\u00e9gager. L\u2019aspirateur int\u00e9gr\u00e9 maintient la surface de travail propre et sans poussi\u00e8re. La table dispose de deux blocs-tiroirs int\u00e9gr\u00e9s offrant un espace de rangement suffisant pour tous les outils et accessoires n\u00e9cessaires. Son large plateau de travail est id\u00e9al pour y placer tout le mat\u00e9riel \u00e9lectrique utilis\u00e9 pendant les soins. La table Amelie est mont\u00e9e sur roulettes, ce qui la rend facile \u00e0 d\u00e9placer si besoin. Elle est livr\u00e9e avec un repose-main confortable pour la cliente. La table mesure 78 cm de hauteur, 45 cm de largeur et 112 cm de longueur. L\u2019espace de 51 cm entre les tiroirs est suffisamment large pour accueillir une chaise confortablement.          <\/p>\n","protected":false},"excerpt":{"rendered":"<p>La table de manucure Sibel Amelie sur roulettes avec aspirateur int\u00e9gr\u00e9, en blanc, est une table professionnelle haut de gamme destin\u00e9e aux stylistes ongulaires. Elle pr\u00e9sente un design \u00e9pur\u00e9 avec un plateau en verre tremp\u00e9. Ce plateau est \u00e9quip\u00e9 d\u2019un syst\u00e8me d\u2019aspiration int\u00e9gr\u00e9, permettant de travailler de mani\u00e8re propre et professionnelle. Lors des soins de [&hellip;]<\/p>\n","protected":false},"featured_media":53776,"comment_status":"open","ping_status":"closed","template":"","meta":{"_acf_changed":false},"product_brand":[],"product_cat":[4945,4784,5967],"product_tag":[],"class_list":{"0":"post-54354","1":"product","2":"type-product","3":"status-publish","4":"has-post-thumbnail","6":"product_cat-amenagement-institut-webshop-fr","7":"product_cat-amenagement-mobilier","8":"product_cat-tables-manucure","10":"first","11":"instock","12":"taxable","13":"shipping-taxable","14":"product-type-simple"},"acf":[],"_links":{"self":[{"href":"https:\/\/sundar.be\/fr\/wp-json\/wp\/v2\/product\/54354","targetHints":{"allow":["GET"]}}],"collection":[{"href":"https:\/\/sundar.be\/fr\/wp-json\/wp\/v2\/product"}],"about":[{"href":"https:\/\/sundar.be\/fr\/wp-json\/wp\/v2\/types\/product"}],"replies":[{"embeddable":true,"href":"https:\/\/sundar.be\/fr\/wp-json\/wp\/v2\/comments?post=54354"}],"wp:featuredmedia":[{"embeddable":true,"href":"https:\/\/sundar.be\/fr\/wp-json\/wp\/v2\/media\/53776"}],"wp:attachment":[{"href":"https:\/\/sundar.be\/fr\/wp-json\/wp\/v2\/media?parent=54354"}],"wp:term":[{"taxonomy":"product_brand","embeddable":true,"href":"https:\/\/sundar.be\/fr\/wp-json\/wp\/v2\/product_brand?post=54354"},{"taxonomy":"product_cat","embeddable":true,"href":"https:\/\/sundar.be\/fr\/wp-json\/wp\/v2\/product_cat?post=54354"},{"taxonomy":"product_tag","embeddable":true,"href":"https:\/\/sundar.be\/fr\/wp-json\/wp\/v2\/product_tag?post=54354"}],"curies":[{"name":"wp","href":"https:\/\/api.w.org\/{rel}","templated":true}]}}