{"id":54353,"date":"2025-05-30T08:57:19","date_gmt":"2025-05-30T06:57:19","guid":{"rendered":"https:\/\/sundar.be\/product\/sibel-table-de-manucure-louise-avec-bloc-tiroirs-integre-blanc\/"},"modified":"2025-08-04T09:37:13","modified_gmt":"2025-08-04T07:37:13","slug":"sibel-table-de-manucure-louise-avec-bloc-tiroirs-integre-blanc","status":"publish","type":"product","link":"https:\/\/sundar.be\/fr\/produit\/sibel-table-de-manucure-louise-avec-bloc-tiroirs-integre-blanc\/","title":{"rendered":"Sibel Table de Manucure Louise avec Bloc-Tiroirs Integr\u00e9 Blanc"},"content":{"rendered":"<p>La table de manucure Sibel Louise avec bloc-tiroirs int\u00e9gr\u00e9 en blanc est une table de manucure professionnelle et luxueuse, con\u00e7ue pour les stylistes ongulaires. Elle est parfaitement \u00e9quip\u00e9e pour r\u00e9aliser des soins de manucure dans des conditions optimales. Son plateau de table incurv\u00e9 en verre tremp\u00e9 est accompagn\u00e9 de deux \u00e9tag\u00e8res en verre permettant de ranger les accessoires de mani\u00e8re \u00e9l\u00e9gante. Le plateau repose sur deux blocs-tiroirs brillants blancs, mont\u00e9s sur roulettes. Chaque bloc contient deux tiroirs coulissants offrant un espace de rangement suffisant pour tous les outils et produits n\u00e9cessaires. Gr\u00e2ce aux roulettes, la table Louise peut \u00eatre d\u00e9plac\u00e9e facilement si besoin. Elle mesure 78 cm de hauteur, 45 cm de largeur et 112 cm de longueur. L\u2019espace de 51 cm entre les blocs-tiroirs est suffisamment large pour accueillir confortablement une chaise.       <\/p>\n","protected":false},"excerpt":{"rendered":"<p>La table de manucure Sibel Louise avec bloc-tiroirs int\u00e9gr\u00e9 en blanc est une table de manucure professionnelle et luxueuse, con\u00e7ue pour les stylistes ongulaires. Elle est parfaitement \u00e9quip\u00e9e pour r\u00e9aliser des soins de manucure dans des conditions optimales. Son plateau de table incurv\u00e9 en verre tremp\u00e9 est accompagn\u00e9 de deux \u00e9tag\u00e8res en verre permettant de [&hellip;]<\/p>\n","protected":false},"featured_media":53783,"comment_status":"open","ping_status":"closed","template":"","meta":{"_acf_changed":false},"product_brand":[],"product_cat":[4945,4784,5967],"product_tag":[],"class_list":{"0":"post-54353","1":"product","2":"type-product","3":"status-publish","4":"has-post-thumbnail","6":"product_cat-amenagement-institut-webshop-fr","7":"product_cat-amenagement-mobilier","8":"product_cat-tables-manucure","10":"first","11":"instock","12":"taxable","13":"shipping-taxable","14":"product-type-simple"},"acf":[],"_links":{"self":[{"href":"https:\/\/sundar.be\/fr\/wp-json\/wp\/v2\/product\/54353","targetHints":{"allow":["GET"]}}],"collection":[{"href":"https:\/\/sundar.be\/fr\/wp-json\/wp\/v2\/product"}],"about":[{"href":"https:\/\/sundar.be\/fr\/wp-json\/wp\/v2\/types\/product"}],"replies":[{"embeddable":true,"href":"https:\/\/sundar.be\/fr\/wp-json\/wp\/v2\/comments?post=54353"}],"wp:featuredmedia":[{"embeddable":true,"href":"https:\/\/sundar.be\/fr\/wp-json\/wp\/v2\/media\/53783"}],"wp:attachment":[{"href":"https:\/\/sundar.be\/fr\/wp-json\/wp\/v2\/media?parent=54353"}],"wp:term":[{"taxonomy":"product_brand","embeddable":true,"href":"https:\/\/sundar.be\/fr\/wp-json\/wp\/v2\/product_brand?post=54353"},{"taxonomy":"product_cat","embeddable":true,"href":"https:\/\/sundar.be\/fr\/wp-json\/wp\/v2\/product_cat?post=54353"},{"taxonomy":"product_tag","embeddable":true,"href":"https:\/\/sundar.be\/fr\/wp-json\/wp\/v2\/product_tag?post=54353"}],"curies":[{"name":"wp","href":"https:\/\/api.w.org\/{rel}","templated":true}]}}