{"id":54352,"date":"2025-05-30T08:59:34","date_gmt":"2025-05-30T06:59:34","guid":{"rendered":"https:\/\/sundar.be\/product\/sibel-table-de-manucure-nailstation-ii\/"},"modified":"2025-08-04T09:35:17","modified_gmt":"2025-08-04T07:35:17","slug":"sibel-table-de-manucure-nailstation-ii","status":"publish","type":"product","link":"https:\/\/sundar.be\/fr\/produit\/sibel-table-de-manucure-nailstation-ii\/","title":{"rendered":"Sibel Table de Manucure Nailstation II"},"content":{"rendered":"<p>La table de manucure Sibel Nailstation II blanche avec 8 tiroirs est une table professionnelle con\u00e7ue pour les stylistes ongulaires. La Nailstation II est fabriqu\u00e9e en MDF robuste et pratique, de couleur blanche. Le plateau de travail est fix\u00e9 aux blocs-tiroirs \u00e0 l\u2019aide de petits pieds en m\u00e9tal. Chaque bloc est compos\u00e9 de quatre tiroirs coulissants offrant suffisamment d\u2019espace pour ranger tous les outils et accessoires n\u00e9cessaires. Gr\u00e2ce aux roulettes situ\u00e9es sous les blocs-tiroirs, la table peut \u00eatre d\u00e9plac\u00e9e facilement si besoin. Elle est livr\u00e9e avec un repose-main confortable pour la cliente. La table mesure 78 cm de hauteur, 45 cm de largeur et 110 cm de longueur. L\u2019espace de 51 cm entre les deux blocs est suffisamment large pour permettre l\u2019utilisation d\u2019une chaise.       <\/p>\n","protected":false},"excerpt":{"rendered":"<p>La table de manucure Sibel Nailstation II blanche avec 8 tiroirs est une table professionnelle con\u00e7ue pour les stylistes ongulaires. La Nailstation II est fabriqu\u00e9e en MDF robuste et pratique, de couleur blanche. Le plateau de travail est fix\u00e9 aux blocs-tiroirs \u00e0 l\u2019aide de petits pieds en m\u00e9tal. Chaque bloc est compos\u00e9 de quatre tiroirs [&hellip;]<\/p>\n","protected":false},"featured_media":53742,"comment_status":"open","ping_status":"closed","template":"","meta":{"_acf_changed":false},"product_brand":[],"product_cat":[4945,4784,5967],"product_tag":[],"class_list":{"0":"post-54352","1":"product","2":"type-product","3":"status-publish","4":"has-post-thumbnail","6":"product_cat-amenagement-institut-webshop-fr","7":"product_cat-amenagement-mobilier","8":"product_cat-tables-manucure","10":"first","11":"instock","12":"taxable","13":"shipping-taxable","14":"product-type-simple"},"acf":[],"_links":{"self":[{"href":"https:\/\/sundar.be\/fr\/wp-json\/wp\/v2\/product\/54352","targetHints":{"allow":["GET"]}}],"collection":[{"href":"https:\/\/sundar.be\/fr\/wp-json\/wp\/v2\/product"}],"about":[{"href":"https:\/\/sundar.be\/fr\/wp-json\/wp\/v2\/types\/product"}],"replies":[{"embeddable":true,"href":"https:\/\/sundar.be\/fr\/wp-json\/wp\/v2\/comments?post=54352"}],"wp:featuredmedia":[{"embeddable":true,"href":"https:\/\/sundar.be\/fr\/wp-json\/wp\/v2\/media\/53742"}],"wp:attachment":[{"href":"https:\/\/sundar.be\/fr\/wp-json\/wp\/v2\/media?parent=54352"}],"wp:term":[{"taxonomy":"product_brand","embeddable":true,"href":"https:\/\/sundar.be\/fr\/wp-json\/wp\/v2\/product_brand?post=54352"},{"taxonomy":"product_cat","embeddable":true,"href":"https:\/\/sundar.be\/fr\/wp-json\/wp\/v2\/product_cat?post=54352"},{"taxonomy":"product_tag","embeddable":true,"href":"https:\/\/sundar.be\/fr\/wp-json\/wp\/v2\/product_tag?post=54352"}],"curies":[{"name":"wp","href":"https:\/\/api.w.org\/{rel}","templated":true}]}}