{"id":54351,"date":"2025-05-30T09:01:10","date_gmt":"2025-05-30T07:01:10","guid":{"rendered":"https:\/\/sundar.be\/product\/sibel-table-de-manucure-vivian-avec-bloc-tiroirs-integre-blanc\/"},"modified":"2025-08-04T09:19:34","modified_gmt":"2025-08-04T07:19:34","slug":"sibel-table-de-manucure-vivian-avec-bloc-tiroirs-integre-blanc","status":"publish","type":"product","link":"https:\/\/sundar.be\/fr\/produit\/sibel-table-de-manucure-vivian-avec-bloc-tiroirs-integre-blanc\/","title":{"rendered":"Sibel Table de Manucure Vivian avec Bloc-Tiroirs Int\u00e9gr\u00e9 \u2013 Blanc"},"content":{"rendered":"<p>La table de manucure Vivian de Sibel est un meuble professionnel en bois blanc, con\u00e7u pour les stylistes ongulaires. Elle dispose d\u2019un plateau de travail aux formes organiques, fix\u00e9 sur un bloc-tiroirs \u00e0 trois compartiments, avec un espace ouvert pouvant accueillir, par exemple, une lampe UV. Le bloc de rangement offre suffisamment d\u2019espace pour organiser les outils et accessoires n\u00e9cessaires au travail quotidien. Mont\u00e9 sur roulettes, il permet de d\u00e9placer facilement la table selon les besoins. Avec son design \u00e9l\u00e9gant, sa finition soign\u00e9e et ses d\u00e9tails en chrome, la table Vivian apporte une touche de luxe \u00e0 tout espace professionnel. Elle mesure 120 cm de long, 45 cm de large et 78 cm de haut. L\u2019espace de 51 cm entre les tiroirs est suffisamment large pour accueillir confortablement une chaise.      <\/p>\n","protected":false},"excerpt":{"rendered":"<p>La table de manucure Vivian de Sibel est un meuble professionnel en bois blanc, con\u00e7u pour les stylistes ongulaires. Elle dispose d\u2019un plateau de travail aux formes organiques, fix\u00e9 sur un bloc-tiroirs \u00e0 trois compartiments, avec un espace ouvert pouvant accueillir, par exemple, une lampe UV. Le bloc de rangement offre suffisamment d\u2019espace pour organiser [&hellip;]<\/p>\n","protected":false},"featured_media":53787,"comment_status":"open","ping_status":"closed","template":"","meta":{"_acf_changed":false},"product_brand":[],"product_cat":[4945,4784,5967],"product_tag":[],"class_list":{"0":"post-54351","1":"product","2":"type-product","3":"status-publish","4":"has-post-thumbnail","6":"product_cat-amenagement-institut-webshop-fr","7":"product_cat-amenagement-mobilier","8":"product_cat-tables-manucure","10":"first","11":"instock","12":"taxable","13":"shipping-taxable","14":"product-type-simple"},"acf":[],"_links":{"self":[{"href":"https:\/\/sundar.be\/fr\/wp-json\/wp\/v2\/product\/54351","targetHints":{"allow":["GET"]}}],"collection":[{"href":"https:\/\/sundar.be\/fr\/wp-json\/wp\/v2\/product"}],"about":[{"href":"https:\/\/sundar.be\/fr\/wp-json\/wp\/v2\/types\/product"}],"replies":[{"embeddable":true,"href":"https:\/\/sundar.be\/fr\/wp-json\/wp\/v2\/comments?post=54351"}],"wp:featuredmedia":[{"embeddable":true,"href":"https:\/\/sundar.be\/fr\/wp-json\/wp\/v2\/media\/53787"}],"wp:attachment":[{"href":"https:\/\/sundar.be\/fr\/wp-json\/wp\/v2\/media?parent=54351"}],"wp:term":[{"taxonomy":"product_brand","embeddable":true,"href":"https:\/\/sundar.be\/fr\/wp-json\/wp\/v2\/product_brand?post=54351"},{"taxonomy":"product_cat","embeddable":true,"href":"https:\/\/sundar.be\/fr\/wp-json\/wp\/v2\/product_cat?post=54351"},{"taxonomy":"product_tag","embeddable":true,"href":"https:\/\/sundar.be\/fr\/wp-json\/wp\/v2\/product_tag?post=54351"}],"curies":[{"name":"wp","href":"https:\/\/api.w.org\/{rel}","templated":true}]}}