{"id":54350,"date":"2025-05-30T09:19:26","date_gmt":"2025-05-30T07:19:26","guid":{"rendered":"https:\/\/sundar.be\/product\/sibel-alice-manicure-table\/"},"modified":"2025-08-04T09:17:26","modified_gmt":"2025-08-04T07:17:26","slug":"sibel-alice-manicure-table","status":"publish","type":"product","link":"https:\/\/sundar.be\/fr\/produit\/sibel-alice-manicure-table\/","title":{"rendered":"Sibel Alice Manicure Table"},"content":{"rendered":"<p>Table de manucure pratique et fonctionnelle 2-en-1, avec plateau rabattable et meuble de rangement int\u00e9gr\u00e9.<br \/>Le meuble de rangement est fabriqu\u00e9 en MDF et comprend un tiroir compartiment\u00e9 pour les produits, un bloc coulissant avec deux \u00e9tag\u00e8res, ainsi qu\u2019un repose-main.<br \/>Le tiroir sup\u00e9rieur est enti\u00e8rement amovible et peut \u00eatre utilis\u00e9 comme pr\u00e9sentoir pour les produits sur le plan de travail.  <\/p>\n<p><strong>Dimensions:<\/strong><\/p>\n<ul>\n<li>Longueur : 110,5 cm \u2013 Largeur : 45 cm \u2013 Hauteur : 77 cm<\/li>\n<li>Espace pour les jambes entre les modules : 51 cm<\/li>\n<li>Dimensions une fois repli\u00e9e : 77 \u00d7 42,5 \u00d7 45 cm<\/li>\n<\/ul>\n","protected":false},"excerpt":{"rendered":"<p>Table de manucure pratique et fonctionnelle 2-en-1, avec plateau rabattable et meuble de rangement int\u00e9gr\u00e9.Le meuble de rangement est fabriqu\u00e9 en MDF et comprend un tiroir compartiment\u00e9 pour les produits, un bloc coulissant avec deux \u00e9tag\u00e8res, ainsi qu\u2019un repose-main.Le tiroir sup\u00e9rieur est enti\u00e8rement amovible et peut \u00eatre utilis\u00e9 comme pr\u00e9sentoir pour les produits sur le [&hellip;]<\/p>\n","protected":false},"featured_media":53790,"comment_status":"open","ping_status":"closed","template":"","meta":{"_acf_changed":false},"product_brand":[],"product_cat":[4945,4784,5967],"product_tag":[],"class_list":{"0":"post-54350","1":"product","2":"type-product","3":"status-publish","4":"has-post-thumbnail","6":"product_cat-amenagement-institut-webshop-fr","7":"product_cat-amenagement-mobilier","8":"product_cat-tables-manucure","10":"first","11":"instock","12":"taxable","13":"shipping-taxable","14":"product-type-simple"},"acf":[],"_links":{"self":[{"href":"https:\/\/sundar.be\/fr\/wp-json\/wp\/v2\/product\/54350","targetHints":{"allow":["GET"]}}],"collection":[{"href":"https:\/\/sundar.be\/fr\/wp-json\/wp\/v2\/product"}],"about":[{"href":"https:\/\/sundar.be\/fr\/wp-json\/wp\/v2\/types\/product"}],"replies":[{"embeddable":true,"href":"https:\/\/sundar.be\/fr\/wp-json\/wp\/v2\/comments?post=54350"}],"wp:featuredmedia":[{"embeddable":true,"href":"https:\/\/sundar.be\/fr\/wp-json\/wp\/v2\/media\/53790"}],"wp:attachment":[{"href":"https:\/\/sundar.be\/fr\/wp-json\/wp\/v2\/media?parent=54350"}],"wp:term":[{"taxonomy":"product_brand","embeddable":true,"href":"https:\/\/sundar.be\/fr\/wp-json\/wp\/v2\/product_brand?post=54350"},{"taxonomy":"product_cat","embeddable":true,"href":"https:\/\/sundar.be\/fr\/wp-json\/wp\/v2\/product_cat?post=54350"},{"taxonomy":"product_tag","embeddable":true,"href":"https:\/\/sundar.be\/fr\/wp-json\/wp\/v2\/product_tag?post=54350"}],"curies":[{"name":"wp","href":"https:\/\/api.w.org\/{rel}","templated":true}]}}