{"id":54349,"date":"2025-05-30T09:22:13","date_gmt":"2025-05-30T07:22:13","guid":{"rendered":"https:\/\/sundar.be\/product\/sibel-anni-chaise-esthetique\/"},"modified":"2025-08-04T09:16:25","modified_gmt":"2025-08-04T07:16:25","slug":"sibel-anni-chaise-esthetique","status":"publish","type":"product","link":"https:\/\/sundar.be\/fr\/produit\/sibel-anni-chaise-esthetique\/","title":{"rendered":"Sibel Anni Chaise Esth\u00e9tique"},"content":{"rendered":"<p>Chaise pour soins esth\u00e9tiques. Pi\u00e8ce de liaison et base en aluminium. Roulettes transparentes.  <\/p>\n<p>Hauteur r\u00e9glable de 50 \u00e0 70 cm.<\/p>\n","protected":false},"excerpt":{"rendered":"<p>Chaise pour soins esth\u00e9tiques. Pi\u00e8ce de liaison et base en aluminium. Roulettes transparentes. Hauteur r\u00e9glable de 50 \u00e0 70 cm.<\/p>\n","protected":false},"featured_media":53799,"comment_status":"open","ping_status":"closed","template":"","meta":{"_acf_changed":false},"product_brand":[],"product_cat":[4945,4790,4784],"product_tag":[],"class_list":{"0":"post-54349","1":"product","2":"type-product","3":"status-publish","4":"has-post-thumbnail","6":"product_cat-amenagement-institut-webshop-fr","7":"product_cat-mobilier-chaises-travail","8":"product_cat-amenagement-mobilier","10":"first","11":"instock","12":"taxable","13":"shipping-taxable","14":"product-type-simple"},"acf":[],"_links":{"self":[{"href":"https:\/\/sundar.be\/fr\/wp-json\/wp\/v2\/product\/54349","targetHints":{"allow":["GET"]}}],"collection":[{"href":"https:\/\/sundar.be\/fr\/wp-json\/wp\/v2\/product"}],"about":[{"href":"https:\/\/sundar.be\/fr\/wp-json\/wp\/v2\/types\/product"}],"replies":[{"embeddable":true,"href":"https:\/\/sundar.be\/fr\/wp-json\/wp\/v2\/comments?post=54349"}],"wp:featuredmedia":[{"embeddable":true,"href":"https:\/\/sundar.be\/fr\/wp-json\/wp\/v2\/media\/53799"}],"wp:attachment":[{"href":"https:\/\/sundar.be\/fr\/wp-json\/wp\/v2\/media?parent=54349"}],"wp:term":[{"taxonomy":"product_brand","embeddable":true,"href":"https:\/\/sundar.be\/fr\/wp-json\/wp\/v2\/product_brand?post=54349"},{"taxonomy":"product_cat","embeddable":true,"href":"https:\/\/sundar.be\/fr\/wp-json\/wp\/v2\/product_cat?post=54349"},{"taxonomy":"product_tag","embeddable":true,"href":"https:\/\/sundar.be\/fr\/wp-json\/wp\/v2\/product_tag?post=54349"}],"curies":[{"name":"wp","href":"https:\/\/api.w.org\/{rel}","templated":true}]}}