{"id":54348,"date":"2025-05-30T09:24:33","date_gmt":"2025-05-30T07:24:33","guid":{"rendered":"https:\/\/sundar.be\/product\/sibel-deborah-chaise-esthetique\/"},"modified":"2025-08-04T09:15:44","modified_gmt":"2025-08-04T07:15:44","slug":"sibel-deborah-chaise-esthetique","status":"publish","type":"product","link":"https:\/\/sundar.be\/fr\/produit\/sibel-deborah-chaise-esthetique\/","title":{"rendered":"Sibel Deborah Chaise Esth\u00e9tique"},"content":{"rendered":"<p>Chaise esth\u00e9tique pour vous ou vos clients.<br \/>\nFabriqu\u00e9e avec des mat\u00e9riaux de haute qualit\u00e9, rembourrage en PU, et \u00e9quip\u00e9e d\u2019un v\u00e9rin \u00e0 gaz pour r\u00e9gler la hauteur souhait\u00e9e. Base en aluminium avec roulettes transparentes. <\/p>\n<p>Ce mod\u00e8le est dot\u00e9 d\u2019un dossier et est r\u00e9glable en hauteur de 50 \u00e0 70 cm.<br \/>\nL\u2019assise mesure environ 30 \u00d7 38 cm, et le diam\u00e8tre de la base en \u00e9toile est de 50 cm. <\/p>\n","protected":false},"excerpt":{"rendered":"<p>Chaise esth\u00e9tique pour vous ou vos clients. Fabriqu\u00e9e avec des mat\u00e9riaux de haute qualit\u00e9, rembourrage en PU, et \u00e9quip\u00e9e d\u2019un v\u00e9rin \u00e0 gaz pour r\u00e9gler la hauteur souhait\u00e9e. Base en aluminium avec roulettes transparentes. Ce mod\u00e8le est dot\u00e9 d\u2019un dossier et est r\u00e9glable en hauteur de 50 \u00e0 70 cm. L\u2019assise mesure environ 30 \u00d7 [&hellip;]<\/p>\n","protected":false},"featured_media":53802,"comment_status":"open","ping_status":"closed","template":"","meta":{"_acf_changed":false},"product_brand":[],"product_cat":[4945,4790,4784],"product_tag":[],"class_list":{"0":"post-54348","1":"product","2":"type-product","3":"status-publish","4":"has-post-thumbnail","6":"product_cat-amenagement-institut-webshop-fr","7":"product_cat-mobilier-chaises-travail","8":"product_cat-amenagement-mobilier","10":"first","11":"instock","12":"taxable","13":"shipping-taxable","14":"product-type-simple"},"acf":[],"_links":{"self":[{"href":"https:\/\/sundar.be\/fr\/wp-json\/wp\/v2\/product\/54348","targetHints":{"allow":["GET"]}}],"collection":[{"href":"https:\/\/sundar.be\/fr\/wp-json\/wp\/v2\/product"}],"about":[{"href":"https:\/\/sundar.be\/fr\/wp-json\/wp\/v2\/types\/product"}],"replies":[{"embeddable":true,"href":"https:\/\/sundar.be\/fr\/wp-json\/wp\/v2\/comments?post=54348"}],"wp:featuredmedia":[{"embeddable":true,"href":"https:\/\/sundar.be\/fr\/wp-json\/wp\/v2\/media\/53802"}],"wp:attachment":[{"href":"https:\/\/sundar.be\/fr\/wp-json\/wp\/v2\/media?parent=54348"}],"wp:term":[{"taxonomy":"product_brand","embeddable":true,"href":"https:\/\/sundar.be\/fr\/wp-json\/wp\/v2\/product_brand?post=54348"},{"taxonomy":"product_cat","embeddable":true,"href":"https:\/\/sundar.be\/fr\/wp-json\/wp\/v2\/product_cat?post=54348"},{"taxonomy":"product_tag","embeddable":true,"href":"https:\/\/sundar.be\/fr\/wp-json\/wp\/v2\/product_tag?post=54348"}],"curies":[{"name":"wp","href":"https:\/\/api.w.org\/{rel}","templated":true}]}}