{"id":54346,"date":"2025-06-13T12:48:49","date_gmt":"2025-06-13T10:48:49","guid":{"rendered":"https:\/\/sundar.be\/product\/suda-s-eco-cx-light\/"},"modified":"2025-12-01T13:24:04","modified_gmt":"2025-12-01T12:24:04","slug":"suda-s-eco-cx-light","status":"publish","type":"product","link":"https:\/\/sundar.be\/fr\/produit\/suda-s-eco-cx-light\/","title":{"rendered":"SUDA S Eco CX + Light"},"content":{"rendered":"<p><span style=\"color: #557e96;\"><strong>La SUDA S Eco CX + L<\/strong><\/span> est une unit\u00e9 de soin compacte dot\u00e9e de deux boutons rotatifs pour le r\u00e9glage du spray et de la vitesse de rotation. Elle est \u00e9quip\u00e9e d&rsquo;une pi\u00e8ce \u00e0 main ergonomique, ultra-l\u00e9g\u00e8re, avec syst\u00e8me de serrage automatique et moteur sans balais (jusqu&rsquo;\u00e0 40 000 tours\/min). Cette version est identique \u00e0 la SUDA S Eco CX, mais poss\u00e8de en plus un \u00e9clairage LED int\u00e9gr\u00e9 dans la pi\u00e8ce \u00e0 main.    <\/p>\n<p><strong>Avantages:<\/strong><\/p>\n<ul>\n<li>R\u00e9glage facile de la vitesse et du niveau de spray<\/li>\n<li>Micromoteur sans balais<\/li>\n<li>Pi\u00e8ce \u00e0 main avec \u00e9clairage LED p\u00e9riph\u00e9rique<\/li>\n<li>Pi\u00e8ce \u00e0 main ergonomique, compacte et l\u00e9g\u00e8re<\/li>\n<\/ul>\n<p>Les unit\u00e9s de commande de la version ECO sont simples, mais extr\u00eamement conviviales et faciles \u00e0 utiliser. Gr\u00e2ce au faible poids du bo\u00eetier, elles sont parfaitement adapt\u00e9es \u00e0 une utilisation ambulatoire, mais conviennent \u00e9galement tr\u00e8s bien pour une utilisation en cabinet.<br \/>Id\u00e9al pour des cabinets r\u00e9alisant jusqu\u2019\u00e0 environ 20 traitements par semaine.   <\/p>\n<h4>Pi\u00e8ce \u00e0 main<\/h4>\n<p>Premi\u00e8re pi\u00e8ce \u00e0 main de p\u00e9dicure imprim\u00e9e en 3D au monde. Ultra-l\u00e9g\u00e8re, dot\u00e9e d\u2019un micromoteur sans balais et disponible avec ou sans lumi\u00e8re LED int\u00e9gr\u00e9e. \u00c9quip\u00e9e d\u2019un syst\u00e8me de serrage automatique pour fixer les fraises.  <\/p>\n<h4><u>Fonctions<\/u><\/h4>\n<ul>\n<li>R\u00e9glage facile de la vitesse de rotation et du niveau de spray<\/li>\n<li>Pi\u00e8ce \u00e0 main avec \u00e9clairage LED p\u00e9riph\u00e9rique<\/li>\n<li>Inversion du sens de rotation (gauche\/droite)<\/li>\n<li>Vitesse de rotation : 6 000 \u00e0 40 000 tr\/min<\/li>\n<li>P\u00e9dale en option<\/li>\n<li>R\u00e9servoir de spray : 225 ml<\/li>\n<li>Brumisation fine<\/li>\n<li>Tuyau de pi\u00e8ce \u00e0 main tr\u00e8s flexible (1,5 m)<\/li>\n<li>Poids : 1,9 kg (avec alimentation : 2,6 kg)<\/li>\n<\/ul>\n","protected":false},"excerpt":{"rendered":"<p>La SUDA S Eco CX + L est une unit\u00e9 de soin compacte dot\u00e9e de deux boutons rotatifs pour le r\u00e9glage du spray et de la vitesse de rotation. Elle est \u00e9quip\u00e9e d&rsquo;une pi\u00e8ce \u00e0 main ergonomique, ultra-l\u00e9g\u00e8re, avec syst\u00e8me de serrage automatique et moteur sans balais (jusqu&rsquo;\u00e0 40 000 tours\/min). Cette version est identique [&hellip;]<\/p>\n","protected":false},"featured_media":53956,"comment_status":"open","ping_status":"closed","template":"","meta":{"_acf_changed":false},"product_brand":[],"product_cat":[4945,4769,4785,6155],"product_tag":[],"class_list":{"0":"post-54346","1":"product","2":"type-product","3":"status-publish","4":"has-post-thumbnail","6":"product_cat-amenagement-institut-webshop-fr","7":"product_cat-amenagement-appareils","8":"product_cat-appareils-fraisage-moteurs-pedicure","9":"product_cat-appareils-humides","11":"first","12":"instock","13":"taxable","14":"shipping-taxable","15":"product-type-simple"},"acf":[],"_links":{"self":[{"href":"https:\/\/sundar.be\/fr\/wp-json\/wp\/v2\/product\/54346","targetHints":{"allow":["GET"]}}],"collection":[{"href":"https:\/\/sundar.be\/fr\/wp-json\/wp\/v2\/product"}],"about":[{"href":"https:\/\/sundar.be\/fr\/wp-json\/wp\/v2\/types\/product"}],"replies":[{"embeddable":true,"href":"https:\/\/sundar.be\/fr\/wp-json\/wp\/v2\/comments?post=54346"}],"wp:featuredmedia":[{"embeddable":true,"href":"https:\/\/sundar.be\/fr\/wp-json\/wp\/v2\/media\/53956"}],"wp:attachment":[{"href":"https:\/\/sundar.be\/fr\/wp-json\/wp\/v2\/media?parent=54346"}],"wp:term":[{"taxonomy":"product_brand","embeddable":true,"href":"https:\/\/sundar.be\/fr\/wp-json\/wp\/v2\/product_brand?post=54346"},{"taxonomy":"product_cat","embeddable":true,"href":"https:\/\/sundar.be\/fr\/wp-json\/wp\/v2\/product_cat?post=54346"},{"taxonomy":"product_tag","embeddable":true,"href":"https:\/\/sundar.be\/fr\/wp-json\/wp\/v2\/product_tag?post=54346"}],"curies":[{"name":"wp","href":"https:\/\/api.w.org\/{rel}","templated":true}]}}