{"id":54344,"date":"2025-06-18T08:15:35","date_gmt":"2025-06-18T06:15:35","guid":{"rendered":"https:\/\/sundar.be\/product\/7day-hybrid-polish-starter-kit\/"},"modified":"2025-08-04T09:08:43","modified_gmt":"2025-08-04T07:08:43","slug":"7day-hybrid-polish-starter-kit","status":"publish","type":"product","link":"https:\/\/sundar.be\/fr\/produit\/7day-hybrid-polish-starter-kit\/","title":{"rendered":"7DAY Hybrid Polish Starter Kit"},"content":{"rendered":"<p data-start=\"0\" data-end=\"268\">Depend 7day est un syst\u00e8me de vernis \u00e0 ongles con\u00e7u pour celles et ceux qui recherchent un vernis ultra brillant, d\u2019une tenue exceptionnelle et avec un effet gel. Cette formule hybride tient jusqu\u2019\u00e0 une semaine, s\u2019applique facilement et se retire ais\u00e9ment avec le dissolvant \u00e0 vernis \u00e0 ongles Depend. <\/p>\n<p data-start=\"270\" data-end=\"523\">Depend 7day est un traitement en 4 \u00e9tapes. Ce Starter Kit contient les produits de base dont vous avez toujours besoin, en plus de la couleur de votre choix (\u00e9tape 3). Aucune lampe LED\/UV n\u2019est n\u00e9cessaire \u2013 ce syst\u00e8me de vernis s\u00e8che \u00e0 la lumi\u00e8re du jour ou sous une lumi\u00e8re artificielle.  <\/p>\n<p data-start=\"270\" data-end=\"523\"><strong>Contenu: <\/strong><\/p>\n<ul>\n<li>1 x 7day CLEANSER 35 ml<\/li>\n<li>1 x 7day BASE 5 ml<\/li>\n<li>1 x 7day TOP 5 ml<\/li>\n<li>1x b\u00e2tonnet de bois de rose<\/li>\n<li>1 x lime<\/li>\n<\/ul>\n","protected":false},"excerpt":{"rendered":"<p>Depend 7day est un syst\u00e8me de vernis \u00e0 ongles con\u00e7u pour celles et ceux qui recherchent un vernis ultra brillant, d\u2019une tenue exceptionnelle et avec un effet gel. Cette formule hybride tient jusqu\u2019\u00e0 une semaine, s\u2019applique facilement et se retire ais\u00e9ment avec le dissolvant \u00e0 vernis \u00e0 ongles Depend. Depend 7day est un traitement en [&hellip;]<\/p>\n","protected":false},"featured_media":54038,"comment_status":"open","ping_status":"closed","template":"","meta":{"_acf_changed":false},"product_brand":[],"product_cat":[5089,5642,4761,5802],"product_tag":[],"class_list":{"0":"post-54344","1":"product","2":"type-product","3":"status-publish","4":"has-post-thumbnail","6":"product_cat-depend-fr","7":"product_cat-depend-02-nail-polish","8":"product_cat-pose-ongles","9":"product_cat-stylisme-ongulaire-marque","11":"first","12":"instock","13":"taxable","14":"shipping-taxable","15":"product-type-simple"},"acf":[],"_links":{"self":[{"href":"https:\/\/sundar.be\/fr\/wp-json\/wp\/v2\/product\/54344","targetHints":{"allow":["GET"]}}],"collection":[{"href":"https:\/\/sundar.be\/fr\/wp-json\/wp\/v2\/product"}],"about":[{"href":"https:\/\/sundar.be\/fr\/wp-json\/wp\/v2\/types\/product"}],"replies":[{"embeddable":true,"href":"https:\/\/sundar.be\/fr\/wp-json\/wp\/v2\/comments?post=54344"}],"wp:featuredmedia":[{"embeddable":true,"href":"https:\/\/sundar.be\/fr\/wp-json\/wp\/v2\/media\/54038"}],"wp:attachment":[{"href":"https:\/\/sundar.be\/fr\/wp-json\/wp\/v2\/media?parent=54344"}],"wp:term":[{"taxonomy":"product_brand","embeddable":true,"href":"https:\/\/sundar.be\/fr\/wp-json\/wp\/v2\/product_brand?post=54344"},{"taxonomy":"product_cat","embeddable":true,"href":"https:\/\/sundar.be\/fr\/wp-json\/wp\/v2\/product_cat?post=54344"},{"taxonomy":"product_tag","embeddable":true,"href":"https:\/\/sundar.be\/fr\/wp-json\/wp\/v2\/product_tag?post=54344"}],"curies":[{"name":"wp","href":"https:\/\/api.w.org\/{rel}","templated":true}]}}