{"id":54338,"date":"2025-08-04T08:39:35","date_gmt":"2025-08-04T06:39:35","guid":{"rendered":"https:\/\/sundar.be\/product\/purple-rose-masque-cure\/"},"modified":"2025-12-01T13:15:27","modified_gmt":"2025-12-01T12:15:27","slug":"purple-rose-masque-cure","status":"publish","type":"product","link":"https:\/\/sundar.be\/fr\/produit\/purple-rose-masque-cure\/","title":{"rendered":"Purple Rose Masque Cure"},"content":{"rendered":"<p>Le <span style=\"color: #557e96;\"><strong>Purple Rose Masque Cure<\/strong><\/span> est un soin cr\u00e8me intens\u00e9ment nourrissant et r\u00e9parateur qui hydrate en profondeur, apaise et revitalise la peau. Enrichi d\u2019un m\u00e9lange synergique d\u2019huiles v\u00e9g\u00e9tales, d\u2019extraits calmants et d\u2019antioxydants, ce masque est id\u00e9al en cure hebdomadaire ou comme coup d\u2019\u00e9clat pour les peaux fatigu\u00e9es et stress\u00e9es. La peau devient douce, souple et visiblement plus lumineuse apr\u00e8s chaque application.  <\/p>\n","protected":false},"excerpt":{"rendered":"<p>Le <span style=\"color: #557e96;\"><strong>Purple Rose Masque Cure<\/strong><\/span> est un soin riche et r\u00e9parateur qui nourrit, calme et revitalise la peau en profondeur. Parfait en cure hebdomadaire pour une peau douce, hydrat\u00e9e et \u00e9clatante. <\/p>\n","protected":false},"featured_media":54335,"comment_status":"open","ping_status":"closed","template":"","meta":{"_acf_changed":false},"product_brand":[],"product_cat":[4767,5721,5238,5241,4920,5722],"product_tag":[],"class_list":{"0":"post-54338","1":"product","2":"type-product","3":"status-publish","4":"has-post-thumbnail","6":"product_cat-beaute","7":"product_cat-lignes-soins-marque","8":"product_cat-tout-pour-visage-masques","9":"product_cat-masques-creme","10":"product_cat-beaute-soins-du-visage","11":"product_cat-volatile-purple-rose-fr","12":"pa_inhoud-200-ml-fr","13":"pa_inhoud-50-ml-fr","15":"first","16":"instock","17":"taxable","18":"shipping-taxable","19":"product-type-variable"},"acf":[],"_links":{"self":[{"href":"https:\/\/sundar.be\/fr\/wp-json\/wp\/v2\/product\/54338","targetHints":{"allow":["GET"]}}],"collection":[{"href":"https:\/\/sundar.be\/fr\/wp-json\/wp\/v2\/product"}],"about":[{"href":"https:\/\/sundar.be\/fr\/wp-json\/wp\/v2\/types\/product"}],"replies":[{"embeddable":true,"href":"https:\/\/sundar.be\/fr\/wp-json\/wp\/v2\/comments?post=54338"}],"wp:featuredmedia":[{"embeddable":true,"href":"https:\/\/sundar.be\/fr\/wp-json\/wp\/v2\/media\/54335"}],"wp:attachment":[{"href":"https:\/\/sundar.be\/fr\/wp-json\/wp\/v2\/media?parent=54338"}],"wp:term":[{"taxonomy":"product_brand","embeddable":true,"href":"https:\/\/sundar.be\/fr\/wp-json\/wp\/v2\/product_brand?post=54338"},{"taxonomy":"product_cat","embeddable":true,"href":"https:\/\/sundar.be\/fr\/wp-json\/wp\/v2\/product_cat?post=54338"},{"taxonomy":"product_tag","embeddable":true,"href":"https:\/\/sundar.be\/fr\/wp-json\/wp\/v2\/product_tag?post=54338"}],"curies":[{"name":"wp","href":"https:\/\/api.w.org\/{rel}","templated":true}]}}