{"id":54328,"date":"2025-08-04T08:23:18","date_gmt":"2025-08-04T06:23:18","guid":{"rendered":"https:\/\/sundar.be\/product\/purple-rose-creme-jour-nuit\/"},"modified":"2025-12-01T13:15:42","modified_gmt":"2025-12-01T12:15:42","slug":"purple-rose-creme-jour-nuit","status":"publish","type":"product","link":"https:\/\/sundar.be\/fr\/produit\/purple-rose-creme-jour-nuit\/","title":{"rendered":"Purple Rose Cr\u00e8me Jour &amp; Nuit"},"content":{"rendered":"<p>La <span style=\"color: #557e96;\"><strong>Purple Rose Cr\u00e8me Jour &amp; Nuit <\/strong><\/span>est un soin riche et soyeux qui hydrate, nourrit et r\u00e9g\u00e9n\u00e8re la peau pendant 24 heures. Gr\u00e2ce \u00e0 une synergie d\u2019huiles v\u00e9g\u00e9tales, d\u2019extraits floraux et d\u2019actifs apaisants, cette cr\u00e8me offre une protection de jour et une r\u00e9paration de nuit. Elle renforce la barri\u00e8re cutan\u00e9e, favorise la r\u00e9g\u00e9n\u00e9ration et laisse la peau douce, souple et \u00e9clatante.  <\/p>\n","protected":false},"excerpt":{"rendered":"<p>La <strong><span style=\"color: #557e96;\">Purple Rose Cr\u00e8me Jour &amp; Nuit<\/span><\/strong> hydrate, nourrit et r\u00e9g\u00e9n\u00e8re la peau en profondeur. Gr\u00e2ce \u00e0 sa richesse en huiles v\u00e9g\u00e9tales, extraits floraux et antioxydants, elle offre une peau souple, apais\u00e9e et lumineuse \u2013 jour et nuit. <\/p>\n","protected":false},"featured_media":54325,"comment_status":"open","ping_status":"closed","template":"","meta":{"_acf_changed":false},"product_brand":[],"product_cat":[4767,5721,4923,4920,5722],"product_tag":[],"class_list":{"0":"post-54328","1":"product","2":"type-product","3":"status-publish","4":"has-post-thumbnail","6":"product_cat-beaute","7":"product_cat-lignes-soins-marque","8":"product_cat-beaute-soins-de-jour","9":"product_cat-beaute-soins-du-visage","10":"product_cat-volatile-purple-rose-fr","11":"pa_inhoud-200-ml-fr","12":"pa_inhoud-50-ml-fr","14":"first","15":"instock","16":"taxable","17":"shipping-taxable","18":"product-type-variable"},"acf":[],"_links":{"self":[{"href":"https:\/\/sundar.be\/fr\/wp-json\/wp\/v2\/product\/54328","targetHints":{"allow":["GET"]}}],"collection":[{"href":"https:\/\/sundar.be\/fr\/wp-json\/wp\/v2\/product"}],"about":[{"href":"https:\/\/sundar.be\/fr\/wp-json\/wp\/v2\/types\/product"}],"replies":[{"embeddable":true,"href":"https:\/\/sundar.be\/fr\/wp-json\/wp\/v2\/comments?post=54328"}],"wp:featuredmedia":[{"embeddable":true,"href":"https:\/\/sundar.be\/fr\/wp-json\/wp\/v2\/media\/54325"}],"wp:attachment":[{"href":"https:\/\/sundar.be\/fr\/wp-json\/wp\/v2\/media?parent=54328"}],"wp:term":[{"taxonomy":"product_brand","embeddable":true,"href":"https:\/\/sundar.be\/fr\/wp-json\/wp\/v2\/product_brand?post=54328"},{"taxonomy":"product_cat","embeddable":true,"href":"https:\/\/sundar.be\/fr\/wp-json\/wp\/v2\/product_cat?post=54328"},{"taxonomy":"product_tag","embeddable":true,"href":"https:\/\/sundar.be\/fr\/wp-json\/wp\/v2\/product_tag?post=54328"}],"curies":[{"name":"wp","href":"https:\/\/api.w.org\/{rel}","templated":true}]}}