{"id":54318,"date":"2025-08-04T07:57:45","date_gmt":"2025-08-04T05:57:45","guid":{"rendered":"https:\/\/sundar.be\/product\/purple-rose-oog-contour-gel\/"},"modified":"2025-12-01T13:17:13","modified_gmt":"2025-12-01T12:17:13","slug":"purple-rose-oog-contour-gel","status":"publish","type":"product","link":"https:\/\/sundar.be\/fr\/produit\/purple-rose-oog-contour-gel\/","title":{"rendered":"Purple Rose Oog Contour Gel"},"content":{"rendered":"<p data-start=\"126\" data-end=\"531\">Le <span style=\"color: #557e96;\"><strong>Purple Rose Gel Contour des Yeux <\/strong><\/span>est un soin rafra\u00eechissant et l\u00e9ger sp\u00e9cialement formul\u00e9 pour hydrater, apaiser et illuminer la zone d\u00e9licate du contour des yeux. Gr\u00e2ce \u00e0 l\u2019alliance d\u2019extraits botaniques de rose, de calendula et d\u2019hamam\u00e9lis, ce gel r\u00e9veille instantan\u00e9ment le regard, att\u00e9nue les signes de fatigue et prot\u00e8ge la peau fine du contour des yeux. <\/p>\n","protected":false},"excerpt":{"rendered":"<p>Le <span style=\"color: #557e96;\"><strong>Purple Rose Gel Contour des Yeux<\/strong><\/span> hydrate, rafra\u00eechit et apaise la zone du regard. Gr\u00e2ce aux extraits de rose, calendula et hamam\u00e9lis, il aide \u00e0 r\u00e9duire les signes de fatigue pour un contour des yeux lumineux, doux et repos\u00e9. <\/p>\n","protected":false},"featured_media":54317,"comment_status":"open","ping_status":"closed","template":"","meta":{"_acf_changed":false},"product_brand":[],"product_cat":[4767,5254,5721,5253,4920,5722],"product_tag":[],"class_list":{"0":"post-54318","1":"product","2":"type-product","3":"status-publish","4":"has-post-thumbnail","6":"product_cat-beaute","7":"product_cat-soin-yeux-cremes-yeux","8":"product_cat-lignes-soins-marque","9":"product_cat-soin-des-yeux","10":"product_cat-beaute-soins-du-visage","11":"product_cat-volatile-purple-rose-fr","12":"pa_inhoud-200-ml-fr","13":"pa_inhoud-50-ml-fr","15":"first","16":"instock","17":"taxable","18":"shipping-taxable","19":"product-type-variable"},"acf":[],"_links":{"self":[{"href":"https:\/\/sundar.be\/fr\/wp-json\/wp\/v2\/product\/54318","targetHints":{"allow":["GET"]}}],"collection":[{"href":"https:\/\/sundar.be\/fr\/wp-json\/wp\/v2\/product"}],"about":[{"href":"https:\/\/sundar.be\/fr\/wp-json\/wp\/v2\/types\/product"}],"replies":[{"embeddable":true,"href":"https:\/\/sundar.be\/fr\/wp-json\/wp\/v2\/comments?post=54318"}],"wp:featuredmedia":[{"embeddable":true,"href":"https:\/\/sundar.be\/fr\/wp-json\/wp\/v2\/media\/54317"}],"wp:attachment":[{"href":"https:\/\/sundar.be\/fr\/wp-json\/wp\/v2\/media?parent=54318"}],"wp:term":[{"taxonomy":"product_brand","embeddable":true,"href":"https:\/\/sundar.be\/fr\/wp-json\/wp\/v2\/product_brand?post=54318"},{"taxonomy":"product_cat","embeddable":true,"href":"https:\/\/sundar.be\/fr\/wp-json\/wp\/v2\/product_cat?post=54318"},{"taxonomy":"product_tag","embeddable":true,"href":"https:\/\/sundar.be\/fr\/wp-json\/wp\/v2\/product_tag?post=54318"}],"curies":[{"name":"wp","href":"https:\/\/api.w.org\/{rel}","templated":true}]}}