{"id":54310,"date":"2025-08-04T07:44:37","date_gmt":"2025-08-04T05:44:37","guid":{"rendered":"https:\/\/sundar.be\/product\/purple-rose-anti-aging-creme\/"},"modified":"2025-12-01T13:17:21","modified_gmt":"2025-12-01T12:17:21","slug":"purple-rose-anti-aging-creme","status":"publish","type":"product","link":"https:\/\/sundar.be\/fr\/produit\/purple-rose-anti-aging-creme\/","title":{"rendered":"Purple Rose Anti-Aging Cr\u00e8me"},"content":{"rendered":"<p>La <span style=\"color: #557e96;\"><strong>Purple Rose Anti-Aging Cr\u00e8me<\/strong><\/span> est un soin luxueux et nourrissant qui hydrate intens\u00e9ment, raffermit et prot\u00e8ge la peau contre le vieillissement pr\u00e9matur\u00e9. Riche en huiles botaniques, en antioxydants et en extraits apaisants, cette cr\u00e8me aide \u00e0 lisser les rides, am\u00e9liorer l\u2019\u00e9lasticit\u00e9 et raviver l\u2019\u00e9clat naturel de la peau. <\/p>\n","protected":false},"excerpt":{"rendered":"<p>La <strong><span style=\"color: #557e96;\">Purple Rose Anti-Aging Cr\u00e8me<\/span><\/strong> associe des huiles naturelles, des antioxydants et des extraits apaisants pour nourrir intens\u00e9ment, lisser les rides et am\u00e9liorer l\u2019\u00e9lasticit\u00e9. Un soin quotidien pour une peau plus lisse, plus ferme et visiblement rajeunie, au parfum floral d\u00e9licat. <\/p>\n","protected":false},"featured_media":54309,"comment_status":"open","ping_status":"closed","template":"","meta":{"_acf_changed":false},"product_brand":[],"product_cat":[4767,5721,4923,4920,5722],"product_tag":[],"class_list":{"0":"post-54310","1":"product","2":"type-product","3":"status-publish","4":"has-post-thumbnail","6":"product_cat-beaute","7":"product_cat-lignes-soins-marque","8":"product_cat-beaute-soins-de-jour","9":"product_cat-beaute-soins-du-visage","10":"product_cat-volatile-purple-rose-fr","11":"pa_inhoud-200-ml-fr","12":"pa_inhoud-50-ml-fr","14":"first","15":"instock","16":"taxable","17":"shipping-taxable","18":"product-type-variable"},"acf":[],"_links":{"self":[{"href":"https:\/\/sundar.be\/fr\/wp-json\/wp\/v2\/product\/54310","targetHints":{"allow":["GET"]}}],"collection":[{"href":"https:\/\/sundar.be\/fr\/wp-json\/wp\/v2\/product"}],"about":[{"href":"https:\/\/sundar.be\/fr\/wp-json\/wp\/v2\/types\/product"}],"replies":[{"embeddable":true,"href":"https:\/\/sundar.be\/fr\/wp-json\/wp\/v2\/comments?post=54310"}],"wp:featuredmedia":[{"embeddable":true,"href":"https:\/\/sundar.be\/fr\/wp-json\/wp\/v2\/media\/54309"}],"wp:attachment":[{"href":"https:\/\/sundar.be\/fr\/wp-json\/wp\/v2\/media?parent=54310"}],"wp:term":[{"taxonomy":"product_brand","embeddable":true,"href":"https:\/\/sundar.be\/fr\/wp-json\/wp\/v2\/product_brand?post=54310"},{"taxonomy":"product_cat","embeddable":true,"href":"https:\/\/sundar.be\/fr\/wp-json\/wp\/v2\/product_cat?post=54310"},{"taxonomy":"product_tag","embeddable":true,"href":"https:\/\/sundar.be\/fr\/wp-json\/wp\/v2\/product_tag?post=54310"}],"curies":[{"name":"wp","href":"https:\/\/api.w.org\/{rel}","templated":true}]}}