{"id":54292,"date":"2025-08-04T06:56:34","date_gmt":"2025-08-04T04:56:34","guid":{"rendered":"https:\/\/sundar.be\/product\/elixir-metamorphose-extreme-eye-lift-serum-10ml\/"},"modified":"2025-08-04T07:01:59","modified_gmt":"2025-08-04T05:01:59","slug":"elixir-metamorphose-extreme-eye-lift-serum-10ml","status":"publish","type":"product","link":"https:\/\/sundar.be\/fr\/produit\/elixir-metamorphose-extreme-eye-lift-serum-10ml\/","title":{"rendered":"Elixir M\u00e9tamorphose Extreme Eye Lift Serum, 10ml"},"content":{"rendered":"<p>Le <span style=\"color: #ef85ab;\"><strong>Elixir M\u00e9tamorphose Extreme Eye Lift Serum<\/strong><\/span> est un s\u00e9rum soyeux et puissant, sp\u00e9cialement con\u00e7u pour raffermir intens\u00e9ment, hydrater en profondeur et att\u00e9nuer les signes de fatigue du contour des yeux. Sa formule avanc\u00e9e associe peptides, extraits botaniques et agents hydratants pour un regard visiblement plus frais, repos\u00e9 et lift\u00e9. <\/p>\n","protected":false},"excerpt":{"rendered":"<p><span style=\"color: #ef85ab;\"><strong>Elixir M\u00e9tamorphose Extreme Eye Lift Serum<\/strong><\/span> r\u00e9duit visiblement les signes de fatigue, att\u00e9nue les poches et raffermit la zone du regard. Une synergie puissante de peptides, d&rsquo;hydratants et d&rsquo;extraits v\u00e9g\u00e9taux pour un regard plus jeune, plus lisse et \u00e9clatant \u2013 jour apr\u00e8s jour. <\/p>\n","protected":false},"featured_media":54288,"comment_status":"open","ping_status":"closed","template":"","meta":{"_acf_changed":false},"product_brand":[],"product_cat":[4767,5254,2701,2683,5253,4920],"product_tag":[],"class_list":{"0":"post-54292","1":"product","2":"type-product","3":"status-publish","4":"has-post-thumbnail","6":"product_cat-beaute","7":"product_cat-soin-yeux-cremes-yeux","8":"product_cat-elixir-metamorphose-fr","9":"product_cat-monteil-fr","10":"product_cat-soin-des-yeux","11":"product_cat-beaute-soins-du-visage","13":"first","14":"instock","15":"taxable","16":"shipping-taxable","17":"product-type-simple"},"acf":[],"_links":{"self":[{"href":"https:\/\/sundar.be\/fr\/wp-json\/wp\/v2\/product\/54292","targetHints":{"allow":["GET"]}}],"collection":[{"href":"https:\/\/sundar.be\/fr\/wp-json\/wp\/v2\/product"}],"about":[{"href":"https:\/\/sundar.be\/fr\/wp-json\/wp\/v2\/types\/product"}],"replies":[{"embeddable":true,"href":"https:\/\/sundar.be\/fr\/wp-json\/wp\/v2\/comments?post=54292"}],"wp:featuredmedia":[{"embeddable":true,"href":"https:\/\/sundar.be\/fr\/wp-json\/wp\/v2\/media\/54288"}],"wp:attachment":[{"href":"https:\/\/sundar.be\/fr\/wp-json\/wp\/v2\/media?parent=54292"}],"wp:term":[{"taxonomy":"product_brand","embeddable":true,"href":"https:\/\/sundar.be\/fr\/wp-json\/wp\/v2\/product_brand?post=54292"},{"taxonomy":"product_cat","embeddable":true,"href":"https:\/\/sundar.be\/fr\/wp-json\/wp\/v2\/product_cat?post=54292"},{"taxonomy":"product_tag","embeddable":true,"href":"https:\/\/sundar.be\/fr\/wp-json\/wp\/v2\/product_tag?post=54292"}],"curies":[{"name":"wp","href":"https:\/\/api.w.org\/{rel}","templated":true}]}}