{"id":54007,"date":"2025-06-17T07:56:50","date_gmt":"2025-06-17T05:56:50","guid":{"rendered":"https:\/\/sundar.be\/product\/cleansing-gentle-tonic-200ml\/"},"modified":"2025-12-08T08:29:18","modified_gmt":"2025-12-08T07:29:18","slug":"cleansing-gentle-tonic-200ml","status":"publish","type":"product","link":"https:\/\/sundar.be\/fr\/produit\/cleansing-gentle-tonic-200ml\/","title":{"rendered":"Monteil CLEANSING Gentle Tonic, 200ml"},"content":{"rendered":"<p data-start=\"75\" data-end=\"450\"><span style=\"color: #557e96;\"><strong>CLEANSING Gentle Tonic <\/strong><\/span>a \u00e9t\u00e9 sp\u00e9cialement formul\u00e9e pour rafra\u00eechir et apaiser la peau de mani\u00e8re douce mais efficace apr\u00e8s le nettoyage. Sans alcool, sa formule contient des ingr\u00e9dients respectueux de la peau qui restaurent le pH cutan\u00e9, att\u00e9nuent les irritations l\u00e9g\u00e8res et procurent une hydratation imm\u00e9diate. Id\u00e9ale comme premi\u00e8re \u00e9tape de soin apr\u00e8s le nettoyage.  <\/p>\n","protected":false},"excerpt":{"rendered":"<p><strong><span style=\"color: #557e96;\">CLEANSING Gentle Tonic<\/span><\/strong> est une lotion tonique douce et rafra\u00eechissante qui hydrate, apaise et r\u00e9g\u00e9n\u00e8re la peau apr\u00e8s le nettoyage. Gr\u00e2ce \u00e0 des ingr\u00e9dients nourrissants tels que l\u2019allanto\u00efne, le sorbitol et l\u2019extrait rare de la plante de r\u00e9surrection (Myrothamnus flabellifolia), ce tonique soutient l\u2019\u00e9quilibre naturel de la peau et la pr\u00e9pare id\u00e9alement aux soins suivants. Convient m\u00eame aux peaux les plus sensibles.  <\/p>\n","protected":false},"featured_media":54005,"comment_status":"open","ping_status":"closed","template":"","meta":{"_acf_changed":false},"product_brand":[],"product_cat":[4767,2683,2693,4921,4920,5058],"product_tag":[],"class_list":{"0":"post-54007","1":"product","2":"type-product","3":"status-publish","4":"has-post-thumbnail","6":"product_cat-beaute","7":"product_cat-monteil-fr","8":"product_cat-monteil-nettoyage-exfoliation","9":"product_cat-beaute-nettoyage-exfoliation","10":"product_cat-beaute-soins-du-visage","11":"product_cat-webshop-fr","12":"pa_inhoud-testeur-non-a-la-vente-200ml","13":"pa_inhoud-vente-200ml","15":"first","16":"instock","17":"taxable","18":"shipping-taxable","19":"product-type-variable"},"acf":[],"_links":{"self":[{"href":"https:\/\/sundar.be\/fr\/wp-json\/wp\/v2\/product\/54007","targetHints":{"allow":["GET"]}}],"collection":[{"href":"https:\/\/sundar.be\/fr\/wp-json\/wp\/v2\/product"}],"about":[{"href":"https:\/\/sundar.be\/fr\/wp-json\/wp\/v2\/types\/product"}],"replies":[{"embeddable":true,"href":"https:\/\/sundar.be\/fr\/wp-json\/wp\/v2\/comments?post=54007"}],"wp:featuredmedia":[{"embeddable":true,"href":"https:\/\/sundar.be\/fr\/wp-json\/wp\/v2\/media\/54005"}],"wp:attachment":[{"href":"https:\/\/sundar.be\/fr\/wp-json\/wp\/v2\/media?parent=54007"}],"wp:term":[{"taxonomy":"product_brand","embeddable":true,"href":"https:\/\/sundar.be\/fr\/wp-json\/wp\/v2\/product_brand?post=54007"},{"taxonomy":"product_cat","embeddable":true,"href":"https:\/\/sundar.be\/fr\/wp-json\/wp\/v2\/product_cat?post=54007"},{"taxonomy":"product_tag","embeddable":true,"href":"https:\/\/sundar.be\/fr\/wp-json\/wp\/v2\/product_tag?post=54007"}],"curies":[{"name":"wp","href":"https:\/\/api.w.org\/{rel}","templated":true}]}}