{"id":53977,"date":"2025-05-30T09:40:41","date_gmt":"2025-06-13T11:58:54","guid":{"rendered":"https:\/\/sundar.be\/product\/fauteuil-de-soins-manuel-basic-pinto\/"},"modified":"2025-06-13T13:58:54","modified_gmt":"2025-06-13T11:58:54","slug":"fauteuil-de-soins-manuel-basic-pinto","status":"publish","type":"product","link":"https:\/\/sundar.be\/fr\/produit\/fauteuil-de-soins-manuel-basic-pinto\/","title":{"rendered":"Fauteuil de soins manuel Basic Pinto"},"content":{"rendered":"<p>Fauteuil de soins multifonction manuel, pouvant \u00e9galement servir de table de massage. Les accoudoirs amovibles s\u2019ajustent en fonction de la position du fauteuil, et un trou facial est dissimul\u00e9 sous l\u2019appui-t\u00eate amovible. Le fauteuil Basic Pinto est \u00e9quip\u00e9 de 2 compartiments de rangement pratiques et livr\u00e9 avec un porte-rouleau pour le papier d\u2019examen.  <\/p>\n<p>Fauteuil manuel id\u00e9al pour d\u00e9marrer un salon avec un petit budget.<\/p>\n<p><strong>D\u00e9tails :<\/strong><\/p>\n<ul>\n<li>Longueur : 180 cm<\/li>\n<li>Largeur : 63 cm (82 cm avec accoudoirs)<\/li>\n<li>Hauteur : 74 cm<\/li>\n<li>Couleur : blanc<\/li>\n<li>Poids maximal support\u00e9 : 200 kg<\/li>\n<li>Garantie 1 an<\/li>\n<\/ul>\n","protected":false},"excerpt":{"rendered":"<p>Fauteuil de soins multifonction manuel, pouvant \u00e9galement servir de table de massage. Les accoudoirs amovibles s\u2019ajustent en fonction de la position du fauteuil, et un trou facial est dissimul\u00e9 sous l\u2019appui-t\u00eate amovible. Le fauteuil Basic Pinto est \u00e9quip\u00e9 de 2 compartiments de rangement pratiques et livr\u00e9 avec un porte-rouleau pour le papier d\u2019examen. Fauteuil manuel [&hellip;]<\/p>\n","protected":false},"featured_media":53819,"comment_status":"open","ping_status":"closed","template":"","meta":{"_acf_changed":false},"product_brand":[],"product_cat":[4945,4791,4784],"product_tag":[],"class_list":{"0":"post-53977","1":"product","2":"type-product","3":"status-publish","4":"has-post-thumbnail","6":"product_cat-amenagement-institut-webshop-fr","7":"product_cat-fauteuils-soins-esthetiques","8":"product_cat-amenagement-mobilier","9":"pa_kleur-lichtgrijs","10":"pa_kleur-wit","12":"first","13":"instock","14":"taxable","15":"shipping-taxable","16":"product-type-variable"},"acf":[],"_links":{"self":[{"href":"https:\/\/sundar.be\/fr\/wp-json\/wp\/v2\/product\/53977","targetHints":{"allow":["GET"]}}],"collection":[{"href":"https:\/\/sundar.be\/fr\/wp-json\/wp\/v2\/product"}],"about":[{"href":"https:\/\/sundar.be\/fr\/wp-json\/wp\/v2\/types\/product"}],"replies":[{"embeddable":true,"href":"https:\/\/sundar.be\/fr\/wp-json\/wp\/v2\/comments?post=53977"}],"wp:featuredmedia":[{"embeddable":true,"href":"https:\/\/sundar.be\/fr\/wp-json\/wp\/v2\/media\/53819"}],"wp:attachment":[{"href":"https:\/\/sundar.be\/fr\/wp-json\/wp\/v2\/media?parent=53977"}],"wp:term":[{"taxonomy":"product_brand","embeddable":true,"href":"https:\/\/sundar.be\/fr\/wp-json\/wp\/v2\/product_brand?post=53977"},{"taxonomy":"product_cat","embeddable":true,"href":"https:\/\/sundar.be\/fr\/wp-json\/wp\/v2\/product_cat?post=53977"},{"taxonomy":"product_tag","embeddable":true,"href":"https:\/\/sundar.be\/fr\/wp-json\/wp\/v2\/product_tag?post=53977"}],"curies":[{"name":"wp","href":"https:\/\/api.w.org\/{rel}","templated":true}]}}