{"id":53976,"date":"2025-05-30T09:44:13","date_gmt":"2025-06-13T11:57:05","guid":{"rendered":"https:\/\/sundar.be\/product\/fauteuil-de-soins-electrique-darcy-4-moteurs\/"},"modified":"2025-06-13T13:57:05","modified_gmt":"2025-06-13T11:57:05","slug":"fauteuil-de-soins-electrique-darcy-4-moteurs","status":"publish","type":"product","link":"https:\/\/sundar.be\/fr\/produit\/fauteuil-de-soins-electrique-darcy-4-moteurs\/","title":{"rendered":"Fauteuil de soins \u00e9lectrique Darcy \u2013 4 moteurs"},"content":{"rendered":"<p>Voici notre tout nouveau fauteuil 4 moteurs. Ce fauteuil de soins de luxe offre \u00e0 vos clients un confort exceptionnel gr\u00e2ce \u00e0 son rembourrage doux et haut de gamme. Le repose-jambes peut \u00eatre compl\u00e8tement abaiss\u00e9, ce qui permet au client de monter dans le fauteuil par l\u2019avant plut\u00f4t que par le c\u00f4t\u00e9. Le fauteuil est livr\u00e9 avec commandes manuelle et p\u00e9dale.   <\/p>\n<ul>\n<li>Couleur : blanc cass\u00e9<\/li>\n<li>Pivotant<\/li>\n<li>Garantie : 1 an<\/li>\n<li>Garantie moteurs : 3 ans<\/li>\n<li>Commandes manuelle et p\u00e9dale incluses<\/li>\n<li>\u00c9quip\u00e9 de 2 roulettes<\/li>\n<li>4 moteurs : un pour la hauteur, un pour l\u2019inclinaison du dossier, un pour le repose-jambes et un pour la fonction bascule<\/li>\n<\/ul>\n<p><strong>Specifications<\/strong><\/p>\n<ul>\n<li>Charge maximale : 170 kg<\/li>\n<li>Hauteur : min. 62 cm, max. 101 cm<\/li>\n<li>Largeur de l\u2019assise : 58 cm<\/li>\n<li>Largeur totale (avec accoudoirs) : 84 cm <\/li>\n<li>Longueur : min. 186 cm, max. 207 cm<\/li>\n<\/ul>\n<p>Entr\u00e9e basse facilitant l\u2019acc\u00e8s des clients<\/p>\n<p>Hauteur maximale permettant aussi un travail en position debout<\/p>\n","protected":false},"excerpt":{"rendered":"<p>Voici notre tout nouveau fauteuil 4 moteurs. Ce fauteuil de soins de luxe offre \u00e0 vos clients un confort exceptionnel gr\u00e2ce \u00e0 son rembourrage doux et haut de gamme. Le repose-jambes peut \u00eatre compl\u00e8tement abaiss\u00e9, ce qui permet au client de monter dans le fauteuil par l\u2019avant plut\u00f4t que par le c\u00f4t\u00e9. Le fauteuil est [&hellip;]<\/p>\n","protected":false},"featured_media":53827,"comment_status":"open","ping_status":"closed","template":"","meta":{"_acf_changed":false},"product_brand":[],"product_cat":[4945,4791,4784],"product_tag":[],"class_list":{"0":"post-53976","1":"product","2":"type-product","3":"status-publish","4":"has-post-thumbnail","6":"product_cat-amenagement-institut-webshop-fr","7":"product_cat-fauteuils-soins-esthetiques","8":"product_cat-amenagement-mobilier","10":"first","11":"instock","12":"taxable","13":"shipping-taxable","14":"product-type-simple"},"acf":[],"_links":{"self":[{"href":"https:\/\/sundar.be\/fr\/wp-json\/wp\/v2\/product\/53976","targetHints":{"allow":["GET"]}}],"collection":[{"href":"https:\/\/sundar.be\/fr\/wp-json\/wp\/v2\/product"}],"about":[{"href":"https:\/\/sundar.be\/fr\/wp-json\/wp\/v2\/types\/product"}],"replies":[{"embeddable":true,"href":"https:\/\/sundar.be\/fr\/wp-json\/wp\/v2\/comments?post=53976"}],"wp:featuredmedia":[{"embeddable":true,"href":"https:\/\/sundar.be\/fr\/wp-json\/wp\/v2\/media\/53827"}],"wp:attachment":[{"href":"https:\/\/sundar.be\/fr\/wp-json\/wp\/v2\/media?parent=53976"}],"wp:term":[{"taxonomy":"product_brand","embeddable":true,"href":"https:\/\/sundar.be\/fr\/wp-json\/wp\/v2\/product_brand?post=53976"},{"taxonomy":"product_cat","embeddable":true,"href":"https:\/\/sundar.be\/fr\/wp-json\/wp\/v2\/product_cat?post=53976"},{"taxonomy":"product_tag","embeddable":true,"href":"https:\/\/sundar.be\/fr\/wp-json\/wp\/v2\/product_tag?post=53976"}],"curies":[{"name":"wp","href":"https:\/\/api.w.org\/{rel}","templated":true}]}}