{"id":53975,"date":"2025-05-30T09:49:17","date_gmt":"2025-06-13T11:54:19","guid":{"rendered":"https:\/\/sundar.be\/product\/fauteuil-de-soins-electrique-discovery-3-moteurs\/"},"modified":"2025-06-13T13:54:19","modified_gmt":"2025-06-13T11:54:19","slug":"fauteuil-de-soins-electrique-discovery-3-moteurs","status":"publish","type":"product","link":"https:\/\/sundar.be\/fr\/produit\/fauteuil-de-soins-electrique-discovery-3-moteurs\/","title":{"rendered":"Fauteuil de soins \u00e9lectrique Discovery \u2013 3 moteurs"},"content":{"rendered":"<p>Le fauteuil de soins \u00e9lectrique Discovery est enti\u00e8rement motoris\u00e9 et \u00e9quip\u00e9 de 4 moteurs puissants ainsi que d\u2019un chauffage confortable. Gr\u00e2ce \u00e0 la t\u00e9l\u00e9commande facile \u00e0 utiliser, vous pouvez r\u00e9gler le fauteuil sans effort dans la position souhait\u00e9e : hauteur, dossier, inclinaison et repose-jambes.  <\/p>\n<p>Le fauteuil dispose d\u2019un matelas tr\u00e8s confortable et est rev\u00eatu d\u2019un cuir PU de haute qualit\u00e9. Les appuis-t\u00eate et repose-pieds sont extensibles pour s\u2019adapter \u00e0 la longueur d\u00e9sir\u00e9e. L\u2019appui-t\u00eate est \u00e9galement dot\u00e9 d\u2019une ouverture respirante pour une position ventre id\u00e9ale. Cela transforme le fauteuil en une table de massage compl\u00e8te lorsqu\u2019il est en position horizontale.<br \/>Un autre atout de ce fauteuil est sa capacit\u00e9 \u00e0 pivoter jusqu\u2019\u00e0 85 degr\u00e9s, ce qui est tr\u00e8s pratique dans des espaces restreints.     <\/p>\n<p><strong>Dimensions et caract\u00e9ristiques :<\/strong><\/p>\n<ul>\n<li>Hauteur : min. 62 cm \/ max. 101 cm<\/li>\n<li>Largeur de l\u2019assise : 58 cm<\/li>\n<li>Largeur totale (avec accoudoirs) : 84 cm <\/li>\n<li>Longueur : max. 207 cm \/ min. 186 cm<\/li>\n<li>Fonction d\u2019inclinaison<\/li>\n<li>Commandes \u00e0 main et \u00e0 pied incluses<\/li>\n<li>Capacit\u00e9 maximale de charge : 170 kg<\/li>\n<li>Facilement d\u00e9pla\u00e7able gr\u00e2ce aux roulettes<\/li>\n<li>Appuis-t\u00eate et repose-pieds extensibles<\/li>\n<li>Couleur : blanc cass\u00e9 (off white)<\/li>\n<li>Entr\u00e9e basse facilitant l\u2019acc\u00e8s des clients<\/li>\n<li>Hauteur maximale permettant aussi un travail en position debout<\/li>\n<li>Garantie : 1 an (hors accoudoirs et usure)<\/li>\n<li>Garantie : 3 ans sur les moteurs<\/li>\n<\/ul>\n","protected":false},"excerpt":{"rendered":"<p>Le fauteuil de soins \u00e9lectrique Discovery est enti\u00e8rement motoris\u00e9 et \u00e9quip\u00e9 de 4 moteurs puissants ainsi que d\u2019un chauffage confortable. Gr\u00e2ce \u00e0 la t\u00e9l\u00e9commande facile \u00e0 utiliser, vous pouvez r\u00e9gler le fauteuil sans effort dans la position souhait\u00e9e : hauteur, dossier, inclinaison et repose-jambes. Le fauteuil dispose d\u2019un matelas tr\u00e8s confortable et est rev\u00eatu d\u2019un [&hellip;]<\/p>\n","protected":false},"featured_media":53835,"comment_status":"open","ping_status":"closed","template":"","meta":{"_acf_changed":false},"product_brand":[],"product_cat":[4945,4791,4784],"product_tag":[],"class_list":{"0":"post-53975","1":"product","2":"type-product","3":"status-publish","4":"has-post-thumbnail","6":"product_cat-amenagement-institut-webshop-fr","7":"product_cat-fauteuils-soins-esthetiques","8":"product_cat-amenagement-mobilier","10":"first","11":"instock","12":"taxable","13":"shipping-taxable","14":"product-type-simple"},"acf":[],"_links":{"self":[{"href":"https:\/\/sundar.be\/fr\/wp-json\/wp\/v2\/product\/53975","targetHints":{"allow":["GET"]}}],"collection":[{"href":"https:\/\/sundar.be\/fr\/wp-json\/wp\/v2\/product"}],"about":[{"href":"https:\/\/sundar.be\/fr\/wp-json\/wp\/v2\/types\/product"}],"replies":[{"embeddable":true,"href":"https:\/\/sundar.be\/fr\/wp-json\/wp\/v2\/comments?post=53975"}],"wp:featuredmedia":[{"embeddable":true,"href":"https:\/\/sundar.be\/fr\/wp-json\/wp\/v2\/media\/53835"}],"wp:attachment":[{"href":"https:\/\/sundar.be\/fr\/wp-json\/wp\/v2\/media?parent=53975"}],"wp:term":[{"taxonomy":"product_brand","embeddable":true,"href":"https:\/\/sundar.be\/fr\/wp-json\/wp\/v2\/product_brand?post=53975"},{"taxonomy":"product_cat","embeddable":true,"href":"https:\/\/sundar.be\/fr\/wp-json\/wp\/v2\/product_cat?post=53975"},{"taxonomy":"product_tag","embeddable":true,"href":"https:\/\/sundar.be\/fr\/wp-json\/wp\/v2\/product_tag?post=53975"}],"curies":[{"name":"wp","href":"https:\/\/api.w.org\/{rel}","templated":true}]}}