{"id":53974,"date":"2025-05-30T09:53:05","date_gmt":"2025-06-13T11:52:02","guid":{"rendered":"https:\/\/sundar.be\/product\/fauteuil-de-soins-esthetique-laura-avec-pompe-hydraulique\/"},"modified":"2025-06-13T13:52:02","modified_gmt":"2025-06-13T11:52:02","slug":"fauteuil-de-soins-esthetique-laura-avec-pompe-hydraulique","status":"publish","type":"product","link":"https:\/\/sundar.be\/fr\/produit\/fauteuil-de-soins-esthetique-laura-avec-pompe-hydraulique\/","title":{"rendered":"Fauteuil de soins Esth\u00e9tique Laura avec pompe hydraulique"},"content":{"rendered":"<p>Lit-fauteuil pour soins esth\u00e9tiques avec pompe hydraulique, parties t\u00eate et pieds r\u00e9glables et assise tr\u00e8s confortable. Ce fauteuil de soins est \u00e9quip\u00e9 d\u2019une ouverture pour le visage avec appui-t\u00eate amovible.<\/p>\n<p>Dimensions : 63 cm de large, 185 cm de long, et hauteur r\u00e9glable de 60 cm \u00e0 80 cm.<\/p>\n","protected":false},"excerpt":{"rendered":"<p>Lit-fauteuil pour soins esth\u00e9tiques avec pompe hydraulique, parties t\u00eate et pieds r\u00e9glables et assise tr\u00e8s confortable. Ce fauteuil de soins est \u00e9quip\u00e9 d\u2019une ouverture pour le visage avec appui-t\u00eate amovible. Dimensions : 63 cm de large, 185 cm de long, et hauteur r\u00e9glable de 60 cm \u00e0 80 cm.<\/p>\n","protected":false},"featured_media":53840,"comment_status":"open","ping_status":"closed","template":"","meta":{"_acf_changed":false},"product_brand":[],"product_cat":[4945,4791,4784],"product_tag":[],"class_list":{"0":"post-53974","1":"product","2":"type-product","3":"status-publish","4":"has-post-thumbnail","6":"product_cat-amenagement-institut-webshop-fr","7":"product_cat-fauteuils-soins-esthetiques","8":"product_cat-amenagement-mobilier","10":"first","11":"instock","12":"taxable","13":"shipping-taxable","14":"product-type-simple"},"acf":[],"_links":{"self":[{"href":"https:\/\/sundar.be\/fr\/wp-json\/wp\/v2\/product\/53974","targetHints":{"allow":["GET"]}}],"collection":[{"href":"https:\/\/sundar.be\/fr\/wp-json\/wp\/v2\/product"}],"about":[{"href":"https:\/\/sundar.be\/fr\/wp-json\/wp\/v2\/types\/product"}],"replies":[{"embeddable":true,"href":"https:\/\/sundar.be\/fr\/wp-json\/wp\/v2\/comments?post=53974"}],"wp:featuredmedia":[{"embeddable":true,"href":"https:\/\/sundar.be\/fr\/wp-json\/wp\/v2\/media\/53840"}],"wp:attachment":[{"href":"https:\/\/sundar.be\/fr\/wp-json\/wp\/v2\/media?parent=53974"}],"wp:term":[{"taxonomy":"product_brand","embeddable":true,"href":"https:\/\/sundar.be\/fr\/wp-json\/wp\/v2\/product_brand?post=53974"},{"taxonomy":"product_cat","embeddable":true,"href":"https:\/\/sundar.be\/fr\/wp-json\/wp\/v2\/product_cat?post=53974"},{"taxonomy":"product_tag","embeddable":true,"href":"https:\/\/sundar.be\/fr\/wp-json\/wp\/v2\/product_tag?post=53974"}],"curies":[{"name":"wp","href":"https:\/\/api.w.org\/{rel}","templated":true}]}}