{"id":53971,"date":"2025-06-02T07:52:17","date_gmt":"2025-06-13T11:46:53","guid":{"rendered":"https:\/\/sundar.be\/product\/appareil-ultrasonique-14l\/"},"modified":"2025-06-13T13:46:53","modified_gmt":"2025-06-13T11:46:53","slug":"appareil-ultrasonique-14l","status":"publish","type":"product","link":"https:\/\/sundar.be\/fr\/produit\/appareil-ultrasonique-14l\/","title":{"rendered":"Appareil Ultrasonique 1,4L"},"content":{"rendered":"<p>Pour un nettoyage efficace des instruments et fraises, un nettoyeur ultrasonique est id\u00e9al. Les vibrations g\u00e9n\u00e9r\u00e9es par l\u2019appareil \u00e9liminent toujours \u00e0 100 % toutes les particules de salet\u00e9 microscopiques. Vous \u00eates ainsi assur\u00e9 que vos instruments sont toujours parfaitement propres.  <\/p>\n<p>Le temps de nettoyage se r\u00e8gle facilement gr\u00e2ce aux 5 touches de s\u00e9lection rapide. Le large r\u00e9servoir en acier inoxydable a une capacit\u00e9 de 1,4 litre et est livr\u00e9 avec un panier pratique pour y placer les instruments. <\/p>\n<p><strong>D\u00e9tails :<\/strong><\/p>\n<ul>\n<li>Fr\u00e9quence ultrasonique : 42 kHz<\/li>\n<li>Mat\u00e9riau du r\u00e9servoir : acier inoxydable SUS304<\/li>\n<li>Capacit\u00e9 du r\u00e9servoir : 1,4 litre<\/li>\n<li>Dimensions du panier : 160 x 128 x 46 mm<\/li>\n<li>Minuterie : 5 cycles, r\u00e9glable avec affichage digital<\/li>\n<li>Consommation \u00e9lectrique : 100 watts<\/li>\n<li>Dimensions ext\u00e9rieures : 230 x 180 x 160 mm<\/li>\n<li>Le nettoyeur ultrasonique est livr\u00e9 sans liquide de nettoyage ultrasonique.<\/li>\n<\/ul>\n","protected":false},"excerpt":{"rendered":"<p>Pour un nettoyage efficace des instruments et fraises, un nettoyeur ultrasonique est id\u00e9al. Les vibrations g\u00e9n\u00e9r\u00e9es par l\u2019appareil \u00e9liminent toujours \u00e0 100 % toutes les particules de salet\u00e9 microscopiques. Vous \u00eates ainsi assur\u00e9 que vos instruments sont toujours parfaitement propres. Le temps de nettoyage se r\u00e8gle facilement gr\u00e2ce aux 5 touches de s\u00e9lection rapide. Le [&hellip;]<\/p>\n","protected":false},"featured_media":53854,"comment_status":"open","ping_status":"closed","template":"","meta":{"_acf_changed":false},"product_brand":[],"product_cat":[4945,4769,5610],"product_tag":[],"class_list":{"0":"post-53971","1":"product","2":"type-product","3":"status-publish","4":"has-post-thumbnail","6":"product_cat-amenagement-institut-webshop-fr","7":"product_cat-amenagement-appareils","8":"product_cat-nettoyeur-ultrasonique","10":"first","11":"instock","12":"taxable","13":"shipping-taxable","14":"product-type-simple"},"acf":[],"_links":{"self":[{"href":"https:\/\/sundar.be\/fr\/wp-json\/wp\/v2\/product\/53971","targetHints":{"allow":["GET"]}}],"collection":[{"href":"https:\/\/sundar.be\/fr\/wp-json\/wp\/v2\/product"}],"about":[{"href":"https:\/\/sundar.be\/fr\/wp-json\/wp\/v2\/types\/product"}],"replies":[{"embeddable":true,"href":"https:\/\/sundar.be\/fr\/wp-json\/wp\/v2\/comments?post=53971"}],"wp:featuredmedia":[{"embeddable":true,"href":"https:\/\/sundar.be\/fr\/wp-json\/wp\/v2\/media\/53854"}],"wp:attachment":[{"href":"https:\/\/sundar.be\/fr\/wp-json\/wp\/v2\/media?parent=53971"}],"wp:term":[{"taxonomy":"product_brand","embeddable":true,"href":"https:\/\/sundar.be\/fr\/wp-json\/wp\/v2\/product_brand?post=53971"},{"taxonomy":"product_cat","embeddable":true,"href":"https:\/\/sundar.be\/fr\/wp-json\/wp\/v2\/product_cat?post=53971"},{"taxonomy":"product_tag","embeddable":true,"href":"https:\/\/sundar.be\/fr\/wp-json\/wp\/v2\/product_tag?post=53971"}],"curies":[{"name":"wp","href":"https:\/\/api.w.org\/{rel}","templated":true}]}}