{"id":53970,"date":"2025-06-02T07:55:07","date_gmt":"2025-06-02T05:55:07","guid":{"rendered":"https:\/\/sundar.be\/product\/lutticke-appareil-untrasonique-2-5l-cd-4820\/"},"modified":"2025-12-01T13:27:18","modified_gmt":"2025-12-01T12:27:18","slug":"lutticke-appareil-untrasonique-2-5l-cd-4820","status":"publish","type":"product","link":"https:\/\/sundar.be\/fr\/produit\/lutticke-appareil-untrasonique-2-5l-cd-4820\/","title":{"rendered":"Lutticke Appareil Untrasonique 2.5L CD-4820"},"content":{"rendered":"<p>Ce nettoyeur ultrasonique nettoie tous les instruments \u00e0 l\u2019aide de vibrations ultrasoniques haute fr\u00e9quence.<\/p>\n<p>Le nettoyage par ultrasons fonctionne selon le principe de la cavitation.<\/p>\n<p>Une fois activ\u00e9, le nettoyeur \u00e9met des ondes sonores tridimensionnelles qui g\u00e9n\u00e8rent une pression positive et n\u00e9gative.<\/p>\n<p>Les ondes ultrasoniques g\u00e9n\u00e8rent des bulles microscopiques qui accumulent de l\u2019\u00e9nergie sous pression n\u00e9gative, puis implosent \u00e0 grande vitesse (43 000 fois par seconde) sous pression positive.<\/p>\n<p>Ces bulles en implosion cr\u00e9ent alors un vide qui arrache litt\u00e9ralement les particules de salet\u00e9 des surfaces, \u00e0 une vitesse pouvant atteindre 400 km\/h.<\/p>\n<p>Gr\u00e2ce \u00e0 la tr\u00e8s petite taille des bulles, cette m\u00e9thode est particuli\u00e8rement adapt\u00e9e au nettoyage des zones difficiles d\u2019acc\u00e8s, sans risque d\u2019endommager le mat\u00e9riau.<\/p>\n<p>Comme agent de nettoyage, on utilise g\u00e9n\u00e9ralement de l\u2019eau en combinaison avec <span style=\"color: #557e96;\"><strong><a style=\"color: #557e96;\" href=\"https:\/\/sundar.be\/fr\/produit\/podisan-1000ml\/\">Podisan<\/a><\/strong><\/span>, <span style=\"color: #557e96;\"><strong><a style=\"color: #557e96;\" href=\"https:\/\/sundar.be\/fr\/produit\/podisonic\/\">Podisonic <\/a><\/strong><\/span>ou Barbicide.<\/p>\n<p><strong>Specifications:<\/strong><\/p>\n<ul>\n<li>Minuterie r\u00e9glable de 1 \u00e0 8 minutes.<\/li>\n<li>\u00c9l\u00e9ment chauffant en c\u00e9ramique jusqu\u2019\u00e0 65 degr\u00e9s.<\/li>\n<li>Fr\u00e9quence ultrasonique : 40 kHz.<\/li>\n<li>Contenu r\u00e9servoir: 2.5L;<\/li>\n<li>Consommation : 70 W.<\/li>\n<li>Alimentation : 240 VCA \/ 50 Hz.<\/li>\n<li>Dimensions: 22.5 x 29.0 x 18.0 cm.<\/li>\n<li>Dimensions du r\u00e9servoir : 25 x 15 x 8 cm.<\/li>\n<li>Poids 2500 gr<\/li>\n<\/ul>\n","protected":false},"excerpt":{"rendered":"<p>Ce nettoyeur ultrasonique nettoie tous les instruments \u00e0 l\u2019aide de vibrations ultrasoniques haute fr\u00e9quence. Le nettoyage par ultrasons fonctionne selon le principe de la cavitation. Une fois activ\u00e9, le nettoyeur \u00e9met des ondes sonores tridimensionnelles qui g\u00e9n\u00e8rent une pression positive et n\u00e9gative. Les ondes ultrasoniques g\u00e9n\u00e8rent des bulles microscopiques qui accumulent de l\u2019\u00e9nergie sous pression [&hellip;]<\/p>\n","protected":false},"featured_media":53857,"comment_status":"open","ping_status":"closed","template":"","meta":{"_acf_changed":false},"product_brand":[],"product_cat":[4945,4769,5610],"product_tag":[],"class_list":{"0":"post-53970","1":"product","2":"type-product","3":"status-publish","4":"has-post-thumbnail","6":"product_cat-amenagement-institut-webshop-fr","7":"product_cat-amenagement-appareils","8":"product_cat-nettoyeur-ultrasonique","10":"first","11":"instock","12":"taxable","13":"shipping-taxable","14":"product-type-simple"},"acf":[],"_links":{"self":[{"href":"https:\/\/sundar.be\/fr\/wp-json\/wp\/v2\/product\/53970","targetHints":{"allow":["GET"]}}],"collection":[{"href":"https:\/\/sundar.be\/fr\/wp-json\/wp\/v2\/product"}],"about":[{"href":"https:\/\/sundar.be\/fr\/wp-json\/wp\/v2\/types\/product"}],"replies":[{"embeddable":true,"href":"https:\/\/sundar.be\/fr\/wp-json\/wp\/v2\/comments?post=53970"}],"wp:featuredmedia":[{"embeddable":true,"href":"https:\/\/sundar.be\/fr\/wp-json\/wp\/v2\/media\/53857"}],"wp:attachment":[{"href":"https:\/\/sundar.be\/fr\/wp-json\/wp\/v2\/media?parent=53970"}],"wp:term":[{"taxonomy":"product_brand","embeddable":true,"href":"https:\/\/sundar.be\/fr\/wp-json\/wp\/v2\/product_brand?post=53970"},{"taxonomy":"product_cat","embeddable":true,"href":"https:\/\/sundar.be\/fr\/wp-json\/wp\/v2\/product_cat?post=53970"},{"taxonomy":"product_tag","embeddable":true,"href":"https:\/\/sundar.be\/fr\/wp-json\/wp\/v2\/product_tag?post=53970"}],"curies":[{"name":"wp","href":"https:\/\/api.w.org\/{rel}","templated":true}]}}