{"id":53969,"date":"2025-06-02T08:11:53","date_gmt":"2025-06-13T11:40:30","guid":{"rendered":"https:\/\/sundar.be\/product\/appareil-a-ultrasons-25-l-avec-panier-en-acier-inoxydable\/"},"modified":"2025-06-13T13:40:30","modified_gmt":"2025-06-13T11:40:30","slug":"appareil-a-ultrasons-25-l-avec-panier-en-acier-inoxydable","status":"publish","type":"product","link":"https:\/\/sundar.be\/fr\/produit\/appareil-a-ultrasons-25-l-avec-panier-en-acier-inoxydable\/","title":{"rendered":"Appareil \u00e0 ultrasons 2,5 L avec panier en acier inoxydable"},"content":{"rendered":"<p>Cet appareil \u00e0 ultrasons nettoie tous les instruments gr\u00e2ce \u00e0 des vibrations ultrasoniques haute fr\u00e9quence. Le nettoyage par ultrasons repose sur le principe de la cavitation. Une fois activ\u00e9, l\u2019appareil \u00e9met des ondes sonores tridimensionnelles qui g\u00e9n\u00e8rent une pression positive et n\u00e9gative. Ces ondes provoquent la formation de bulles microscopiques qui accumulent de l\u2019\u00e9nergie sous pression n\u00e9gative, puis implosent \u00e0 une fr\u00e9quence de 43 000 fois par seconde sous pression positive. Cette implosion cr\u00e9e un vide qui arrache litt\u00e9ralement les particules de salet\u00e9 des surfaces, \u00e0 une vitesse pouvant atteindre 400 km\/h. Gr\u00e2ce \u00e0 la taille extr\u00eamement r\u00e9duite des bulles, cette m\u00e9thode est id\u00e9ale pour le nettoyage des zones difficiles d\u2019acc\u00e8s, sans risque d\u2019endommager les mat\u00e9riaux.     <\/p>\n<p>Comme agent de nettoyage, on utilise g\u00e9n\u00e9ralement de l\u2019eau en combinaison avec Podisan, Podisonic ou Barbicide.<\/p>\n<ul>\n<li>Transducteur puissant pour un nettoyage optimal.<\/li>\n<li>Grand r\u00e9servoir adapt\u00e9 \u00e0 un usage professionnel.<\/li>\n<li>Avec fonction minuterie.<\/li>\n<\/ul>\n","protected":false},"excerpt":{"rendered":"<p>Cet appareil \u00e0 ultrasons nettoie tous les instruments gr\u00e2ce \u00e0 des vibrations ultrasoniques haute fr\u00e9quence. Le nettoyage par ultrasons repose sur le principe de la cavitation. Une fois activ\u00e9, l\u2019appareil \u00e9met des ondes sonores tridimensionnelles qui g\u00e9n\u00e8rent une pression positive et n\u00e9gative. Ces ondes provoquent la formation de bulles microscopiques qui accumulent de l\u2019\u00e9nergie sous [&hellip;]<\/p>\n","protected":false},"featured_media":53860,"comment_status":"open","ping_status":"closed","template":"","meta":{"_acf_changed":false},"product_brand":[],"product_cat":[4945,4769,5610],"product_tag":[],"class_list":{"0":"post-53969","1":"product","2":"type-product","3":"status-publish","4":"has-post-thumbnail","6":"product_cat-amenagement-institut-webshop-fr","7":"product_cat-amenagement-appareils","8":"product_cat-nettoyeur-ultrasonique","10":"first","11":"instock","12":"taxable","13":"shipping-taxable","14":"product-type-simple"},"acf":[],"_links":{"self":[{"href":"https:\/\/sundar.be\/fr\/wp-json\/wp\/v2\/product\/53969","targetHints":{"allow":["GET"]}}],"collection":[{"href":"https:\/\/sundar.be\/fr\/wp-json\/wp\/v2\/product"}],"about":[{"href":"https:\/\/sundar.be\/fr\/wp-json\/wp\/v2\/types\/product"}],"replies":[{"embeddable":true,"href":"https:\/\/sundar.be\/fr\/wp-json\/wp\/v2\/comments?post=53969"}],"wp:featuredmedia":[{"embeddable":true,"href":"https:\/\/sundar.be\/fr\/wp-json\/wp\/v2\/media\/53860"}],"wp:attachment":[{"href":"https:\/\/sundar.be\/fr\/wp-json\/wp\/v2\/media?parent=53969"}],"wp:term":[{"taxonomy":"product_brand","embeddable":true,"href":"https:\/\/sundar.be\/fr\/wp-json\/wp\/v2\/product_brand?post=53969"},{"taxonomy":"product_cat","embeddable":true,"href":"https:\/\/sundar.be\/fr\/wp-json\/wp\/v2\/product_cat?post=53969"},{"taxonomy":"product_tag","embeddable":true,"href":"https:\/\/sundar.be\/fr\/wp-json\/wp\/v2\/product_tag?post=53969"}],"curies":[{"name":"wp","href":"https:\/\/api.w.org\/{rel}","templated":true}]}}