{"id":53967,"date":"2025-06-02T08:15:57","date_gmt":"2025-06-13T11:28:46","guid":{"rendered":"https:\/\/sundar.be\/product\/clinic-pro-nettoyeur-ultrasonique-1200-ml\/"},"modified":"2025-06-13T13:28:46","modified_gmt":"2025-06-13T11:28:46","slug":"clinic-pro-nettoyeur-ultrasonique-1200-ml","status":"publish","type":"product","link":"https:\/\/sundar.be\/fr\/produit\/clinic-pro-nettoyeur-ultrasonique-1200-ml\/","title":{"rendered":"Clinic Pro Nettoyeur Ultrasonique \u2013 1200 ml"},"content":{"rendered":"<p>Le Clinic Pro Ultrasoonreiniger 1200 ml est un appareil puissant et efficace con\u00e7u pour le nettoyage en profondeur des instruments professionnels tels que les embouts de ponceuse, les pinces, les ciseaux et autres outils de manucure\/p\u00e9dicure.  <\/p>\n<p><strong>D\u00e9tails :<\/strong><\/p>\n<ul>\n<li>Capacit\u00e9 du r\u00e9servoir : 1200 ml<\/li>\n<li>Panier int\u00e9rieur inclus<\/li>\n<li>Dimensions du r\u00e9servoir : 16,8 x 13,7 x 6,4 cm<\/li>\n<li>Consommation \u00e9lectrique : 30 watts<\/li>\n<li>Fr\u00e9quence ultrasonique : 42 kHz<\/li>\n<li>Le nettoyeur ultrasonique est livr\u00e9 sans liquide de nettoyage ultrasonique.<\/li>\n<\/ul>\n","protected":false},"excerpt":{"rendered":"<p>Le Clinic Pro Ultrasoonreiniger 1200 ml est un appareil puissant et efficace con\u00e7u pour le nettoyage en profondeur des instruments professionnels tels que les embouts de ponceuse, les pinces, les ciseaux et autres outils de manucure\/p\u00e9dicure. D\u00e9tails : Capacit\u00e9 du r\u00e9servoir : 1200 ml Panier int\u00e9rieur inclus Dimensions du r\u00e9servoir : 16,8 x 13,7 x [&hellip;]<\/p>\n","protected":false},"featured_media":53870,"comment_status":"open","ping_status":"closed","template":"","meta":{"_acf_changed":false},"product_brand":[],"product_cat":[4945,4769,5610],"product_tag":[],"class_list":{"0":"post-53967","1":"product","2":"type-product","3":"status-publish","4":"has-post-thumbnail","6":"product_cat-amenagement-institut-webshop-fr","7":"product_cat-amenagement-appareils","8":"product_cat-nettoyeur-ultrasonique","10":"first","11":"instock","12":"taxable","13":"shipping-taxable","14":"product-type-simple"},"acf":[],"_links":{"self":[{"href":"https:\/\/sundar.be\/fr\/wp-json\/wp\/v2\/product\/53967","targetHints":{"allow":["GET"]}}],"collection":[{"href":"https:\/\/sundar.be\/fr\/wp-json\/wp\/v2\/product"}],"about":[{"href":"https:\/\/sundar.be\/fr\/wp-json\/wp\/v2\/types\/product"}],"replies":[{"embeddable":true,"href":"https:\/\/sundar.be\/fr\/wp-json\/wp\/v2\/comments?post=53967"}],"wp:featuredmedia":[{"embeddable":true,"href":"https:\/\/sundar.be\/fr\/wp-json\/wp\/v2\/media\/53870"}],"wp:attachment":[{"href":"https:\/\/sundar.be\/fr\/wp-json\/wp\/v2\/media?parent=53967"}],"wp:term":[{"taxonomy":"product_brand","embeddable":true,"href":"https:\/\/sundar.be\/fr\/wp-json\/wp\/v2\/product_brand?post=53967"},{"taxonomy":"product_cat","embeddable":true,"href":"https:\/\/sundar.be\/fr\/wp-json\/wp\/v2\/product_cat?post=53967"},{"taxonomy":"product_tag","embeddable":true,"href":"https:\/\/sundar.be\/fr\/wp-json\/wp\/v2\/product_tag?post=53967"}],"curies":[{"name":"wp","href":"https:\/\/api.w.org\/{rel}","templated":true}]}}