{"id":53966,"date":"2025-06-02T08:24:28","date_gmt":"2025-06-02T06:24:28","guid":{"rendered":"https:\/\/sundar.be\/product\/ponceuse-a-ongles-pro-line-white-jd500\/"},"modified":"2025-11-26T11:29:54","modified_gmt":"2025-11-26T10:29:54","slug":"ponceuse-a-ongles-pro-line-white-jd500","status":"publish","type":"product","link":"https:\/\/sundar.be\/fr\/produit\/ponceuse-a-ongles-pro-line-white-jd500\/","title":{"rendered":"Ponceuse \u00e0 Ongles Pro Line White JD500"},"content":{"rendered":"<p>La ponceuse Pro Line White est id\u00e9ale pour un usage professionnel. L\u2019appareil contient les \u00e9l\u00e9ments suivants : <\/p>\n<p>1. Alimentation \u00e9lectrique : 110V \/ 220V \/ 240V, 50\u201360 Hz<br \/>\n2. Bo\u00eetier silencieux<br \/>\n3. Vitesse de rotation maximale : 30 000 tr\/min (R.P.M.)<br \/>\n4. Format compact<br \/>\n5. Pi\u00e8ce \u00e0 main avec syst\u00e8me de verrouillage par rotation (twist lock) pour un changement rapide des embouts<br \/>\n6. Pi\u00e8ce \u00e0 main compacte<br \/>\n7. Rotation dans les deux sens : sens horaire et antihoraire<br \/>\n8. Vitesse de rotation r\u00e9glable<br \/>\n9. Commande possible via la p\u00e9dale ou directement sur l\u2019unit\u00e9 de contr\u00f4le<\/p>\n<p><strong>Contenu:<\/strong><br \/>\n1x unit\u00e9 de contr\u00f4le<br \/>\n1x pi\u00e8ce \u00e0 main<br \/>\n3x embouts diamant\u00e9s<br \/>\n1x embout cylindre abrasif (tube Emery)<br \/>\n1x support de table pour la pi\u00e8ce \u00e0 main<br \/>\n1x p\u00e9dale<br \/>\n1x manuel d\u2019utilisation<\/p>\n","protected":false},"excerpt":{"rendered":"<p>La ponceuse Pro Line White est id\u00e9ale pour un usage professionnel. L\u2019appareil contient les \u00e9l\u00e9ments suivants : 1. Alimentation \u00e9lectrique : 110V \/ 220V \/ 240V, 50\u201360 Hz 2. Bo\u00eetier silencieux 3. Vitesse de rotation maximale : 30 000 tr\/min (R.P.M.) 4. Format compact 5. Pi\u00e8ce \u00e0 main avec syst\u00e8me de verrouillage par rotation (twist [&hellip;]<\/p>\n","protected":false},"featured_media":53874,"comment_status":"open","ping_status":"closed","template":"","meta":{"_acf_changed":false},"product_brand":[],"product_cat":[4945,4769,4785,6156],"product_tag":[],"class_list":{"0":"post-53966","1":"product","2":"type-product","3":"status-publish","4":"has-post-thumbnail","6":"product_cat-amenagement-institut-webshop-fr","7":"product_cat-amenagement-appareils","8":"product_cat-appareils-fraisage-moteurs-pedicure","9":"product_cat-fraises-sans-aspiration","11":"first","12":"instock","13":"taxable","14":"shipping-taxable","15":"product-type-simple"},"acf":[],"_links":{"self":[{"href":"https:\/\/sundar.be\/fr\/wp-json\/wp\/v2\/product\/53966","targetHints":{"allow":["GET"]}}],"collection":[{"href":"https:\/\/sundar.be\/fr\/wp-json\/wp\/v2\/product"}],"about":[{"href":"https:\/\/sundar.be\/fr\/wp-json\/wp\/v2\/types\/product"}],"replies":[{"embeddable":true,"href":"https:\/\/sundar.be\/fr\/wp-json\/wp\/v2\/comments?post=53966"}],"wp:featuredmedia":[{"embeddable":true,"href":"https:\/\/sundar.be\/fr\/wp-json\/wp\/v2\/media\/53874"}],"wp:attachment":[{"href":"https:\/\/sundar.be\/fr\/wp-json\/wp\/v2\/media?parent=53966"}],"wp:term":[{"taxonomy":"product_brand","embeddable":true,"href":"https:\/\/sundar.be\/fr\/wp-json\/wp\/v2\/product_brand?post=53966"},{"taxonomy":"product_cat","embeddable":true,"href":"https:\/\/sundar.be\/fr\/wp-json\/wp\/v2\/product_cat?post=53966"},{"taxonomy":"product_tag","embeddable":true,"href":"https:\/\/sundar.be\/fr\/wp-json\/wp\/v2\/product_tag?post=53966"}],"curies":[{"name":"wp","href":"https:\/\/api.w.org\/{rel}","templated":true}]}}