{"id":53965,"date":"2025-06-03T08:16:43","date_gmt":"2025-06-13T11:21:02","guid":{"rendered":"https:\/\/sundar.be\/product\/astonishing-builder-in-a-bottle-sample-kit\/"},"modified":"2025-06-13T13:21:02","modified_gmt":"2025-06-13T11:21:02","slug":"astonishing-builder-in-a-bottle-sample-kit","status":"publish","type":"product","link":"https:\/\/sundar.be\/fr\/produit\/astonishing-builder-in-a-bottle-sample-kit\/","title":{"rendered":"Astonishing Builder in a Bottle Sample Kit"},"content":{"rendered":"<p>Astonishing 1 Step Brush Builder est une base, un gel de construction et un top coat en un seul produit, disponible en 5 couleurs diff\u00e9rentes. C\u2019est un produit id\u00e9al pour une application facile et rapide sur ongles naturels, mais il peut \u00e9galement \u00eatre utilis\u00e9 pour la construction d\u2019ongles avec des chablons. Cette gamme comprend aussi un nettoyant UV indispensable, Passion, qui \u00e9limine la couche collante form\u00e9e sur l\u2019ongle apr\u00e8s la polym\u00e9risation du gel. \u00c0 utiliser comme base, gel de construction et top coat.    <\/p>\n<p><strong>Contenu:<\/strong><\/p>\n<ul>\n<li>BIAB Clear 15ml<\/li>\n<li>Steel Finish Gel No-Cleanse 15ml<\/li>\n<\/ul>\n","protected":false},"excerpt":{"rendered":"<p>Astonishing 1 Step Brush Builder est une base, un gel de construction et un top coat en un seul produit, disponible en 5 couleurs diff\u00e9rentes. C\u2019est un produit id\u00e9al pour une application facile et rapide sur ongles naturels, mais il peut \u00e9galement \u00eatre utilis\u00e9 pour la construction d\u2019ongles avec des chablons. Cette gamme comprend aussi [&hellip;]<\/p>\n","protected":false},"featured_media":53892,"comment_status":"open","ping_status":"closed","template":"","meta":{"_acf_changed":false},"product_brand":[],"product_cat":[5318,5350,4761,5802],"product_tag":[],"class_list":{"0":"post-53965","1":"product","2":"type-product","3":"status-publish","4":"has-post-thumbnail","6":"product_cat-astonishing-nails-fr","7":"product_cat-astonishing-nails-kits-paquets","8":"product_cat-pose-ongles","9":"product_cat-stylisme-ongulaire-marque","11":"first","12":"instock","13":"taxable","14":"shipping-taxable","15":"product-type-simple"},"acf":[],"_links":{"self":[{"href":"https:\/\/sundar.be\/fr\/wp-json\/wp\/v2\/product\/53965","targetHints":{"allow":["GET"]}}],"collection":[{"href":"https:\/\/sundar.be\/fr\/wp-json\/wp\/v2\/product"}],"about":[{"href":"https:\/\/sundar.be\/fr\/wp-json\/wp\/v2\/types\/product"}],"replies":[{"embeddable":true,"href":"https:\/\/sundar.be\/fr\/wp-json\/wp\/v2\/comments?post=53965"}],"wp:featuredmedia":[{"embeddable":true,"href":"https:\/\/sundar.be\/fr\/wp-json\/wp\/v2\/media\/53892"}],"wp:attachment":[{"href":"https:\/\/sundar.be\/fr\/wp-json\/wp\/v2\/media?parent=53965"}],"wp:term":[{"taxonomy":"product_brand","embeddable":true,"href":"https:\/\/sundar.be\/fr\/wp-json\/wp\/v2\/product_brand?post=53965"},{"taxonomy":"product_cat","embeddable":true,"href":"https:\/\/sundar.be\/fr\/wp-json\/wp\/v2\/product_cat?post=53965"},{"taxonomy":"product_tag","embeddable":true,"href":"https:\/\/sundar.be\/fr\/wp-json\/wp\/v2\/product_tag?post=53965"}],"curies":[{"name":"wp","href":"https:\/\/api.w.org\/{rel}","templated":true}]}}