{"id":53964,"date":"2025-06-13T12:50:11","date_gmt":"2025-06-13T10:50:11","guid":{"rendered":"https:\/\/sundar.be\/product\/suda-s-pro-cx\/"},"modified":"2025-12-01T13:23:45","modified_gmt":"2025-12-01T12:23:45","slug":"suda-s-pro-cx","status":"publish","type":"product","link":"https:\/\/sundar.be\/fr\/produit\/suda-s-pro-cx\/","title":{"rendered":"SUDA S Pro CX"},"content":{"rendered":"<p><span style=\"color: #557e96;\"><strong>Le SUDA S Pro CX;<\/strong><\/span> Design compact. Interface utilisateur claire et simple via un clavier \u00e0 membrane (avec \u00e9cran couleur) et bouton rotatif. \u00c9quip\u00e9 d\u2019un bouton rotatif pour le r\u00e9glage du spray. Pi\u00e8ce \u00e0 main ergonomique et l\u00e9g\u00e8re avec syst\u00e8me de serrage automatique. (jusqu\u2019\u00e0 40 000 tr\/min)    <\/p>\n<h4>Pi\u00e8ce \u00e0 main<\/h4>\n<p>Premi\u00e8re pi\u00e8ce \u00e0 main de p\u00e9dicure imprim\u00e9e en 3D au monde. Ultra-l\u00e9g\u00e8re, dot\u00e9e d\u2019un micromoteur sans balais et disponible avec ou sans lumi\u00e8re LED int\u00e9gr\u00e9e. \u00c9quip\u00e9e d\u2019un syst\u00e8me de serrage automatique pour fixer les fraises.  <\/p>\n<h4>Fonctions :<\/h4>\n<ul>\n<li>Interface utilisateur claire via un \u00e9cran couleur<\/li>\n<li>Fonction m\u00e9moire avec trois emplacements<\/li>\n<li>R\u00e9glage du spray avec bouton rotatif<\/li>\n<li>Pi\u00e8ce \u00e0 main compacte et l\u00e9g\u00e8re<\/li>\n<li>Micromoteur sans balais int\u00e9gr\u00e9<\/li>\n<li>Rotation droite\/gauche<\/li>\n<li>Vitesse de rotation : 6 000 \u00e0 40 000 tr\/min<\/li>\n<li>P\u00e9dale en option<\/li>\n<li>R\u00e9servoir de spray : 225 ml<\/li>\n<li>Brumisation fine<\/li>\n<li>Tuyau de pi\u00e8ce \u00e0 main tr\u00e8s flexible (1,5 m)<\/li>\n<li>Poids : 1,9 kg (avec alimentation : 2,475 kg)<\/li>\n<\/ul>\n<h4>Donn\u00e9es techniques :<\/h4>\n<ul>\n<li>\u00c9cran : grand \u00e9cran couleur<\/li>\n<li>Dimensions pi\u00e8ce \u00e0 main (\u2300 \/ L) : 25 x 143 mm<\/li>\n<li>Poids pi\u00e8ce \u00e0 main : 89 g<\/li>\n<li>Longueur tuyau : 1,5 m<\/li>\n<li>Lumi\u00e8re int\u00e9gr\u00e9e : non<\/li>\n<li>Vitesse : 6 000 \u2013 40 000 tr\/min<\/li>\n<li>Rotation : droite\/gauche<\/li>\n<li>R\u00e9servoir de spray : 225 ml<\/li>\n<\/ul>\n<h4><strong>Appareil : <\/strong><\/h4>\n<ul>\n<li>Tension : 24 V DC<\/li>\n<li>Puissance : 160 W<\/li>\n<li>Classe de protection : II<\/li>\n<li>Dimensions (L\/P\/H) : 240 x 202 x 120 mm (sans tuyau)<\/li>\n<li>Poids : 1,9 kg<\/li>\n<\/ul>\n<h4><strong>Alimentation : <\/strong><\/h4>\n<ul>\n<li>Puissance : 160 W<\/li>\n<li>Entr\u00e9e : 100-240 V AC ; 50\/60 Hz ; \u2264 2,0 A<\/li>\n<li>Sortie : 24 V ; max 6,66 A<\/li>\n<li>Classe de protection : II<\/li>\n<li>Dimensions (L\/P\/H) : 70 x 150 x 38 mm<\/li>\n<li>Poids : 575 g<\/li>\n<li>Fiche : fiche type C \u2013 \u00ab fiche Euro \u00bb<\/li>\n<\/ul>\n","protected":false},"excerpt":{"rendered":"<p>Le SUDA S Pro CX; Design compact. Interface utilisateur claire et simple via un clavier \u00e0 membrane (avec \u00e9cran couleur) et bouton rotatif. \u00c9quip\u00e9 d\u2019un bouton rotatif pour le r\u00e9glage du spray. Pi\u00e8ce \u00e0 main ergonomique et l\u00e9g\u00e8re avec syst\u00e8me de serrage automatique. (jusqu\u2019\u00e0 40 000 tr\/min) Pi\u00e8ce \u00e0 main Premi\u00e8re pi\u00e8ce \u00e0 main de [&hellip;]<\/p>\n","protected":false},"featured_media":53959,"comment_status":"open","ping_status":"closed","template":"","meta":{"_acf_changed":false},"product_brand":[],"product_cat":[4945,4769,4785,6155],"product_tag":[],"class_list":{"0":"post-53964","1":"product","2":"type-product","3":"status-publish","4":"has-post-thumbnail","6":"product_cat-amenagement-institut-webshop-fr","7":"product_cat-amenagement-appareils","8":"product_cat-appareils-fraisage-moteurs-pedicure","9":"product_cat-appareils-humides","11":"first","12":"instock","13":"taxable","14":"shipping-taxable","15":"product-type-simple"},"acf":[],"_links":{"self":[{"href":"https:\/\/sundar.be\/fr\/wp-json\/wp\/v2\/product\/53964","targetHints":{"allow":["GET"]}}],"collection":[{"href":"https:\/\/sundar.be\/fr\/wp-json\/wp\/v2\/product"}],"about":[{"href":"https:\/\/sundar.be\/fr\/wp-json\/wp\/v2\/types\/product"}],"replies":[{"embeddable":true,"href":"https:\/\/sundar.be\/fr\/wp-json\/wp\/v2\/comments?post=53964"}],"wp:featuredmedia":[{"embeddable":true,"href":"https:\/\/sundar.be\/fr\/wp-json\/wp\/v2\/media\/53959"}],"wp:attachment":[{"href":"https:\/\/sundar.be\/fr\/wp-json\/wp\/v2\/media?parent=53964"}],"wp:term":[{"taxonomy":"product_brand","embeddable":true,"href":"https:\/\/sundar.be\/fr\/wp-json\/wp\/v2\/product_brand?post=53964"},{"taxonomy":"product_cat","embeddable":true,"href":"https:\/\/sundar.be\/fr\/wp-json\/wp\/v2\/product_cat?post=53964"},{"taxonomy":"product_tag","embeddable":true,"href":"https:\/\/sundar.be\/fr\/wp-json\/wp\/v2\/product_tag?post=53964"}],"curies":[{"name":"wp","href":"https:\/\/api.w.org\/{rel}","templated":true}]}}