{"id":53962,"date":"2025-06-03T08:19:15","date_gmt":"2025-06-13T10:55:10","guid":{"rendered":"https:\/\/sundar.be\/product\/astonishing-gelosophy-start-up-kit\/"},"modified":"2025-06-13T12:55:10","modified_gmt":"2025-06-13T10:55:10","slug":"astonishing-gelosophy-start-up-kit","status":"publish","type":"product","link":"https:\/\/sundar.be\/fr\/produit\/astonishing-gelosophy-start-up-kit\/","title":{"rendered":"Astonishing Gelosophy Start Up Kit"},"content":{"rendered":"<p>Un ensemble de produits haut de gamme pour une application Gelosophy.<\/p>\n<p>Obtenez une finition ultra-brillante gr\u00e2ce \u00e0 la s\u00e9lection optimale de produits haut de gamme et de limes de la plus haute qualit\u00e9 d\u2019Astonishing.<br \/>\nGelosophy est un gel 100 % pur, disponible dans une palette de 120 couleurs primaires diff\u00e9rentes.<br \/>\nC\u2019est un gel LED\/UV soak-off, ce qui le rend \u00e9galement facile \u00e0 retirer !<br \/>\nGr\u00e2ce \u00e0 son pinceau sp\u00e9cialement con\u00e7u, vous pouvez facilement appliquer des couches fines, offrant d\u00e9j\u00e0 une belle couvrance avec une seule couche de Gelosophy.<br \/>\nPour un r\u00e9sultat encore plus intense, vous pouvez appliquer une deuxi\u00e8me couche.<\/p>\n<p><strong>Contenu:<\/strong><\/p>\n<p>1x Blue Scrub 100 ml<br \/>\n1x 180\/180 Traditional Straight<br \/>\n1x 240\/240 Traditional Straight<br \/>\n1x White Block<br \/>\n1x Nail Wipes 20 pcs<br \/>\n1x Woodstick<br \/>\n1x Manicure Brush<br \/>\n1x Soak Off Stretch Base Crystal 7 ml<br \/>\n1x Gelosophy #003 RED 7 ml<br \/>\n1x Soak Off No-Cleanse Brilliant Top 7 ml<br \/>\n1x Organic Argan Oil 15 ml<br \/>\n1x Cuticle Remover Gel 15 ml<br \/>\n1x Soak Off Gel Remover 100 ml<br \/>\n1x Nail Foils<\/p>\n","protected":false},"excerpt":{"rendered":"<p>Un ensemble de produits haut de gamme pour une application Gelosophy. Obtenez une finition ultra-brillante gr\u00e2ce \u00e0 la s\u00e9lection optimale de produits haut de gamme et de limes de la plus haute qualit\u00e9 d\u2019Astonishing. Gelosophy est un gel 100 % pur, disponible dans une palette de 120 couleurs primaires diff\u00e9rentes. C\u2019est un gel LED\/UV soak-off, [&hellip;]<\/p>\n","protected":false},"featured_media":53895,"comment_status":"open","ping_status":"closed","template":"","meta":{"_acf_changed":false},"product_brand":[],"product_cat":[5318,5350,4761,5802],"product_tag":[],"class_list":{"0":"post-53962","1":"product","2":"type-product","3":"status-publish","4":"has-post-thumbnail","6":"product_cat-astonishing-nails-fr","7":"product_cat-astonishing-nails-kits-paquets","8":"product_cat-pose-ongles","9":"product_cat-stylisme-ongulaire-marque","11":"first","12":"instock","13":"taxable","14":"shipping-taxable","15":"product-type-simple"},"acf":[],"_links":{"self":[{"href":"https:\/\/sundar.be\/fr\/wp-json\/wp\/v2\/product\/53962","targetHints":{"allow":["GET"]}}],"collection":[{"href":"https:\/\/sundar.be\/fr\/wp-json\/wp\/v2\/product"}],"about":[{"href":"https:\/\/sundar.be\/fr\/wp-json\/wp\/v2\/types\/product"}],"replies":[{"embeddable":true,"href":"https:\/\/sundar.be\/fr\/wp-json\/wp\/v2\/comments?post=53962"}],"wp:featuredmedia":[{"embeddable":true,"href":"https:\/\/sundar.be\/fr\/wp-json\/wp\/v2\/media\/53895"}],"wp:attachment":[{"href":"https:\/\/sundar.be\/fr\/wp-json\/wp\/v2\/media?parent=53962"}],"wp:term":[{"taxonomy":"product_brand","embeddable":true,"href":"https:\/\/sundar.be\/fr\/wp-json\/wp\/v2\/product_brand?post=53962"},{"taxonomy":"product_cat","embeddable":true,"href":"https:\/\/sundar.be\/fr\/wp-json\/wp\/v2\/product_cat?post=53962"},{"taxonomy":"product_tag","embeddable":true,"href":"https:\/\/sundar.be\/fr\/wp-json\/wp\/v2\/product_tag?post=53962"}],"curies":[{"name":"wp","href":"https:\/\/api.w.org\/{rel}","templated":true}]}}