{"id":53961,"date":"2025-06-03T08:21:07","date_gmt":"2025-06-13T10:52:39","guid":{"rendered":"https:\/\/sundar.be\/product\/astonishing-solidious-gel-sample-kit\/"},"modified":"2025-06-13T12:52:39","modified_gmt":"2025-06-13T10:52:39","slug":"astonishing-solidious-gel-sample-kit","status":"publish","type":"product","link":"https:\/\/sundar.be\/fr\/produit\/astonishing-solidious-gel-sample-kit\/","title":{"rendered":"Astonishing Solidious Gel Sample Kit"},"content":{"rendered":"<p>Curieux de d\u00e9couvrir nos produits Astonishing ? Essayez d\u00e8s maintenant l\u2019un de nos kits d\u2019\u00e9chantillons. <\/p>\n<p><strong>Contenu:<\/strong><\/p>\n<ul>\n<li>Solidious Gel Clear 7gr<\/li>\n<li>Solidious Gel Global 7gr<\/li>\n<li>Solidious Gel Cover 7gr<\/li>\n<li>Air Dry Bonder 15ml<\/li>\n<li>Steel Finish Gel No-Cleanse 15ml<\/li>\n<\/ul>\n<p>Un nouveau gel innovant \u00e0 haute viscosit\u00e9, alliant la solidit\u00e9 de l\u2019acrylique \u00e0 l\u2019apparence cristalline du gel. Astonishing SOLIDIOUS Gel offre la m\u00eame maniabilit\u00e9 qu\u2019un produit acrylique, ce qui l\u2019emp\u00eache de couler dans les cuticules ou les bords lat\u00e9raux.  Le gel SOLIDIOUS s\u2019auto-\u00e9galise pendant le modelage, ce qui le rend parfait aussi bien pour les d\u00e9butants que pour les stylistes ongulaires exp\u00e9riment\u00e9s. Le SOLIDIOUS Gel d\u2019Astonishing est inodore et disponible en 5 magnifiques teintes : Clear, Global White, Cover, Medium Cover et Soft Cover.  <\/p>\n","protected":false},"excerpt":{"rendered":"<p>Curieux de d\u00e9couvrir nos produits Astonishing ? Essayez d\u00e8s maintenant l\u2019un de nos kits d\u2019\u00e9chantillons. Contenu: Solidious Gel Clear 7gr Solidious Gel Global 7gr Solidious Gel Cover 7gr Air Dry Bonder 15ml Steel Finish Gel No-Cleanse 15ml Un nouveau gel innovant \u00e0 haute viscosit\u00e9, alliant la solidit\u00e9 de l\u2019acrylique \u00e0 l\u2019apparence cristalline du gel. Astonishing [&hellip;]<\/p>\n","protected":false},"featured_media":53899,"comment_status":"open","ping_status":"closed","template":"","meta":{"_acf_changed":false},"product_brand":[],"product_cat":[5318,5350,4761,5802],"product_tag":[],"class_list":{"0":"post-53961","1":"product","2":"type-product","3":"status-publish","4":"has-post-thumbnail","6":"product_cat-astonishing-nails-fr","7":"product_cat-astonishing-nails-kits-paquets","8":"product_cat-pose-ongles","9":"product_cat-stylisme-ongulaire-marque","11":"first","12":"instock","13":"taxable","14":"shipping-taxable","15":"product-type-simple"},"acf":[],"_links":{"self":[{"href":"https:\/\/sundar.be\/fr\/wp-json\/wp\/v2\/product\/53961","targetHints":{"allow":["GET"]}}],"collection":[{"href":"https:\/\/sundar.be\/fr\/wp-json\/wp\/v2\/product"}],"about":[{"href":"https:\/\/sundar.be\/fr\/wp-json\/wp\/v2\/types\/product"}],"replies":[{"embeddable":true,"href":"https:\/\/sundar.be\/fr\/wp-json\/wp\/v2\/comments?post=53961"}],"wp:featuredmedia":[{"embeddable":true,"href":"https:\/\/sundar.be\/fr\/wp-json\/wp\/v2\/media\/53899"}],"wp:attachment":[{"href":"https:\/\/sundar.be\/fr\/wp-json\/wp\/v2\/media?parent=53961"}],"wp:term":[{"taxonomy":"product_brand","embeddable":true,"href":"https:\/\/sundar.be\/fr\/wp-json\/wp\/v2\/product_brand?post=53961"},{"taxonomy":"product_cat","embeddable":true,"href":"https:\/\/sundar.be\/fr\/wp-json\/wp\/v2\/product_cat?post=53961"},{"taxonomy":"product_tag","embeddable":true,"href":"https:\/\/sundar.be\/fr\/wp-json\/wp\/v2\/product_tag?post=53961"}],"curies":[{"name":"wp","href":"https:\/\/api.w.org\/{rel}","templated":true}]}}