{"id":53960,"date":"2025-06-04T08:08:10","date_gmt":"2025-06-13T10:51:24","guid":{"rendered":"https:\/\/sundar.be\/product\/astonishing-gel-student-kit\/"},"modified":"2025-06-13T12:51:24","modified_gmt":"2025-06-13T10:51:24","slug":"astonishing-gel-student-kit","status":"publish","type":"product","link":"https:\/\/sundar.be\/fr\/produit\/astonishing-gel-student-kit\/","title":{"rendered":"Astonishing Gel Student Kit"},"content":{"rendered":"<p><strong>Contenu:<\/strong><\/p>\n<p>1x Air Dry Bonder 7ml<\/p>\n<p>1x UV Cleanser 100ml<\/p>\n<p>1x Blue Scrub 100ml<\/p>\n<p>1x Brush on Resin 5ml<\/p>\n<p>1x Cuticle Pusher<\/p>\n<p>1x Tea Tree Lemongrass 15ml<\/p>\n<p>1x Black Towel<\/p>\n<p>1x Sculpting Gel Clear 14g<\/p>\n<p>1x Sculpting Gel Transparent Pink 14g<\/p>\n<p>1x Sculpting Gel Global White 14g<\/p>\n<p>1x Finish Gel 15ml<\/p>\n<p>1x Gel Brush #6<\/p>\n<p>1x Angular Gel Brush<\/p>\n<p>1x 150\/150 Traditional Straight<\/p>\n<p>1x 180\/180 Traditional Straight<\/p>\n<p>1x 240\/240 Traditional Straight<\/p>\n<p>1x 100\/180 Sponge<\/p>\n<p>1x 220\/280 Sponge<\/p>\n<p>1x 180\/180 Wooden File<\/p>\n<p>1x Gel Sponges 10pcs<\/p>\n<p>1x Forms L 20pcs<\/p>\n<p>1x Foundation Tips 20pcs<\/p>\n<p>1x Tip Cutter<\/p>\n<p>1x Nail Wipes 20 pcs<\/p>\n","protected":false},"excerpt":{"rendered":"<p>Avec ce kit \u00e9tudiant Gel tout-en-un pratique, vous avez tous les produits n\u00e9cessaires pour une application de gel r\u00e9unis en un seul endroit.<\/p>\n","protected":false},"featured_media":53902,"comment_status":"open","ping_status":"closed","template":"","meta":{"_acf_changed":false},"product_brand":[],"product_cat":[5318,5350,4761,5802],"product_tag":[],"class_list":{"0":"post-53960","1":"product","2":"type-product","3":"status-publish","4":"has-post-thumbnail","6":"product_cat-astonishing-nails-fr","7":"product_cat-astonishing-nails-kits-paquets","8":"product_cat-pose-ongles","9":"product_cat-stylisme-ongulaire-marque","11":"first","12":"instock","13":"taxable","14":"shipping-taxable","15":"product-type-simple"},"acf":[],"_links":{"self":[{"href":"https:\/\/sundar.be\/fr\/wp-json\/wp\/v2\/product\/53960","targetHints":{"allow":["GET"]}}],"collection":[{"href":"https:\/\/sundar.be\/fr\/wp-json\/wp\/v2\/product"}],"about":[{"href":"https:\/\/sundar.be\/fr\/wp-json\/wp\/v2\/types\/product"}],"replies":[{"embeddable":true,"href":"https:\/\/sundar.be\/fr\/wp-json\/wp\/v2\/comments?post=53960"}],"wp:featuredmedia":[{"embeddable":true,"href":"https:\/\/sundar.be\/fr\/wp-json\/wp\/v2\/media\/53902"}],"wp:attachment":[{"href":"https:\/\/sundar.be\/fr\/wp-json\/wp\/v2\/media?parent=53960"}],"wp:term":[{"taxonomy":"product_brand","embeddable":true,"href":"https:\/\/sundar.be\/fr\/wp-json\/wp\/v2\/product_brand?post=53960"},{"taxonomy":"product_cat","embeddable":true,"href":"https:\/\/sundar.be\/fr\/wp-json\/wp\/v2\/product_cat?post=53960"},{"taxonomy":"product_tag","embeddable":true,"href":"https:\/\/sundar.be\/fr\/wp-json\/wp\/v2\/product_tag?post=53960"}],"curies":[{"name":"wp","href":"https:\/\/api.w.org\/{rel}","templated":true}]}}