{"id":53756,"date":"2025-05-28T15:21:38","date_gmt":"2025-05-28T13:44:23","guid":{"rendered":"https:\/\/sundar.be\/product\/sibel-table-de-manucure-cozy-avec-housse-de-transport\/"},"modified":"2025-05-28T15:44:23","modified_gmt":"2025-05-28T13:44:23","slug":"sibel-table-de-manucure-cozy-avec-housse-de-transport","status":"publish","type":"product","link":"https:\/\/sundar.be\/fr\/produit\/sibel-table-de-manucure-cozy-avec-housse-de-transport\/","title":{"rendered":"Sibel Table de Manucure Cozy avec Housse de Transport"},"content":{"rendered":"<p>Table de manucure pratique, id\u00e9ale pour les petits salons ou pour une utilisation mobile.<br \/>La Cozy est pliable et facile \u00e0 d\u00e9placer gr\u00e2ce \u00e0 ses roulettes. <\/p>\n<p>En bonus, les roulettes peuvent \u00eatre verrouill\u00e9es, ce qui emp\u00eache la table de bouger pendant le traitement !<br \/>Cette nouvelle s\u00e9rie Cozy est \u00e9galement dot\u00e9e d\u2019un rev\u00eatement en stratifi\u00e9 renforc\u00e9 sur le plateau pour une durabilit\u00e9 accrue. <\/p>\n<p>Livr\u00e9e avec un coussin repose-bras et une housse de transport pratique.<\/p>\n<p>Dimensions : L94 \u00d7 l44 \u00d7 H72 cm<\/p>\n","protected":false},"excerpt":{"rendered":"<p>Table de manucure pratique, id\u00e9ale pour les petits salons ou pour une utilisation mobile.La Cozy est pliable et facile \u00e0 d\u00e9placer gr\u00e2ce \u00e0 ses roulettes. En bonus, les roulettes peuvent \u00eatre verrouill\u00e9es, ce qui emp\u00eache la table de bouger pendant le traitement !Cette nouvelle s\u00e9rie Cozy est \u00e9galement dot\u00e9e d\u2019un rev\u00eatement en stratifi\u00e9 renforc\u00e9 sur [&hellip;]<\/p>\n","protected":false},"featured_media":53753,"comment_status":"open","ping_status":"closed","template":"","meta":{"_acf_changed":false},"product_brand":[],"product_cat":[4945,4784,5967],"product_tag":[],"class_list":{"0":"post-53756","1":"product","2":"type-product","3":"status-publish","4":"has-post-thumbnail","6":"product_cat-amenagement-institut-webshop-fr","7":"product_cat-amenagement-mobilier","8":"product_cat-tables-manucure","10":"first","11":"instock","12":"taxable","13":"shipping-taxable","14":"product-type-simple"},"acf":[],"_links":{"self":[{"href":"https:\/\/sundar.be\/fr\/wp-json\/wp\/v2\/product\/53756","targetHints":{"allow":["GET"]}}],"collection":[{"href":"https:\/\/sundar.be\/fr\/wp-json\/wp\/v2\/product"}],"about":[{"href":"https:\/\/sundar.be\/fr\/wp-json\/wp\/v2\/types\/product"}],"replies":[{"embeddable":true,"href":"https:\/\/sundar.be\/fr\/wp-json\/wp\/v2\/comments?post=53756"}],"wp:featuredmedia":[{"embeddable":true,"href":"https:\/\/sundar.be\/fr\/wp-json\/wp\/v2\/media\/53753"}],"wp:attachment":[{"href":"https:\/\/sundar.be\/fr\/wp-json\/wp\/v2\/media?parent=53756"}],"wp:term":[{"taxonomy":"product_brand","embeddable":true,"href":"https:\/\/sundar.be\/fr\/wp-json\/wp\/v2\/product_brand?post=53756"},{"taxonomy":"product_cat","embeddable":true,"href":"https:\/\/sundar.be\/fr\/wp-json\/wp\/v2\/product_cat?post=53756"},{"taxonomy":"product_tag","embeddable":true,"href":"https:\/\/sundar.be\/fr\/wp-json\/wp\/v2\/product_tag?post=53756"}],"curies":[{"name":"wp","href":"https:\/\/api.w.org\/{rel}","templated":true}]}}