{"id":53732,"date":"2025-05-28T15:09:08","date_gmt":"2025-05-28T13:09:08","guid":{"rendered":"https:\/\/sundar.be\/product\/young-nails-mylar-7g\/"},"modified":"2025-05-28T15:09:51","modified_gmt":"2025-05-28T13:09:51","slug":"young-nails-mylar-7g","status":"publish","type":"product","link":"https:\/\/sundar.be\/fr\/produit\/young-nails-mylar-7g\/","title":{"rendered":"Young Nails Mylar, 7g"},"content":{"rendered":"<p data-start=\"0\" data-end=\"113\">Cr\u00e9ez un effet holographique qui apporte de la profondeur, du style et de la couleur \u2013 vos clientes vont adorer.<\/p>\n<p data-start=\"115\" data-end=\"285\" data-is-last-node=\"\" data-is-only-node=\"\">Appliquez-le seul pour un look unique, m\u00e9langez diff\u00e9rentes couleurs ou combinez-le avec les Imagination Art Glitters pour des cr\u00e9ations nail art ultra cr\u00e9atives.<\/p>\n","protected":false},"excerpt":{"rendered":"<p>Cr\u00e9ez un effet holographique qui apporte de la profondeur, du style et de la couleur \u2013 vos clientes vont adorer. Appliquez-le seul pour un look unique, m\u00e9langez diff\u00e9rentes couleurs ou combinez-le avec les Imagination Art Glitters pour des cr\u00e9ations nail art ultra cr\u00e9atives.<\/p>\n","protected":false},"featured_media":53728,"comment_status":"open","ping_status":"closed","template":"","meta":{"_acf_changed":false},"product_brand":[],"product_cat":[5950,4761],"product_tag":[],"class_list":{"0":"post-53732","1":"product","2":"type-product","3":"status-publish","4":"has-post-thumbnail","6":"product_cat-nail-art-fr-2","7":"product_cat-pose-ongles","8":"pa_kleur-natural-born-genius","9":"pa_kleur-read-my-lips","10":"pa_kleur-training-wheels","12":"first","13":"instock","14":"taxable","15":"shipping-taxable","16":"product-type-variable"},"acf":[],"_links":{"self":[{"href":"https:\/\/sundar.be\/fr\/wp-json\/wp\/v2\/product\/53732","targetHints":{"allow":["GET"]}}],"collection":[{"href":"https:\/\/sundar.be\/fr\/wp-json\/wp\/v2\/product"}],"about":[{"href":"https:\/\/sundar.be\/fr\/wp-json\/wp\/v2\/types\/product"}],"replies":[{"embeddable":true,"href":"https:\/\/sundar.be\/fr\/wp-json\/wp\/v2\/comments?post=53732"}],"wp:featuredmedia":[{"embeddable":true,"href":"https:\/\/sundar.be\/fr\/wp-json\/wp\/v2\/media\/53728"}],"wp:attachment":[{"href":"https:\/\/sundar.be\/fr\/wp-json\/wp\/v2\/media?parent=53732"}],"wp:term":[{"taxonomy":"product_brand","embeddable":true,"href":"https:\/\/sundar.be\/fr\/wp-json\/wp\/v2\/product_brand?post=53732"},{"taxonomy":"product_cat","embeddable":true,"href":"https:\/\/sundar.be\/fr\/wp-json\/wp\/v2\/product_cat?post=53732"},{"taxonomy":"product_tag","embeddable":true,"href":"https:\/\/sundar.be\/fr\/wp-json\/wp\/v2\/product_tag?post=53732"}],"curies":[{"name":"wp","href":"https:\/\/api.w.org\/{rel}","templated":true}]}}