{"id":53714,"date":"2025-05-28T08:59:41","date_gmt":"2025-05-28T06:59:41","guid":{"rendered":"https:\/\/sundar.be\/product\/young-nails-north-shore-glitter-7g\/"},"modified":"2025-05-28T09:04:25","modified_gmt":"2025-05-28T07:04:25","slug":"young-nails-north-shore-glitter-7g","status":"publish","type":"product","link":"https:\/\/sundar.be\/fr\/produit\/young-nails-north-shore-glitter-7g\/","title":{"rendered":"Young Nails North Shore Glitter, 7g"},"content":{"rendered":"<p>Peut \u00eatre m\u00e9lang\u00e9 avec de l\u2019acrylique, du gel ou d&rsquo;autres paillettes.<br \/>\n\u00c9galement utilisable avec du vernis \u00e0 ongles pour le nail art ou avec de la colle corporelle pour le body art.<br \/>\n(La couleur sur la photo peut l\u00e9g\u00e8rement diff\u00e9rer de la r\u00e9alit\u00e9.)<\/p>\n","protected":false},"excerpt":{"rendered":"<p>Peut \u00eatre m\u00e9lang\u00e9 avec de l\u2019acrylique, du gel ou d&rsquo;autres paillettes. \u00c9galement utilisable avec du vernis \u00e0 ongles pour le nail art ou avec de la colle corporelle pour le body art. (La couleur sur la photo peut l\u00e9g\u00e8rement diff\u00e9rer de la r\u00e9alit\u00e9.)<\/p>\n","protected":false},"featured_media":53710,"comment_status":"open","ping_status":"closed","template":"","meta":{"_acf_changed":false},"product_brand":[],"product_cat":[5950,4761],"product_tag":[],"class_list":{"0":"post-53714","1":"product","2":"type-product","3":"status-publish","4":"has-post-thumbnail","6":"product_cat-nail-art-fr-2","7":"product_cat-pose-ongles","8":"pa_kleur-sunset-beach","9":"pa_kleur-surf","11":"first","12":"instock","13":"taxable","14":"shipping-taxable","15":"product-type-variable"},"acf":[],"_links":{"self":[{"href":"https:\/\/sundar.be\/fr\/wp-json\/wp\/v2\/product\/53714","targetHints":{"allow":["GET"]}}],"collection":[{"href":"https:\/\/sundar.be\/fr\/wp-json\/wp\/v2\/product"}],"about":[{"href":"https:\/\/sundar.be\/fr\/wp-json\/wp\/v2\/types\/product"}],"replies":[{"embeddable":true,"href":"https:\/\/sundar.be\/fr\/wp-json\/wp\/v2\/comments?post=53714"}],"wp:featuredmedia":[{"embeddable":true,"href":"https:\/\/sundar.be\/fr\/wp-json\/wp\/v2\/media\/53710"}],"wp:attachment":[{"href":"https:\/\/sundar.be\/fr\/wp-json\/wp\/v2\/media?parent=53714"}],"wp:term":[{"taxonomy":"product_brand","embeddable":true,"href":"https:\/\/sundar.be\/fr\/wp-json\/wp\/v2\/product_brand?post=53714"},{"taxonomy":"product_cat","embeddable":true,"href":"https:\/\/sundar.be\/fr\/wp-json\/wp\/v2\/product_cat?post=53714"},{"taxonomy":"product_tag","embeddable":true,"href":"https:\/\/sundar.be\/fr\/wp-json\/wp\/v2\/product_tag?post=53714"}],"curies":[{"name":"wp","href":"https:\/\/api.w.org\/{rel}","templated":true}]}}