{"id":53655,"date":"2025-05-27T15:23:13","date_gmt":"2025-05-27T13:23:13","guid":{"rendered":"https:\/\/sundar.be\/product\/young-nails-silver-foil-7g\/"},"modified":"2025-05-28T08:38:43","modified_gmt":"2025-05-28T06:38:43","slug":"young-nails-silver-foil-7g","status":"publish","type":"product","link":"https:\/\/sundar.be\/fr\/produit\/young-nails-silver-foil-7g\/","title":{"rendered":"Young Nails Silver Foil, 7g"},"content":{"rendered":"<p>Imagination Art Foils de Young Nails<br \/>Cr\u00e9ez un look m\u00e9tallis\u00e9 ultra-intense.<br \/>Utilisez les diff\u00e9rentes feuilles avec de l\u2019acrylique ou du gel pour un effet surprenant et facile \u00e0 appliquer.  <\/p>\n","protected":false},"excerpt":{"rendered":"<p>Imagination Art Foils de Young NailsCr\u00e9ez un look m\u00e9tallis\u00e9 ultra-intense.Utilisez les diff\u00e9rentes feuilles avec de l\u2019acrylique ou du gel pour un effet surprenant et facile \u00e0 appliquer.<\/p>\n","protected":false},"featured_media":53652,"comment_status":"open","ping_status":"closed","template":"","meta":{"_acf_changed":false},"product_brand":[],"product_cat":[5950,4761],"product_tag":[],"class_list":{"0":"post-53655","1":"product","2":"type-product","3":"status-publish","4":"has-post-thumbnail","6":"product_cat-nail-art-fr-2","7":"product_cat-pose-ongles","9":"first","10":"instock","11":"taxable","12":"shipping-taxable","13":"product-type-simple"},"acf":[],"_links":{"self":[{"href":"https:\/\/sundar.be\/fr\/wp-json\/wp\/v2\/product\/53655","targetHints":{"allow":["GET"]}}],"collection":[{"href":"https:\/\/sundar.be\/fr\/wp-json\/wp\/v2\/product"}],"about":[{"href":"https:\/\/sundar.be\/fr\/wp-json\/wp\/v2\/types\/product"}],"replies":[{"embeddable":true,"href":"https:\/\/sundar.be\/fr\/wp-json\/wp\/v2\/comments?post=53655"}],"wp:featuredmedia":[{"embeddable":true,"href":"https:\/\/sundar.be\/fr\/wp-json\/wp\/v2\/media\/53652"}],"wp:attachment":[{"href":"https:\/\/sundar.be\/fr\/wp-json\/wp\/v2\/media?parent=53655"}],"wp:term":[{"taxonomy":"product_brand","embeddable":true,"href":"https:\/\/sundar.be\/fr\/wp-json\/wp\/v2\/product_brand?post=53655"},{"taxonomy":"product_cat","embeddable":true,"href":"https:\/\/sundar.be\/fr\/wp-json\/wp\/v2\/product_cat?post=53655"},{"taxonomy":"product_tag","embeddable":true,"href":"https:\/\/sundar.be\/fr\/wp-json\/wp\/v2\/product_tag?post=53655"}],"curies":[{"name":"wp","href":"https:\/\/api.w.org\/{rel}","templated":true}]}}