{"id":53638,"date":"2025-05-27T14:41:52","date_gmt":"2025-05-27T12:41:52","guid":{"rendered":"https:\/\/sundar.be\/product\/young-nails-lots-of-rocks-rhinestones\/"},"modified":"2025-05-27T15:10:20","modified_gmt":"2025-05-27T13:10:20","slug":"young-nails-lots-of-rocks-rhinestones","status":"publish","type":"product","link":"https:\/\/sundar.be\/fr\/produit\/young-nails-lots-of-rocks-rhinestones\/","title":{"rendered":"Young Nails Lots Of Rocks Rhinestones"},"content":{"rendered":"<p>Le Kit Rhinestone contient pas moins de 1440 strass !<br \/>\nLes strass sont d\u2019une qualit\u00e9 exceptionnelle et offrent une brillance intense.<\/p>\n<p>Super pratique !<br \/>\nCe kit comprend \u00e9galement un dotting tool et de la colle, pour que vous ayez tout \u00e0 port\u00e9e de main et puissiez travailler avec pr\u00e9cision. <\/p>\n","protected":false},"excerpt":{"rendered":"<p>Le Kit Rhinestone contient pas moins de 1440 strass ! Les strass sont d\u2019une qualit\u00e9 exceptionnelle et offrent une brillance intense. Super pratique ! Ce kit comprend \u00e9galement un dotting tool et de la colle, pour que vous ayez tout \u00e0 port\u00e9e de main et puissiez travailler avec pr\u00e9cision.<\/p>\n","protected":false},"featured_media":53630,"comment_status":"open","ping_status":"closed","template":"","meta":{"_acf_changed":false},"product_brand":[],"product_cat":[5950,4761],"product_tag":[],"class_list":{"0":"post-53638","1":"product","2":"type-product","3":"status-publish","4":"has-post-thumbnail","6":"product_cat-nail-art-fr-2","7":"product_cat-pose-ongles","9":"first","10":"instock","11":"taxable","12":"shipping-taxable","13":"product-type-simple"},"acf":[],"_links":{"self":[{"href":"https:\/\/sundar.be\/fr\/wp-json\/wp\/v2\/product\/53638","targetHints":{"allow":["GET"]}}],"collection":[{"href":"https:\/\/sundar.be\/fr\/wp-json\/wp\/v2\/product"}],"about":[{"href":"https:\/\/sundar.be\/fr\/wp-json\/wp\/v2\/types\/product"}],"replies":[{"embeddable":true,"href":"https:\/\/sundar.be\/fr\/wp-json\/wp\/v2\/comments?post=53638"}],"wp:featuredmedia":[{"embeddable":true,"href":"https:\/\/sundar.be\/fr\/wp-json\/wp\/v2\/media\/53630"}],"wp:attachment":[{"href":"https:\/\/sundar.be\/fr\/wp-json\/wp\/v2\/media?parent=53638"}],"wp:term":[{"taxonomy":"product_brand","embeddable":true,"href":"https:\/\/sundar.be\/fr\/wp-json\/wp\/v2\/product_brand?post=53638"},{"taxonomy":"product_cat","embeddable":true,"href":"https:\/\/sundar.be\/fr\/wp-json\/wp\/v2\/product_cat?post=53638"},{"taxonomy":"product_tag","embeddable":true,"href":"https:\/\/sundar.be\/fr\/wp-json\/wp\/v2\/product_tag?post=53638"}],"curies":[{"name":"wp","href":"https:\/\/api.w.org\/{rel}","templated":true}]}}