{"id":53553,"date":"2025-05-27T14:03:02","date_gmt":"2025-05-27T12:03:02","guid":{"rendered":"https:\/\/sundar.be\/product\/young-nails-rechargeable-e-file-pen\/"},"modified":"2025-11-26T11:31:04","modified_gmt":"2025-11-26T10:31:04","slug":"young-nails-rechargeable-e-file-pen","status":"publish","type":"product","link":"https:\/\/sundar.be\/fr\/produit\/young-nails-rechargeable-e-file-pen\/","title":{"rendered":"Young Nails Rechargeable E-File Pen"},"content":{"rendered":"<ul>\n<li>Rechargeable \u2013 Avec connexion Micro USB<\/li>\n<li>Vitesse \u2013 Jusqu\u2019\u00e0 10 000 tours\/minute (RPM)<\/li>\n<li>Puissance \u2013 15W<\/li>\n<li>Entr\u00e9e \u2013 DC 5V<\/li>\n<li>Portable \u2013 Design l\u00e9ger, facile \u00e0 transporter et \u00e0 emporter partout<\/li>\n<li>Haute qualit\u00e9 \u2013 Faible niveau sonore et faible d\u00e9gagement de chaleur, fonctionnement extr\u00eamement silencieux et fluide, sans vibrations.<br \/>Le syst\u00e8me intelligent de dissipation thermique \u00e9vite efficacement la surchauffe.<\/li>\n<\/ul>\n","protected":false},"excerpt":{"rendered":"<p>Rechargeable \u2013 Avec connexion Micro USB Vitesse \u2013 Jusqu\u2019\u00e0 10 000 tours\/minute (RPM) Puissance \u2013 15W Entr\u00e9e \u2013 DC 5V Portable \u2013 Design l\u00e9ger, facile \u00e0 transporter et \u00e0 emporter partout Haute qualit\u00e9 \u2013 Faible niveau sonore et faible d\u00e9gagement de chaleur, fonctionnement extr\u00eamement silencieux et fluide, sans vibrations.Le syst\u00e8me intelligent de dissipation thermique \u00e9vite [&hellip;]<\/p>\n","protected":false},"featured_media":53548,"comment_status":"open","ping_status":"closed","template":"","meta":{"_acf_changed":false},"product_brand":[],"product_cat":[4945,4769,4785,6156,5058],"product_tag":[],"class_list":{"0":"post-53553","1":"product","2":"type-product","3":"status-publish","4":"has-post-thumbnail","6":"product_cat-amenagement-institut-webshop-fr","7":"product_cat-amenagement-appareils","8":"product_cat-appareils-fraisage-moteurs-pedicure","9":"product_cat-fraises-sans-aspiration","10":"product_cat-webshop-fr","12":"first","13":"instock","14":"taxable","15":"shipping-taxable","16":"product-type-simple"},"acf":[],"_links":{"self":[{"href":"https:\/\/sundar.be\/fr\/wp-json\/wp\/v2\/product\/53553","targetHints":{"allow":["GET"]}}],"collection":[{"href":"https:\/\/sundar.be\/fr\/wp-json\/wp\/v2\/product"}],"about":[{"href":"https:\/\/sundar.be\/fr\/wp-json\/wp\/v2\/types\/product"}],"replies":[{"embeddable":true,"href":"https:\/\/sundar.be\/fr\/wp-json\/wp\/v2\/comments?post=53553"}],"wp:featuredmedia":[{"embeddable":true,"href":"https:\/\/sundar.be\/fr\/wp-json\/wp\/v2\/media\/53548"}],"wp:attachment":[{"href":"https:\/\/sundar.be\/fr\/wp-json\/wp\/v2\/media?parent=53553"}],"wp:term":[{"taxonomy":"product_brand","embeddable":true,"href":"https:\/\/sundar.be\/fr\/wp-json\/wp\/v2\/product_brand?post=53553"},{"taxonomy":"product_cat","embeddable":true,"href":"https:\/\/sundar.be\/fr\/wp-json\/wp\/v2\/product_cat?post=53553"},{"taxonomy":"product_tag","embeddable":true,"href":"https:\/\/sundar.be\/fr\/wp-json\/wp\/v2\/product_tag?post=53553"}],"curies":[{"name":"wp","href":"https:\/\/api.w.org\/{rel}","templated":true}]}}