{"id":53542,"date":"2025-05-27T11:15:55","date_gmt":"2025-05-27T09:15:55","guid":{"rendered":"https:\/\/sundar.be\/product\/young-nails-led-single-finger-rechargeable-lamp\/"},"modified":"2025-05-27T11:17:17","modified_gmt":"2025-05-27T09:17:17","slug":"young-nails-led-single-finger-rechargeable-lamp","status":"publish","type":"product","link":"https:\/\/sundar.be\/fr\/produit\/young-nails-led-single-finger-rechargeable-lamp\/","title":{"rendered":"Young Nails LED Single Finger Rechargeable lamp"},"content":{"rendered":"<ul>\n<li>Minuterie : 60 secondes<\/li>\n<li>Tension d\u2019entr\u00e9e : 5V 2A<\/li>\n<li>Capacit\u00e9 de la batterie : 1000 mAh<\/li>\n<li>Temps de charge : 1,5 heure<\/li>\n<li>Autonomie (compl\u00e8tement charg\u00e9e) : 2 heures<\/li>\n<li>Type de connecteur : USB<\/li>\n<\/ul>\n","protected":false},"excerpt":{"rendered":"<p>Minuterie : 60 secondes Tension d\u2019entr\u00e9e : 5V 2A Capacit\u00e9 de la batterie : 1000 mAh Temps de charge : 1,5 heure Autonomie (compl\u00e8tement charg\u00e9e) : 2 heures Type de connecteur : USB<\/p>\n","protected":false},"featured_media":53541,"comment_status":"open","ping_status":"closed","template":"","meta":{"_acf_changed":false},"product_brand":[],"product_cat":[4945,4769,1629],"product_tag":[],"class_list":{"0":"post-53542","1":"product","2":"type-product","3":"status-publish","4":"has-post-thumbnail","6":"product_cat-amenagement-institut-webshop-fr","7":"product_cat-amenagement-appareils","8":"product_cat-lampes-led","10":"first","11":"instock","12":"taxable","13":"shipping-taxable","14":"product-type-simple"},"acf":[],"_links":{"self":[{"href":"https:\/\/sundar.be\/fr\/wp-json\/wp\/v2\/product\/53542","targetHints":{"allow":["GET"]}}],"collection":[{"href":"https:\/\/sundar.be\/fr\/wp-json\/wp\/v2\/product"}],"about":[{"href":"https:\/\/sundar.be\/fr\/wp-json\/wp\/v2\/types\/product"}],"replies":[{"embeddable":true,"href":"https:\/\/sundar.be\/fr\/wp-json\/wp\/v2\/comments?post=53542"}],"wp:featuredmedia":[{"embeddable":true,"href":"https:\/\/sundar.be\/fr\/wp-json\/wp\/v2\/media\/53541"}],"wp:attachment":[{"href":"https:\/\/sundar.be\/fr\/wp-json\/wp\/v2\/media?parent=53542"}],"wp:term":[{"taxonomy":"product_brand","embeddable":true,"href":"https:\/\/sundar.be\/fr\/wp-json\/wp\/v2\/product_brand?post=53542"},{"taxonomy":"product_cat","embeddable":true,"href":"https:\/\/sundar.be\/fr\/wp-json\/wp\/v2\/product_cat?post=53542"},{"taxonomy":"product_tag","embeddable":true,"href":"https:\/\/sundar.be\/fr\/wp-json\/wp\/v2\/product_tag?post=53542"}],"curies":[{"name":"wp","href":"https:\/\/api.w.org\/{rel}","templated":true}]}}