{"id":53536,"date":"2025-05-27T10:59:31","date_gmt":"2025-05-27T08:59:31","guid":{"rendered":"https:\/\/sundar.be\/product\/young-nails-e-file\/"},"modified":"2025-11-26T11:30:47","modified_gmt":"2025-11-26T10:30:47","slug":"young-nails-e-file","status":"publish","type":"product","link":"https:\/\/sundar.be\/fr\/produit\/young-nails-e-file\/","title":{"rendered":"Young Nails E-File"},"content":{"rendered":"<p>Cette ponceuse \u00e0 ongles est \u00e9quip\u00e9e d\u2019un \u00e9cran digital avec molette de r\u00e9glage de la vitesse, ce qui la rend tr\u00e8s pratique \u00e0 utiliser.<br \/>Elle peut tourner aussi bien dans le sens horaire qu\u2019antihoraire gr\u00e2ce \u00e0 un simple bouton, et atteint une vitesse impressionnante de 30 000 tours par minute !<br \/>Avec cette ponceuse \u00e9lectrique, vous contr\u00f4lez vous-m\u00eame la vitesse et le sens de rotation, ce qui en fait un outil vraiment agr\u00e9able \u00e0 utiliser.  <\/p>\n<p><strong>Specifications:<\/strong><\/p>\n<ul>\n<li>Jusqu\u2019\u00e0 30 000 tours\/minute<\/li>\n<li>Rotation dans les deux sens<\/li>\n<li>Utilisation simple et rapide<\/li>\n<li>\u00c9cran digital<\/li>\n<\/ul>\n","protected":false},"excerpt":{"rendered":"<p>Cette ponceuse \u00e0 ongles est \u00e9quip\u00e9e d\u2019un \u00e9cran digital avec molette de r\u00e9glage de la vitesse, ce qui la rend tr\u00e8s pratique \u00e0 utiliser.Elle peut tourner aussi bien dans le sens horaire qu\u2019antihoraire gr\u00e2ce \u00e0 un simple bouton, et atteint une vitesse impressionnante de 30 000 tours par minute !Avec cette ponceuse \u00e9lectrique, vous contr\u00f4lez [&hellip;]<\/p>\n","protected":false},"featured_media":53527,"comment_status":"open","ping_status":"closed","template":"","meta":{"_acf_changed":false},"product_brand":[],"product_cat":[4945,4769,4785,6156,5058],"product_tag":[],"class_list":{"0":"post-53536","1":"product","2":"type-product","3":"status-publish","4":"has-post-thumbnail","6":"product_cat-amenagement-institut-webshop-fr","7":"product_cat-amenagement-appareils","8":"product_cat-appareils-fraisage-moteurs-pedicure","9":"product_cat-fraises-sans-aspiration","10":"product_cat-webshop-fr","12":"first","13":"instock","14":"taxable","15":"shipping-taxable","16":"product-type-simple"},"acf":[],"_links":{"self":[{"href":"https:\/\/sundar.be\/fr\/wp-json\/wp\/v2\/product\/53536","targetHints":{"allow":["GET"]}}],"collection":[{"href":"https:\/\/sundar.be\/fr\/wp-json\/wp\/v2\/product"}],"about":[{"href":"https:\/\/sundar.be\/fr\/wp-json\/wp\/v2\/types\/product"}],"replies":[{"embeddable":true,"href":"https:\/\/sundar.be\/fr\/wp-json\/wp\/v2\/comments?post=53536"}],"wp:featuredmedia":[{"embeddable":true,"href":"https:\/\/sundar.be\/fr\/wp-json\/wp\/v2\/media\/53527"}],"wp:attachment":[{"href":"https:\/\/sundar.be\/fr\/wp-json\/wp\/v2\/media?parent=53536"}],"wp:term":[{"taxonomy":"product_brand","embeddable":true,"href":"https:\/\/sundar.be\/fr\/wp-json\/wp\/v2\/product_brand?post=53536"},{"taxonomy":"product_cat","embeddable":true,"href":"https:\/\/sundar.be\/fr\/wp-json\/wp\/v2\/product_cat?post=53536"},{"taxonomy":"product_tag","embeddable":true,"href":"https:\/\/sundar.be\/fr\/wp-json\/wp\/v2\/product_tag?post=53536"}],"curies":[{"name":"wp","href":"https:\/\/api.w.org\/{rel}","templated":true}]}}