{"id":53519,"date":"2025-05-27T10:53:12","date_gmt":"2025-05-27T08:53:12","guid":{"rendered":"https:\/\/sundar.be\/product\/young-nails-tornado-bit\/"},"modified":"2025-12-01T13:33:23","modified_gmt":"2025-12-01T12:33:23","slug":"young-nails-tornado-bit","status":"publish","type":"product","link":"https:\/\/sundar.be\/fr\/produit\/young-nails-tornado-bit\/","title":{"rendered":"Young Nails Tornado Bit"},"content":{"rendered":"<p><span class=\"relative -mx-px my-[-0.2rem] rounded px-px py-[0.2rem] transition-colors duration-100 ease-in-out\">La <span style=\"color: #557e96;\"><strong data-start=\"3\" data-end=\"30\">Young Nails Tornado Bit<\/strong><\/span> est une fraise en carbure effil\u00e9e pour ponceuses \u00e0 ongles \u00e9lectriques (e-files).<br \/>Elle est principalement con\u00e7ue pour un retrait rapide et efficace des ongles artificiels tels que l\u2019acrylique et le gel. <\/span>. La fraise convient aussi bien aux droitiers qu\u2019aux gauchers.<\/p>\n","protected":false},"excerpt":{"rendered":"<p>La Young Nails Tornado Bit est une fraise puissante et fiable.<\/p>\n","protected":false},"featured_media":53511,"comment_status":"open","ping_status":"closed","template":"","meta":{"_acf_changed":false},"product_brand":[],"product_cat":[4945,1626,4059,3799,4765],"product_tag":[],"class_list":{"0":"post-53519","1":"product","2":"type-product","3":"status-publish","4":"has-post-thumbnail","6":"product_cat-amenagement-institut-webshop-fr","7":"product_cat-appareils-et-accessoires","8":"product_cat-units-fraises-accessoires","9":"product_cat-units-fraises-carbure","10":"product_cat-matriel-de-pratique","12":"first","13":"instock","14":"taxable","15":"shipping-taxable","16":"product-type-simple"},"acf":[],"_links":{"self":[{"href":"https:\/\/sundar.be\/fr\/wp-json\/wp\/v2\/product\/53519","targetHints":{"allow":["GET"]}}],"collection":[{"href":"https:\/\/sundar.be\/fr\/wp-json\/wp\/v2\/product"}],"about":[{"href":"https:\/\/sundar.be\/fr\/wp-json\/wp\/v2\/types\/product"}],"replies":[{"embeddable":true,"href":"https:\/\/sundar.be\/fr\/wp-json\/wp\/v2\/comments?post=53519"}],"wp:featuredmedia":[{"embeddable":true,"href":"https:\/\/sundar.be\/fr\/wp-json\/wp\/v2\/media\/53511"}],"wp:attachment":[{"href":"https:\/\/sundar.be\/fr\/wp-json\/wp\/v2\/media?parent=53519"}],"wp:term":[{"taxonomy":"product_brand","embeddable":true,"href":"https:\/\/sundar.be\/fr\/wp-json\/wp\/v2\/product_brand?post=53519"},{"taxonomy":"product_cat","embeddable":true,"href":"https:\/\/sundar.be\/fr\/wp-json\/wp\/v2\/product_cat?post=53519"},{"taxonomy":"product_tag","embeddable":true,"href":"https:\/\/sundar.be\/fr\/wp-json\/wp\/v2\/product_tag?post=53519"}],"curies":[{"name":"wp","href":"https:\/\/api.w.org\/{rel}","templated":true}]}}