{"id":53499,"date":"2025-05-27T10:46:15","date_gmt":"2025-05-27T08:46:15","guid":{"rendered":"https:\/\/sundar.be\/product\/young-nails-safety-bit-coarse\/"},"modified":"2025-12-01T13:35:28","modified_gmt":"2025-12-01T12:35:28","slug":"young-nails-safety-bit-coarse","status":"publish","type":"product","link":"https:\/\/sundar.be\/fr\/produit\/young-nails-safety-bit-coarse\/","title":{"rendered":"Young Nails Safety Bit Coarse"},"content":{"rendered":"<p><span style=\"color: #557e96;\"><strong data-start=\"15\" data-end=\"48\">Young Nails Safety Bit Coarse <\/strong><\/span>\u2014 une fraise robuste \u00e0 gros grain faisant partie de la gamme Safety Bit de Young Nails.<\/p>\n<ul>\n<li data-start=\"117\" data-end=\"197\">\n<p data-start=\"119\" data-end=\"197\"><span class=\"relative -mx-px my-[-0.2rem] rounded px-px py-[0.2rem] transition-colors duration-100 ease-in-out\">La <span style=\"color: #557e96;\"><strong data-start=\"3\" data-end=\"24\">Safety Bit Coarse <\/strong><\/span>est sp\u00e9cialement con\u00e7ue pour <span style=\"color: #557e96;\"><strong data-start=\"50\" data-end=\"91\" data-is-last-node=\"\">fraiser les finitions en acrylique et en gel<\/strong><\/span>.<\/span><\/p>\n<\/li>\n<li data-start=\"198\" data-end=\"278\">\n<p data-start=\"200\" data-end=\"278\">Elle poss\u00e8de un <span class=\"relative -mx-px my-[-0.2rem] rounded px-px py-[0.2rem] transition-colors duration-100 ease-in-out\"><span style=\"color: #557e96;\"><strong data-start=\"14\" data-end=\"27\">grain grossier<\/strong><\/span><\/span>, ce qui permet de retirer tr\u00e8s rapidement la mati\u00e8re \u2014 id\u00e9al pour les premi\u00e8res \u00e9tapes et les phases plus intensives du retrait d\u2019ongles artificiels.<\/p>\n<\/li>\n<li data-start=\"279\" data-end=\"359\">\n<p data-start=\"281\" data-end=\"359\">Cette version est <span style=\"color: #557e96;\"><strong data-start=\"28\" data-end=\"52\">destin\u00e9e aux droitiers<\/strong><\/span>, ce qui signifie que le sens de coupe est optimis\u00e9 pour les utilisateurs tenant la ponceuse dans la main droite.<\/p>\n<\/li>\n<\/ul>\n","protected":false},"excerpt":{"rendered":"<p>La <span style=\"color: #557e96;\"><strong data-start=\"1319\" data-end=\"1367\">Young Nails Safety Bit Coarse (right handed)<\/strong><\/span> est une fraise \u00e0 gros grain con\u00e7ue pour un retrait rapide et s\u00fbr de l\u2019acrylique et du gel. Gr\u00e2ce \u00e0 sa forme s\u00e9curis\u00e9e et \u00e0 sa texture grossi\u00e8re, c\u2019est un outil pr\u00e9cieux pour les proth\u00e9sistes ongulaires recherchant \u00e0 la fois efficacit\u00e9 et contr\u00f4le lors des proc\u00e9dures de retrait et de finition. <\/p>\n","protected":false},"featured_media":53495,"comment_status":"open","ping_status":"closed","template":"","meta":{"_acf_changed":false},"product_brand":[],"product_cat":[4945,1626,4059,3799,4765],"product_tag":[],"class_list":{"0":"post-53499","1":"product","2":"type-product","3":"status-publish","4":"has-post-thumbnail","6":"product_cat-amenagement-institut-webshop-fr","7":"product_cat-appareils-et-accessoires","8":"product_cat-units-fraises-accessoires","9":"product_cat-units-fraises-carbure","10":"product_cat-matriel-de-pratique","12":"first","13":"instock","14":"taxable","15":"shipping-taxable","16":"product-type-simple"},"acf":[],"_links":{"self":[{"href":"https:\/\/sundar.be\/fr\/wp-json\/wp\/v2\/product\/53499","targetHints":{"allow":["GET"]}}],"collection":[{"href":"https:\/\/sundar.be\/fr\/wp-json\/wp\/v2\/product"}],"about":[{"href":"https:\/\/sundar.be\/fr\/wp-json\/wp\/v2\/types\/product"}],"replies":[{"embeddable":true,"href":"https:\/\/sundar.be\/fr\/wp-json\/wp\/v2\/comments?post=53499"}],"wp:featuredmedia":[{"embeddable":true,"href":"https:\/\/sundar.be\/fr\/wp-json\/wp\/v2\/media\/53495"}],"wp:attachment":[{"href":"https:\/\/sundar.be\/fr\/wp-json\/wp\/v2\/media?parent=53499"}],"wp:term":[{"taxonomy":"product_brand","embeddable":true,"href":"https:\/\/sundar.be\/fr\/wp-json\/wp\/v2\/product_brand?post=53499"},{"taxonomy":"product_cat","embeddable":true,"href":"https:\/\/sundar.be\/fr\/wp-json\/wp\/v2\/product_cat?post=53499"},{"taxonomy":"product_tag","embeddable":true,"href":"https:\/\/sundar.be\/fr\/wp-json\/wp\/v2\/product_tag?post=53499"}],"curies":[{"name":"wp","href":"https:\/\/api.w.org\/{rel}","templated":true}]}}