{"id":53496,"date":"2025-05-27T10:43:35","date_gmt":"2025-05-27T08:43:35","guid":{"rendered":"https:\/\/sundar.be\/product\/young-nails-under-nail-cleaner\/"},"modified":"2025-12-01T13:36:58","modified_gmt":"2025-12-01T12:36:58","slug":"young-nails-under-nail-cleaner","status":"publish","type":"product","link":"https:\/\/sundar.be\/fr\/produit\/young-nails-under-nail-cleaner\/","title":{"rendered":"Young Nails Under Nail Cleaner"},"content":{"rendered":"<p>La <span style=\"color: #557e96;\"><strong data-start=\"1363\" data-end=\"1407\">Young Nails Under Nail Cleaner (carbure)<\/strong><\/span> est une fraise sp\u00e9cialis\u00e9e pour les professionnels, id\u00e9ale pour nettoyer avec pr\u00e9cision et en toute s\u00e9curit\u00e9 sous le bord libre de l\u2019ongle.<br \/>Sa forme en \u00ab balle \u00bb et son mat\u00e9riau en carbure robuste en font un outil efficace et durable dans votre kit d\u2019outils pour ongles. <\/p>\n<ul>\n<li data-start=\"134\" data-end=\"212\">\n<p data-start=\"136\" data-end=\"212\">Il s\u2019agit d\u2019une <span class=\"relative -mx-px my-[-0.2rem] rounded px-px py-[0.2rem] transition-colors duration-100 ease-in-out\"><span style=\"color: #557e96;\"><strong data-start=\"11\" data-end=\"61\">fraise en carbure de forme \u00ab balle \u00bb ou \u00ab petit c\u00f4ne \u00bb<\/strong><\/span><\/span>, sp\u00e9cialement con\u00e7ue pour fraiser efficacement la salet\u00e9 et les r\u00e9sidus de produit sous le bord libre (free edge).<\/p>\n<\/li>\n<li data-start=\"213\" data-end=\"324\">\n<p data-start=\"215\" data-end=\"324\">Sa forme compacte permet de travailler de mani\u00e8re tr\u00e8s cibl\u00e9e et d\u00e9licate dans cette zone difficilement accessible.<\/p>\n<\/li>\n<\/ul>\n","protected":false},"excerpt":{"rendered":"<p>La <span style=\"color: #557e96;\"><strong data-start=\"15\" data-end=\"59\">Young Nails Under Nail Cleaner (carbure)<\/strong><\/span> est donc une fraise pointue en forme de balle, fabriqu\u00e9e en carbure.<\/p>\n","protected":false},"featured_media":53488,"comment_status":"open","ping_status":"closed","template":"","meta":{"_acf_changed":false},"product_brand":[],"product_cat":[4945,1626,4059,3799,4765],"product_tag":[],"class_list":{"0":"post-53496","1":"product","2":"type-product","3":"status-publish","4":"has-post-thumbnail","6":"product_cat-amenagement-institut-webshop-fr","7":"product_cat-appareils-et-accessoires","8":"product_cat-units-fraises-accessoires","9":"product_cat-units-fraises-carbure","10":"product_cat-matriel-de-pratique","12":"first","13":"instock","14":"taxable","15":"shipping-taxable","16":"product-type-simple"},"acf":[],"_links":{"self":[{"href":"https:\/\/sundar.be\/fr\/wp-json\/wp\/v2\/product\/53496","targetHints":{"allow":["GET"]}}],"collection":[{"href":"https:\/\/sundar.be\/fr\/wp-json\/wp\/v2\/product"}],"about":[{"href":"https:\/\/sundar.be\/fr\/wp-json\/wp\/v2\/types\/product"}],"replies":[{"embeddable":true,"href":"https:\/\/sundar.be\/fr\/wp-json\/wp\/v2\/comments?post=53496"}],"wp:featuredmedia":[{"embeddable":true,"href":"https:\/\/sundar.be\/fr\/wp-json\/wp\/v2\/media\/53488"}],"wp:attachment":[{"href":"https:\/\/sundar.be\/fr\/wp-json\/wp\/v2\/media?parent=53496"}],"wp:term":[{"taxonomy":"product_brand","embeddable":true,"href":"https:\/\/sundar.be\/fr\/wp-json\/wp\/v2\/product_brand?post=53496"},{"taxonomy":"product_cat","embeddable":true,"href":"https:\/\/sundar.be\/fr\/wp-json\/wp\/v2\/product_cat?post=53496"},{"taxonomy":"product_tag","embeddable":true,"href":"https:\/\/sundar.be\/fr\/wp-json\/wp\/v2\/product_tag?post=53496"}],"curies":[{"name":"wp","href":"https:\/\/api.w.org\/{rel}","templated":true}]}}