{"id":53489,"date":"2025-05-27T10:41:58","date_gmt":"2025-05-27T08:41:58","guid":{"rendered":"https:\/\/sundar.be\/product\/young-nails-steel-sanding-mandrel\/"},"modified":"2025-05-27T10:44:18","modified_gmt":"2025-05-27T08:44:18","slug":"young-nails-steel-sanding-mandrel","status":"publish","type":"product","link":"https:\/\/sundar.be\/fr\/produit\/young-nails-steel-sanding-mandrel\/","title":{"rendered":"Young Nails Steel Sanding Mandrel"},"content":{"rendered":"<p>Fraise con\u00e7ue pour l\u2019utilisation de cylindres abrasifs.<br \/>Gr\u00e2ce \u00e0 sa fabrication en m\u00e9tal, le cylindre se fixe et se retire facilement, sans risque qu\u2019il glisse pendant le limage.<br \/>Fraise vendue sans cylindres abrasifs.  <\/p>\n","protected":false},"excerpt":{"rendered":"<p>Fraise con\u00e7ue pour l\u2019utilisation de cylindres abrasifs.Gr\u00e2ce \u00e0 sa fabrication en m\u00e9tal, le cylindre se fixe et se retire facilement, sans risque qu\u2019il glisse pendant le limage.Fraise vendue sans cylindres abrasifs.<\/p>\n","protected":false},"featured_media":53480,"comment_status":"open","ping_status":"closed","template":"","meta":{"_acf_changed":false},"product_brand":[],"product_cat":[4945,1626,4059,3799,4765],"product_tag":[],"class_list":{"0":"post-53489","1":"product","2":"type-product","3":"status-publish","4":"has-post-thumbnail","6":"product_cat-amenagement-institut-webshop-fr","7":"product_cat-appareils-et-accessoires","8":"product_cat-units-fraises-accessoires","9":"product_cat-units-fraises-carbure","10":"product_cat-matriel-de-pratique","11":"pa_vorm-fraise","12":"pa_vorm-grit-150-100-pieces","14":"first","15":"instock","16":"taxable","17":"shipping-taxable","18":"product-type-variable"},"acf":[],"_links":{"self":[{"href":"https:\/\/sundar.be\/fr\/wp-json\/wp\/v2\/product\/53489","targetHints":{"allow":["GET"]}}],"collection":[{"href":"https:\/\/sundar.be\/fr\/wp-json\/wp\/v2\/product"}],"about":[{"href":"https:\/\/sundar.be\/fr\/wp-json\/wp\/v2\/types\/product"}],"replies":[{"embeddable":true,"href":"https:\/\/sundar.be\/fr\/wp-json\/wp\/v2\/comments?post=53489"}],"wp:featuredmedia":[{"embeddable":true,"href":"https:\/\/sundar.be\/fr\/wp-json\/wp\/v2\/media\/53480"}],"wp:attachment":[{"href":"https:\/\/sundar.be\/fr\/wp-json\/wp\/v2\/media?parent=53489"}],"wp:term":[{"taxonomy":"product_brand","embeddable":true,"href":"https:\/\/sundar.be\/fr\/wp-json\/wp\/v2\/product_brand?post=53489"},{"taxonomy":"product_cat","embeddable":true,"href":"https:\/\/sundar.be\/fr\/wp-json\/wp\/v2\/product_cat?post=53489"},{"taxonomy":"product_tag","embeddable":true,"href":"https:\/\/sundar.be\/fr\/wp-json\/wp\/v2\/product_tag?post=53489"}],"curies":[{"name":"wp","href":"https:\/\/api.w.org\/{rel}","templated":true}]}}