{"id":53483,"date":"2025-05-27T10:36:42","date_gmt":"2025-05-27T08:36:42","guid":{"rendered":"https:\/\/sundar.be\/product\/young-nail-x-cut-gold-barrel\/"},"modified":"2025-05-27T10:41:29","modified_gmt":"2025-05-27T08:41:29","slug":"young-nail-x-cut-gold-barrel","status":"publish","type":"product","link":"https:\/\/sundar.be\/fr\/produit\/young-nail-x-cut-gold-barrel\/","title":{"rendered":"Young Nail X-Cut Gold Barrel"},"content":{"rendered":"<p>Fraise cross-cut qui permet de sculpter l&rsquo;acrylique en le d\u00e9coupant plut\u00f4t qu\u2019en le pon\u00e7ant.<br \/>Gr\u00e2ce \u00e0 ses lames crois\u00e9es, elle r\u00e9duit consid\u00e9rablement la formation de poussi\u00e8re pendant la retouche.<br \/>Le rev\u00eatement en zirconium diminue la production de chaleur, assurant un confort optimal lors du travail.  <\/p>\n<p>Disponible pour droitiers et gauchers.<\/p>\n","protected":false},"excerpt":{"rendered":"<p>Fraise cross-cut qui permet de sculpter l&rsquo;acrylique en le d\u00e9coupant plut\u00f4t qu\u2019en le pon\u00e7ant.Gr\u00e2ce \u00e0 ses lames crois\u00e9es, elle r\u00e9duit consid\u00e9rablement la formation de poussi\u00e8re pendant la retouche.Le rev\u00eatement en zirconium diminue la production de chaleur, assurant un confort optimal lors du travail. Disponible pour droitiers et gauchers.<\/p>\n","protected":false},"featured_media":53475,"comment_status":"open","ping_status":"closed","template":"","meta":{"_acf_changed":false},"product_brand":[],"product_cat":[4945,1626,4059,3799,4765],"product_tag":[],"class_list":{"0":"post-53483","1":"product","2":"type-product","3":"status-publish","4":"has-post-thumbnail","6":"product_cat-amenagement-institut-webshop-fr","7":"product_cat-appareils-et-accessoires","8":"product_cat-units-fraises-accessoires","9":"product_cat-units-fraises-carbure","10":"product_cat-matriel-de-pratique","11":"pa_vorm-droitier","12":"pa_vorm-gaucher","14":"first","15":"instock","16":"taxable","17":"shipping-taxable","18":"product-type-variable"},"acf":[],"_links":{"self":[{"href":"https:\/\/sundar.be\/fr\/wp-json\/wp\/v2\/product\/53483","targetHints":{"allow":["GET"]}}],"collection":[{"href":"https:\/\/sundar.be\/fr\/wp-json\/wp\/v2\/product"}],"about":[{"href":"https:\/\/sundar.be\/fr\/wp-json\/wp\/v2\/types\/product"}],"replies":[{"embeddable":true,"href":"https:\/\/sundar.be\/fr\/wp-json\/wp\/v2\/comments?post=53483"}],"wp:featuredmedia":[{"embeddable":true,"href":"https:\/\/sundar.be\/fr\/wp-json\/wp\/v2\/media\/53475"}],"wp:attachment":[{"href":"https:\/\/sundar.be\/fr\/wp-json\/wp\/v2\/media?parent=53483"}],"wp:term":[{"taxonomy":"product_brand","embeddable":true,"href":"https:\/\/sundar.be\/fr\/wp-json\/wp\/v2\/product_brand?post=53483"},{"taxonomy":"product_cat","embeddable":true,"href":"https:\/\/sundar.be\/fr\/wp-json\/wp\/v2\/product_cat?post=53483"},{"taxonomy":"product_tag","embeddable":true,"href":"https:\/\/sundar.be\/fr\/wp-json\/wp\/v2\/product_tag?post=53483"}],"curies":[{"name":"wp","href":"https:\/\/api.w.org\/{rel}","templated":true}]}}