{"id":53467,"date":"2025-05-27T10:31:20","date_gmt":"2025-05-27T08:31:20","guid":{"rendered":"https:\/\/sundar.be\/product\/young-nails-safety-bit\/"},"modified":"2025-12-01T13:37:19","modified_gmt":"2025-12-01T12:37:19","slug":"young-nails-safety-bit","status":"publish","type":"product","link":"https:\/\/sundar.be\/fr\/produit\/young-nails-safety-bit\/","title":{"rendered":"Young Nails Safety Bit"},"content":{"rendered":"<p>Cette fraise fine de Young Nails est sp\u00e9cialement con\u00e7ue pour retirer rapidement et en toute s\u00e9curit\u00e9 des produits comme Mani-Q, sans ab\u00eemer l\u2019ongle naturel.<br \/>Gr\u00e2ce \u00e0 sa t\u00eate douce et arrondie, elle pr\u00e9vient les blessures aux cuticules et \u00e0 la peau de vos clientes.<br \/>La fraise offre un travail rapide, s\u00e9curis\u00e9 et permet de travailler en toute confiance.   <\/p>\n<p>Disponible pour droitiers et gauchers.<\/p>\n","protected":false},"excerpt":{"rendered":"<p>Cette fraise fine de Young Nails est sp\u00e9cialement con\u00e7ue pour retirer rapidement et en toute s\u00e9curit\u00e9 des produits comme Mani-Q, sans ab\u00eemer l\u2019ongle naturel.Gr\u00e2ce \u00e0 sa t\u00eate douce et arrondie, elle pr\u00e9vient les blessures aux cuticules et \u00e0 la peau de vos clientes.La fraise offre un travail rapide, s\u00e9curis\u00e9 et permet de travailler en toute [&hellip;]<\/p>\n","protected":false},"featured_media":53463,"comment_status":"open","ping_status":"closed","template":"","meta":{"_acf_changed":false},"product_brand":[],"product_cat":[4945,1626,4059,3799,4765],"product_tag":[],"class_list":{"0":"post-53467","1":"product","2":"type-product","3":"status-publish","4":"has-post-thumbnail","6":"product_cat-amenagement-institut-webshop-fr","7":"product_cat-appareils-et-accessoires","8":"product_cat-units-fraises-accessoires","9":"product_cat-units-fraises-carbure","10":"product_cat-matriel-de-pratique","11":"pa_vorm-droitier","12":"pa_vorm-gaucher","14":"first","15":"instock","16":"taxable","17":"shipping-taxable","18":"product-type-variable"},"acf":[],"_links":{"self":[{"href":"https:\/\/sundar.be\/fr\/wp-json\/wp\/v2\/product\/53467","targetHints":{"allow":["GET"]}}],"collection":[{"href":"https:\/\/sundar.be\/fr\/wp-json\/wp\/v2\/product"}],"about":[{"href":"https:\/\/sundar.be\/fr\/wp-json\/wp\/v2\/types\/product"}],"replies":[{"embeddable":true,"href":"https:\/\/sundar.be\/fr\/wp-json\/wp\/v2\/comments?post=53467"}],"wp:featuredmedia":[{"embeddable":true,"href":"https:\/\/sundar.be\/fr\/wp-json\/wp\/v2\/media\/53463"}],"wp:attachment":[{"href":"https:\/\/sundar.be\/fr\/wp-json\/wp\/v2\/media?parent=53467"}],"wp:term":[{"taxonomy":"product_brand","embeddable":true,"href":"https:\/\/sundar.be\/fr\/wp-json\/wp\/v2\/product_brand?post=53467"},{"taxonomy":"product_cat","embeddable":true,"href":"https:\/\/sundar.be\/fr\/wp-json\/wp\/v2\/product_cat?post=53467"},{"taxonomy":"product_tag","embeddable":true,"href":"https:\/\/sundar.be\/fr\/wp-json\/wp\/v2\/product_tag?post=53467"}],"curies":[{"name":"wp","href":"https:\/\/api.w.org\/{rel}","templated":true}]}}