{"id":53457,"date":"2025-05-27T10:27:17","date_gmt":"2025-05-27T08:27:17","guid":{"rendered":"https:\/\/sundar.be\/product\/young-nails-freesbit-large-barrel-cross-cut\/"},"modified":"2025-12-01T13:38:30","modified_gmt":"2025-12-01T12:38:30","slug":"young-nails-freesbit-large-barrel-cross-cut","status":"publish","type":"product","link":"https:\/\/sundar.be\/fr\/produit\/young-nails-freesbit-large-barrel-cross-cut\/","title":{"rendered":"Young Nails Freesbit Large Barrel Cross Cut"},"content":{"rendered":"<p>La fraise <span style=\"color: #557e96;\"><strong data-start=\"3\" data-end=\"50\">Young Nails Large Barrel Cross Cut<\/strong><\/span> est une fraise professionnelle de grande forme tonneau, dot\u00e9e d\u2019une structure de <strong data-start=\"112\" data-end=\"125\">coupe en croix (cross-cut)<\/strong>.<br \/>Cette structure sp\u00e9ciale permet un limage plus efficace, car le mat\u00e9riau est retir\u00e9 en petits morceaux, ce qui limite le d\u00e9veloppement de chaleur et am\u00e9liore le contr\u00f4le. <\/p>\n<ul>\n<li data-start=\"365\" data-end=\"443\">\n<p data-start=\"367\" data-end=\"443\"><span style=\"color: #557e96;\"><strong data-start=\"367\" data-end=\"376\">Forme : <\/strong><\/span>grand tonneau (barrel) \u2013 id\u00e9al pour travailler sur de grandes surfaces.<\/p>\n<\/li>\n<li data-start=\"444\" data-end=\"586\">\n<p data-start=\"446\" data-end=\"586\"><span style=\"color: #557e96;\"><strong data-start=\"446\" data-end=\"462\">Motif de coupe : <\/strong><\/span><em data-start=\"463\" data-end=\"474\">cross-cut<\/em> \u2013 rainures dispos\u00e9es en croix permettant un retrait rapide de la mati\u00e8re tout en conservant un travail contr\u00f4l\u00e9.<\/p>\n<\/li>\n<li data-start=\"587\" data-end=\"644\">\n<p data-start=\"589\" data-end=\"644\"><span style=\"color: #557e96;\"><strong data-start=\"589\" data-end=\"603\">Mat\u00e9riau : <\/strong><\/span>g\u00e9n\u00e9ralement en carbure (r\u00e9sistant \u00e0 l\u2019usure, durable).<\/p>\n<\/li>\n<li data-start=\"645\" data-end=\"708\">\n<p data-start=\"647\" data-end=\"708\"><span style=\"color: #557e96;\"><strong data-start=\"647\" data-end=\"657\">Queue : <\/strong><\/span>3\/32\u201d (compatible avec la plupart des ponceuses professionnelles).<\/p>\n<\/li>\n<\/ul>\n","protected":false},"excerpt":{"rendered":"<p>La fraise Young Nails Large Barrel Cross Cut est une fraise professionnelle de grande forme tonneau, dot\u00e9e d\u2019une structure de coupe en croix (cross-cut).Cette structure sp\u00e9ciale permet un limage plus efficace, car le mat\u00e9riau est retir\u00e9 en petits morceaux, ce qui limite le d\u00e9veloppement de chaleur et am\u00e9liore le contr\u00f4le. Forme : grand tonneau (barrel) [&hellip;]<\/p>\n","protected":false},"featured_media":53455,"comment_status":"open","ping_status":"closed","template":"","meta":{"_acf_changed":false},"product_brand":[],"product_cat":[1626,4059,3461,4765],"product_tag":[],"class_list":{"0":"post-53457","1":"product","2":"type-product","3":"status-publish","4":"has-post-thumbnail","6":"product_cat-appareils-et-accessoires","7":"product_cat-units-fraises-accessoires","8":"product_cat-units-fraises-en-diamant","9":"product_cat-matriel-de-pratique","10":"pa_grit-coarse-fr","11":"pa_grit-medium-fr","13":"first","14":"instock","15":"taxable","16":"shipping-taxable","17":"product-type-variable"},"acf":[],"_links":{"self":[{"href":"https:\/\/sundar.be\/fr\/wp-json\/wp\/v2\/product\/53457","targetHints":{"allow":["GET"]}}],"collection":[{"href":"https:\/\/sundar.be\/fr\/wp-json\/wp\/v2\/product"}],"about":[{"href":"https:\/\/sundar.be\/fr\/wp-json\/wp\/v2\/types\/product"}],"replies":[{"embeddable":true,"href":"https:\/\/sundar.be\/fr\/wp-json\/wp\/v2\/comments?post=53457"}],"wp:featuredmedia":[{"embeddable":true,"href":"https:\/\/sundar.be\/fr\/wp-json\/wp\/v2\/media\/53455"}],"wp:attachment":[{"href":"https:\/\/sundar.be\/fr\/wp-json\/wp\/v2\/media?parent=53457"}],"wp:term":[{"taxonomy":"product_brand","embeddable":true,"href":"https:\/\/sundar.be\/fr\/wp-json\/wp\/v2\/product_brand?post=53457"},{"taxonomy":"product_cat","embeddable":true,"href":"https:\/\/sundar.be\/fr\/wp-json\/wp\/v2\/product_cat?post=53457"},{"taxonomy":"product_tag","embeddable":true,"href":"https:\/\/sundar.be\/fr\/wp-json\/wp\/v2\/product_tag?post=53457"}],"curies":[{"name":"wp","href":"https:\/\/api.w.org\/{rel}","templated":true}]}}