{"id":53442,"date":"2025-05-27T10:17:57","date_gmt":"2025-05-27T08:17:57","guid":{"rendered":"https:\/\/sundar.be\/product\/young-nails-lime-240-240\/"},"modified":"2025-05-27T10:19:48","modified_gmt":"2025-05-27T08:19:48","slug":"young-nails-lime-240-240","status":"publish","type":"product","link":"https:\/\/sundar.be\/fr\/produit\/young-nails-lime-240-240\/","title":{"rendered":"Young Nails Lime 240\/240"},"content":{"rendered":"<p>Lime combin\u00e9e \u00e9ponge 240\/240 : une lime d\u2019un c\u00f4t\u00e9, un buffer de l\u2019autre.<br \/>Lime de grain moyen-fin, con\u00e7ue pour durer de nombreux traitements.<br \/>Forme ergonomique avec un noyau rigide, limitant la flexion pour un meilleur contr\u00f4le.<br \/>Les limes sont adapt\u00e9es au nettoyage.   <\/p>\n","protected":false},"excerpt":{"rendered":"<p>Lime combin\u00e9e \u00e9ponge 240\/240 : une lime d\u2019un c\u00f4t\u00e9, un buffer de l\u2019autre.Lime de grain moyen-fin, con\u00e7ue pour durer de nombreux traitements.Forme ergonomique avec un noyau rigide, limitant la flexion pour un meilleur contr\u00f4le.Les limes sont adapt\u00e9es au nettoyage.<\/p>\n","protected":false},"featured_media":53436,"comment_status":"open","ping_status":"closed","template":"","meta":{"_acf_changed":false},"product_brand":[],"product_cat":[5629,5632,4761],"product_tag":[],"class_list":{"0":"post-53442","1":"product","2":"type-product","3":"status-publish","4":"has-post-thumbnail","6":"product_cat-manucure-limes","7":"product_cat-limes-droites","8":"product_cat-pose-ongles","10":"first","11":"instock","12":"taxable","13":"shipping-taxable","14":"product-type-simple"},"acf":[],"_links":{"self":[{"href":"https:\/\/sundar.be\/fr\/wp-json\/wp\/v2\/product\/53442","targetHints":{"allow":["GET"]}}],"collection":[{"href":"https:\/\/sundar.be\/fr\/wp-json\/wp\/v2\/product"}],"about":[{"href":"https:\/\/sundar.be\/fr\/wp-json\/wp\/v2\/types\/product"}],"replies":[{"embeddable":true,"href":"https:\/\/sundar.be\/fr\/wp-json\/wp\/v2\/comments?post=53442"}],"wp:featuredmedia":[{"embeddable":true,"href":"https:\/\/sundar.be\/fr\/wp-json\/wp\/v2\/media\/53436"}],"wp:attachment":[{"href":"https:\/\/sundar.be\/fr\/wp-json\/wp\/v2\/media?parent=53442"}],"wp:term":[{"taxonomy":"product_brand","embeddable":true,"href":"https:\/\/sundar.be\/fr\/wp-json\/wp\/v2\/product_brand?post=53442"},{"taxonomy":"product_cat","embeddable":true,"href":"https:\/\/sundar.be\/fr\/wp-json\/wp\/v2\/product_cat?post=53442"},{"taxonomy":"product_tag","embeddable":true,"href":"https:\/\/sundar.be\/fr\/wp-json\/wp\/v2\/product_tag?post=53442"}],"curies":[{"name":"wp","href":"https:\/\/api.w.org\/{rel}","templated":true}]}}