{"id":53437,"date":"2025-05-27T10:16:47","date_gmt":"2025-05-27T08:16:47","guid":{"rendered":"https:\/\/sundar.be\/product\/young-nails-lime-150-150\/"},"modified":"2025-05-27T10:18:17","modified_gmt":"2025-05-27T08:18:17","slug":"young-nails-lime-150-150","status":"publish","type":"product","link":"https:\/\/sundar.be\/fr\/produit\/young-nails-lime-150-150\/","title":{"rendered":"Young Nails Lime 150\/150"},"content":{"rendered":"<p>Lime \u00e0 ongles 150\/150 grit, con\u00e7ue pour r\u00e9sister \u00e0 de nombreux traitements.<br \/>Forme ergonomique avec un noyau rigide, ce qui limite la flexion de la lime pour un meilleur contr\u00f4le.<br \/>Les limes sont adapt\u00e9es au nettoyage.  <\/p>\n","protected":false},"excerpt":{"rendered":"<p>Lime \u00e0 ongles 150\/150 grit, con\u00e7ue pour r\u00e9sister \u00e0 de nombreux traitements.Forme ergonomique avec un noyau rigide, ce qui limite la flexion de la lime pour un meilleur contr\u00f4le.Les limes sont adapt\u00e9es au nettoyage.<\/p>\n","protected":false},"featured_media":53432,"comment_status":"open","ping_status":"closed","template":"","meta":{"_acf_changed":false},"product_brand":[],"product_cat":[5629,5632,4761],"product_tag":[],"class_list":{"0":"post-53437","1":"product","2":"type-product","3":"status-publish","4":"has-post-thumbnail","6":"product_cat-manucure-limes","7":"product_cat-limes-droites","8":"product_cat-pose-ongles","10":"first","11":"instock","12":"taxable","13":"shipping-taxable","14":"product-type-simple"},"acf":[],"_links":{"self":[{"href":"https:\/\/sundar.be\/fr\/wp-json\/wp\/v2\/product\/53437","targetHints":{"allow":["GET"]}}],"collection":[{"href":"https:\/\/sundar.be\/fr\/wp-json\/wp\/v2\/product"}],"about":[{"href":"https:\/\/sundar.be\/fr\/wp-json\/wp\/v2\/types\/product"}],"replies":[{"embeddable":true,"href":"https:\/\/sundar.be\/fr\/wp-json\/wp\/v2\/comments?post=53437"}],"wp:featuredmedia":[{"embeddable":true,"href":"https:\/\/sundar.be\/fr\/wp-json\/wp\/v2\/media\/53432"}],"wp:attachment":[{"href":"https:\/\/sundar.be\/fr\/wp-json\/wp\/v2\/media?parent=53437"}],"wp:term":[{"taxonomy":"product_brand","embeddable":true,"href":"https:\/\/sundar.be\/fr\/wp-json\/wp\/v2\/product_brand?post=53437"},{"taxonomy":"product_cat","embeddable":true,"href":"https:\/\/sundar.be\/fr\/wp-json\/wp\/v2\/product_cat?post=53437"},{"taxonomy":"product_tag","embeddable":true,"href":"https:\/\/sundar.be\/fr\/wp-json\/wp\/v2\/product_tag?post=53437"}],"curies":[{"name":"wp","href":"https:\/\/api.w.org\/{rel}","templated":true}]}}