{"id":53130,"date":"2025-05-27T08:49:48","date_gmt":"2025-05-27T06:50:22","guid":{"rendered":"https:\/\/sundar.be\/product\/young-nails-extreme-low-odor-nail-liquid-177ml\/"},"modified":"2025-05-27T08:50:22","modified_gmt":"2025-05-27T06:50:22","slug":"young-nails-extreme-low-odor-nail-liquid-177ml","status":"publish","type":"product","link":"https:\/\/sundar.be\/fr\/produit\/young-nails-extreme-low-odor-nail-liquid-177ml\/","title":{"rendered":"Young Nails Extreme Low Odor Nail Liquid, 177ml"},"content":{"rendered":"<p>Dites adieu aux mauvaises odeurs pendant vos soins des ongles ! Notre Liquide pour Ongles Extreme Low Odor est sp\u00e9cialement formul\u00e9 avec une technologie avanc\u00e9e qui r\u00e9duit au minimum les odeurs d\u00e9sagr\u00e9ables. Profitez d\u2019une exp\u00e9rience agr\u00e9able sans compromettre la qualit\u00e9.  <\/p>\n<p>\u00c0 utiliser uniquement avec les poudres acryliques Low Odor.<\/p>\n","protected":false},"excerpt":{"rendered":"<p>Dites adieu aux mauvaises odeurs pendant vos soins des ongles ! Notre Liquide pour Ongles Extreme Low Odor est sp\u00e9cialement formul\u00e9 avec une technologie avanc\u00e9e qui r\u00e9duit au minimum les odeurs d\u00e9sagr\u00e9ables. Profitez d\u2019une exp\u00e9rience agr\u00e9able sans compromettre la qualit\u00e9. \u00c0 utiliser uniquement avec les poudres acryliques Low Odor.<\/p>\n","protected":false},"featured_media":0,"comment_status":"open","ping_status":"closed","template":"","meta":{"_acf_changed":false},"product_brand":[],"product_cat":[4761,5802],"product_tag":[],"class_list":{"0":"post-53130","1":"product","2":"type-product","3":"status-publish","5":"product_cat-pose-ongles","6":"product_cat-stylisme-ongulaire-marque","8":"first","9":"instock","10":"taxable","11":"shipping-taxable","12":"product-type-simple"},"acf":[],"_links":{"self":[{"href":"https:\/\/sundar.be\/fr\/wp-json\/wp\/v2\/product\/53130","targetHints":{"allow":["GET"]}}],"collection":[{"href":"https:\/\/sundar.be\/fr\/wp-json\/wp\/v2\/product"}],"about":[{"href":"https:\/\/sundar.be\/fr\/wp-json\/wp\/v2\/types\/product"}],"replies":[{"embeddable":true,"href":"https:\/\/sundar.be\/fr\/wp-json\/wp\/v2\/comments?post=53130"}],"wp:attachment":[{"href":"https:\/\/sundar.be\/fr\/wp-json\/wp\/v2\/media?parent=53130"}],"wp:term":[{"taxonomy":"product_brand","embeddable":true,"href":"https:\/\/sundar.be\/fr\/wp-json\/wp\/v2\/product_brand?post=53130"},{"taxonomy":"product_cat","embeddable":true,"href":"https:\/\/sundar.be\/fr\/wp-json\/wp\/v2\/product_cat?post=53130"},{"taxonomy":"product_tag","embeddable":true,"href":"https:\/\/sundar.be\/fr\/wp-json\/wp\/v2\/product_tag?post=53130"}],"curies":[{"name":"wp","href":"https:\/\/api.w.org\/{rel}","templated":true}]}}